{"id":1858,"date":"2020-06-01T17:51:06","date_gmt":"2020-06-01T20:51:06","guid":{"rendered":"http:\/\/aguasyprocesos.7kb.net\/?page_id=1858"},"modified":"2020-12-21T09:48:44","modified_gmt":"2020-12-21T12:48:44","slug":"reuso-de-agua","status":"publish","type":"page","link":"https:\/\/www.aguasyprocesos.com.ar\/en\/proyectos\/reuso-de-agua\/","title":{"rendered":"Reuso de agua"},"content":{"rendered":"<div data-elementor-type=\"wp-page\" data-elementor-id=\"1858\" class=\"elementor elementor-1858\">\n\t\t\t\t\t\t<section class=\"elementor-section elementor-top-section elementor-element elementor-element-b3b6efb elementor-section-stretched elementor-section-content-middle elementor-section-boxed elementor-section-height-default elementor-section-height-default\" data-id=\"b3b6efb\" data-element_type=\"section\" data-e-type=\"section\" data-settings=\"{&quot;stretch_section&quot;:&quot;section-stretched&quot;,&quot;background_background&quot;:&quot;classic&quot;}\">\n\t\t\t\t\t\t\t<div class=\"elementor-background-overlay\"><\/div>\n\t\t\t\t\t\t\t<div class=\"elementor-container elementor-column-gap-extended\">\n\t\t\t\t\t<div class=\"elementor-column elementor-col-50 elementor-top-column elementor-element elementor-element-922acfc\" data-id=\"922acfc\" data-element_type=\"column\" data-e-type=\"column\">\n\t\t\t<div class=\"elementor-widget-wrap elementor-element-populated\">\n\t\t\t\t\t\t<div class=\"elementor-element elementor-element-393f321 elementor-widget__width-initial elementor-absolute elementor-widget elementor-widget-text-editor\" data-id=\"393f321\" data-element_type=\"widget\" data-e-type=\"widget\" data-settings=\"{&quot;_position&quot;:&quot;absolute&quot;}\" data-widget_type=\"text-editor.default\">\n\t\t\t\t<div class=\"elementor-widget-container\">\n\t\t\t\t\t\t\t\t\t<h2 style=\"text-align: left;\"><span style=\"color: #ffffff;\">WATER REUSE<\/span><\/h2>\t\t\t\t\t\t\t\t<\/div>\n\t\t\t\t<\/div>\n\t\t\t\t<div class=\"elementor-element elementor-element-3291ab0 elementor-widget elementor-widget-spacer\" data-id=\"3291ab0\" data-element_type=\"widget\" data-e-type=\"widget\" data-widget_type=\"spacer.default\">\n\t\t\t\t<div class=\"elementor-widget-container\">\n\t\t\t\t\t\t\t<div class=\"elementor-spacer\">\n\t\t\t<div class=\"elementor-spacer-inner\"><\/div>\n\t\t<\/div>\n\t\t\t\t\t\t<\/div>\n\t\t\t\t<\/div>\n\t\t\t\t<div class=\"elementor-element elementor-element-583cdaf elementor-absolute elementor-widget elementor-widget-cms_heading\" data-id=\"583cdaf\" data-element_type=\"widget\" data-e-type=\"widget\" data-settings=\"{&quot;_position&quot;:&quot;absolute&quot;}\" data-widget_type=\"cms_heading.default\">\n\t\t\t\t<div class=\"elementor-widget-container\">\n\t\t\t\t\t<div class=\"cms-heading-wrapper cms-heading-layout1\">\r\n    \r\n        \r\n            <div class=\"custom-heading-description\"><p>Acidic water recovery. Turnkey project. \n<\/p>\n<\/div>\r\n        \r\n    <\/div>\t\t\t\t<\/div>\n\t\t\t\t<\/div>\n\t\t\t\t\t<\/div>\n\t\t<\/div>\n\t\t\t\t<div class=\"elementor-column elementor-col-50 elementor-top-column elementor-element elementor-element-426d9e8\" data-id=\"426d9e8\" data-element_type=\"column\" data-e-type=\"column\">\n\t\t\t<div class=\"elementor-widget-wrap\">\n\t\t\t\t\t\t\t<\/div>\n\t\t<\/div>\n\t\t\t\t\t<\/div>\n\t\t<\/section>\n\t\t\t\t<section class=\"elementor-section elementor-top-section elementor-element elementor-element-9c582ce elementor-section-boxed elementor-section-height-default elementor-section-height-default\" data-id=\"9c582ce\" data-element_type=\"section\" data-e-type=\"section\">\n\t\t\t\t\t\t<div class=\"elementor-container elementor-column-gap-default\">\n\t\t\t\t\t<div class=\"elementor-column elementor-col-100 elementor-top-column elementor-element elementor-element-380a42b\" data-id=\"380a42b\" data-element_type=\"column\" data-e-type=\"column\">\n\t\t\t<div class=\"elementor-widget-wrap elementor-element-populated\">\n\t\t\t\t\t\t\t<\/div>\n\t\t<\/div>\n\t\t\t\t\t<\/div>\n\t\t<\/section>\n\t\t\t\t<section class=\"elementor-section elementor-top-section elementor-element elementor-element-c04b1b9 elementor-section-boxed elementor-section-height-default elementor-section-height-default\" data-id=\"c04b1b9\" data-element_type=\"section\" data-e-type=\"section\">\n\t\t\t\t\t\t<div class=\"elementor-container elementor-column-gap-default\">\n\t\t\t\t\t<div class=\"elementor-column elementor-col-100 elementor-top-column elementor-element elementor-element-3b4bc44\" data-id=\"3b4bc44\" data-element_type=\"column\" data-e-type=\"column\">\n\t\t\t<div class=\"elementor-widget-wrap elementor-element-populated\">\n\t\t\t\t\t\t<div class=\"elementor-element elementor-element-760c809 elementor-widget elementor-widget-spacer\" data-id=\"760c809\" data-element_type=\"widget\" data-e-type=\"widget\" data-widget_type=\"spacer.default\">\n\t\t\t\t<div class=\"elementor-widget-container\">\n\t\t\t\t\t\t\t<div class=\"elementor-spacer\">\n\t\t\t<div class=\"elementor-spacer-inner\"><\/div>\n\t\t<\/div>\n\t\t\t\t\t\t<\/div>\n\t\t\t\t<\/div>\n\t\t\t\t\t<\/div>\n\t\t<\/div>\n\t\t\t\t\t<\/div>\n\t\t<\/section>\n\t\t\t\t<section class=\"elementor-section elementor-top-section elementor-element elementor-element-e3f1afc elementor-section-boxed elementor-section-height-default elementor-section-height-default\" data-id=\"e3f1afc\" data-element_type=\"section\" data-e-type=\"section\">\n\t\t\t\t\t\t<div class=\"elementor-container elementor-column-gap-default\">\n\t\t\t\t\t<div class=\"elementor-column elementor-col-100 elementor-top-column elementor-element elementor-element-241d2c9\" data-id=\"241d2c9\" data-element_type=\"column\" data-e-type=\"column\">\n\t\t\t<div class=\"elementor-widget-wrap\">\n\t\t\t\t\t\t\t<\/div>\n\t\t<\/div>\n\t\t\t\t\t<\/div>\n\t\t<\/section>\n\t\t\t\t<section class=\"elementor-section elementor-top-section elementor-element elementor-element-fabccb8 elementor-section-boxed elementor-section-height-default elementor-section-height-default\" data-id=\"fabccb8\" data-element_type=\"section\" data-e-type=\"section\">\n\t\t\t\t\t\t<div class=\"elementor-container elementor-column-gap-default\">\n\t\t\t\t\t<div class=\"elementor-column elementor-col-50 elementor-top-column elementor-element elementor-element-f7fbbca\" data-id=\"f7fbbca\" data-element_type=\"column\" data-e-type=\"column\">\n\t\t\t<div class=\"elementor-widget-wrap elementor-element-populated\">\n\t\t\t\t\t\t<div class=\"elementor-element elementor-element-4a27aea elementor-widget elementor-widget-html\" data-id=\"4a27aea\" data-element_type=\"widget\" data-e-type=\"widget\" data-widget_type=\"html.default\">\n\t\t\t\t<div class=\"elementor-widget-container\">\n\t\t\t\t\t<div class=\"cms-project-detail\">\r\n                    <h3 class=\"wg-title\">Project details<\/h3>\r\n                <ul>\r\n                            <li class=\"\">\r\n                \t<label>Industry Type :<\/label>\r\n                    Miner\u00eda               <\/li>\r\n                            <li class=\"\">\r\n                \t<label>Building date :<\/label>\r\n                    2011               <\/li>\r\n                            <li class=\"\">\r\n                \t\r\n                \t<label>Location :<\/label>\r\n                    Per\u00fa               <\/li>\r\n                            <li class=\"\">\r\n                \t<label>Value :<\/label>\r\n                    -               <\/li>\r\n                    <\/ul>\r\n            <div class=\"portfolio-socail-share\">\r\n        <label class=\"label\">Share:<\/label>\r\n        <a class=\"fb-social hover-effect\" title=\"Facebook\" target=\"_blank\" href=\"https:\/\/www.facebook.com\/sharer.php?u=http%3A%2F%2Faguasyprocesos.7kb.net%2Fportfolio%2Fregulatory-compliance%2F&amp;t=Regulatory+Compliance\"><i class=\"fab fac-facebook-f\"><\/i><\/a>\r\n        <a class=\"tw-social hover-effect\" title=\"Twitter\" target=\"_blank\" href=\"https:\/\/twitter.com\/home?share=http:\/\/aguasyprocesos.7kb.net\/portfolio\/regulatory-compliance\/\"><i class=\"fab fac-twitter\"><\/i><\/a>\r\n       \r\n    <\/div>\r\n        <\/div>\t\t\t\t<\/div>\n\t\t\t\t<\/div>\n\t\t\t\t<div class=\"elementor-element elementor-element-4948ec0 elementor-widget elementor-widget-spacer\" data-id=\"4948ec0\" data-element_type=\"widget\" data-e-type=\"widget\" data-widget_type=\"spacer.default\">\n\t\t\t\t<div class=\"elementor-widget-container\">\n\t\t\t\t\t\t\t<div class=\"elementor-spacer\">\n\t\t\t<div class=\"elementor-spacer-inner\"><\/div>\n\t\t<\/div>\n\t\t\t\t\t\t<\/div>\n\t\t\t\t<\/div>\n\t\t\t\t<div class=\"elementor-element elementor-element-97caae3 elementor-widget elementor-widget-html\" data-id=\"97caae3\" data-element_type=\"widget\" data-e-type=\"widget\" data-widget_type=\"html.default\">\n\t\t\t\t<div class=\"elementor-widget-container\">\n\t\t\t\t\t<div class=\"elementor-element elementor-element-58c001e1 elementor-widget elementor-widget-cms_download\" data-id=\"58c001e1\" data-element_type=\"widget\" data-widget_type=\"cms_download.default\">\r\n\t\t\t\t<div class=\"elementor-widget-container\">\r\n\t\t\t    <div class=\"cms-download\">\r\n    \t    \t\t<h3 class=\"el-title\">Brochure<\/h3>\r\n    \t                    <div class=\"el-desc\">For more information download the full brochure.<\/div>\r\n                           \r\n                    <\/div>\r\n    <\/div>\r\n\t\t<\/div>\r\n\t\t\t\t\t\t<\/div>\n\t\t\t\t<\/div>\n\t\t\t\t\t<\/div>\n\t\t<\/div>\n\t\t\t\t<div class=\"elementor-column elementor-col-50 elementor-top-column elementor-element elementor-element-ba7d1f6\" data-id=\"ba7d1f6\" data-element_type=\"column\" data-e-type=\"column\">\n\t\t\t<div class=\"elementor-widget-wrap elementor-element-populated\">\n\t\t\t\t\t\t<div class=\"elementor-element elementor-element-26af92d elementor-widget elementor-widget-html\" data-id=\"26af92d\" data-element_type=\"widget\" data-e-type=\"widget\" data-widget_type=\"html.default\">\n\t\t\t\t<div class=\"elementor-widget-container\">\n\t\t\t\t\t<div class=\"elementor-column-wrap  elementor-element-populated\">\r\n\t\t\t\t\t<div class=\"elementor-widget-wrap\">\r\n\t\t\t\t<div class=\"elementor-element elementor-element-280d52fc elementor-widget elementor-widget-cms_heading\" data-id=\"280d52fc\" data-element_type=\"widget\" data-widget_type=\"cms_heading.default\">\r\n\t\t\t\t<div class=\"elementor-widget-container\">\r\n\t\t\t<div class=\"cms-heading-wrapper cms-heading-layout1\">\r\n    \r\n            <h3 class=\"custom-heading\">\r\n            <span>WATER REUSE<\/span>\r\n        <\/h3>\r\n        \r\n        \r\n    <\/div>\t\t<\/div>\r\n\t\t\t\t<\/div>\r\n\t\t\t\t<div class=\"elementor-element elementor-element-114a7571 elementor-widget elementor-widget-text-editor\" data-id=\"114a7571\" data-element_type=\"widget\" data-widget_type=\"text-editor.default\">\r\n\t\t\t\t<div class=\"elementor-widget-container\">\r\n\t\t\t\t\t<div class=\"elementor-text-editor elementor-clearfix\"><b>WITH MEMBRANE SEPARATION TECHNOLOGY<\/b>\r\n\t\t\t\t<br>\t\t\t\t\t\tWe developed and finalized a treatment plant for the production of drinking water under the concept of TURNKEY provision for the mining industry.\n\nThe modular treatment plant was conceived in 4 stages, achieving the required objectives and obtaining the best qualifications in the field. These were achieved thanks to the dedication of the highly trained personnel who supervised and conducted the work.\n\nThe team that remained in the field during the 10 months of installation and commissioning of the plant, was made up of: an Environmental Engineer, a Quality Engineer, a Safety Engineer, a Community Relations Specialist, two Engineers Water Plant Specialists and a staff of 50 qualified operators.\n\nThe work was carried out in a limited time, at 4100 mts. above sea level, with the highest safety, quality and environmental care requirements required by the mining industry.\n\nThe agreement with our client (one of the most important mining companies in the world) also contemplates the operation of the equipment for a period of 3 years.\n\nTherefore, for this activity we assigned an operation and maintenance team that will be responsible for delivering drinking water to the mining camp, which will have a population of 6,000 inhabitants.\n\nIn turn, the water plant, through an online management system designed by our Systems department, can be monitored from our Central Plant, which allows us to instantly detect any deviation, such as variations in the characteristics of the feeding water. <\/div>\r\n\t\t\t\t<\/div>\r\n\t\t\t\t<\/div>\r\n\t\t\t\r\n\t\t\t\t\r\n\t\t\t\t\r\n\t\t\t<ul class=\"cms-list style3\">\r\n                    <li class=\"\">\r\n\t\t\t\t<br>\r\n            \t<i class=\"zmdi zmdi-check-circle\"><\/i>Custom solutions.           <\/li><\/ul>\r\n            \t<div class=\"elementor-widget-container\">\r\n\t\t\t\t\t<div class=\"elementor-text-editor elementor-clearfix\">The design and choice of the appropriate treatment to apply are specific for each client, since it depends on several factors, such as: the water to be treated, the physical space, the required water quality, etc. <\/div>\r\n\t\t\t\t<\/div>\r\n\t\t\t\t\r\n\t\t\t\t\r\n\t\t\r\n\t\t\t\t<div class=\"elementor-widget-container\">\r\n\t\t\t    <ul class=\"cms-list style3\">\r\n                    <li class=\"\">\r\n                        <br>\r\n            \t<i class=\"zmdi zmdi-check-circle\"><\/i>Remote control.           <\/li><\/ul>\r\n            \t\r\n            \t\t<div class=\"elementor-widget-container\">\r\n\t\t\t\t\t<div class=\"elementor-text-editor elementor-clearfix\">The management software, designed by the Systems Department, allows to instantly provide information on the operating parameters of the plant and prevent possible failures that may occur. <\/div>\r\n\t\t\t\t<\/div>\r\n            \t\r\n            \t\r\n                    \r\n            <\/ul>\r\n\t\t<\/div>\r\n\t\t\t\t<\/div>\r\n\t\t\t\t\t\t<\/div>\r\n\t\t\t\t\t\t\r\n\t\t\t\t\t\t\t\t\t\t<\/div>\n\t\t\t\t<\/div>\n\t\t\t\t\t<\/div>\n\t\t<\/div>\n\t\t\t\t\t<\/div>\n\t\t<\/section>\n\t\t\t\t<section class=\"elementor-section elementor-top-section elementor-element elementor-element-d085ace elementor-section-boxed elementor-section-height-default elementor-section-height-default\" data-id=\"d085ace\" data-element_type=\"section\" data-e-type=\"section\">\n\t\t\t\t\t\t<div class=\"elementor-container elementor-column-gap-default\">\n\t\t\t\t\t<div class=\"elementor-column elementor-col-25 elementor-top-column elementor-element elementor-element-2892c01\" data-id=\"2892c01\" data-element_type=\"column\" data-e-type=\"column\">\n\t\t\t<div class=\"elementor-widget-wrap\">\n\t\t\t\t\t\t\t<\/div>\n\t\t<\/div>\n\t\t\t\t<div class=\"elementor-column elementor-col-25 elementor-top-column elementor-element elementor-element-b4916a9\" data-id=\"b4916a9\" data-element_type=\"column\" data-e-type=\"column\">\n\t\t\t<div class=\"elementor-widget-wrap elementor-element-populated\">\n\t\t\t\t\t\t<div class=\"elementor-element elementor-element-12368d5 elementor-widget elementor-widget-image\" data-id=\"12368d5\" data-element_type=\"widget\" data-e-type=\"widget\" data-widget_type=\"image.default\">\n\t\t\t\t<div class=\"elementor-widget-container\">\n\t\t\t\t\t\t\t\t\t\t\t\t\t\t\t\t<a href=\"http:\/\/www.aguasyprocesos.com.ar\/wp-content\/uploads\/2020\/08\/Imagen-para-pagina-de-proyecto-0.jpg\" data-elementor-open-lightbox=\"yes\" data-elementor-lightbox-title=\"Imagen-para-pagina-de-proyecto-0\" data-e-action-hash=\"#elementor-action%3Aaction%3Dlightbox%26settings%3DeyJpZCI6MjEwNSwidXJsIjoiaHR0cHM6XC9cL3d3dy5hZ3Vhc3lwcm9jZXNvcy5jb20uYXJcL3dwLWNvbnRlbnRcL3VwbG9hZHNcLzIwMjBcLzA4XC9JbWFnZW4tcGFyYS1wYWdpbmEtZGUtcHJveWVjdG8tMC5qcGcifQ%3D%3D\">\n\t\t\t\t\t\t\t<img fetchpriority=\"high\" decoding=\"async\" width=\"640\" height=\"480\" src=\"https:\/\/www.aguasyprocesos.com.ar\/wp-content\/uploads\/2020\/08\/Imagen-para-pagina-de-proyecto-0.jpg\" class=\"attachment-large size-large wp-image-2105\" alt=\"\" srcset=\"https:\/\/www.aguasyprocesos.com.ar\/wp-content\/uploads\/2020\/08\/Imagen-para-pagina-de-proyecto-0.jpg 1024w, https:\/\/www.aguasyprocesos.com.ar\/wp-content\/uploads\/2020\/08\/Imagen-para-pagina-de-proyecto-0-300x225.jpg 300w, https:\/\/www.aguasyprocesos.com.ar\/wp-content\/uploads\/2020\/08\/Imagen-para-pagina-de-proyecto-0-768x576.jpg 768w\" sizes=\"(max-width: 640px) 100vw, 640px\" \/>\t\t\t\t\t\t\t\t<\/a>\n\t\t\t\t\t\t\t\t\t\t\t\t\t\t\t<\/div>\n\t\t\t\t<\/div>\n\t\t\t\t\t<\/div>\n\t\t<\/div>\n\t\t\t\t<div class=\"elementor-column elementor-col-25 elementor-top-column elementor-element elementor-element-d2e54e9\" data-id=\"d2e54e9\" data-element_type=\"column\" data-e-type=\"column\">\n\t\t\t<div class=\"elementor-widget-wrap elementor-element-populated\">\n\t\t\t\t\t\t<div class=\"elementor-element elementor-element-dc4ed73 elementor-widget elementor-widget-image\" data-id=\"dc4ed73\" data-element_type=\"widget\" data-e-type=\"widget\" data-widget_type=\"image.default\">\n\t\t\t\t<div class=\"elementor-widget-container\">\n\t\t\t\t\t\t\t\t\t\t\t\t\t\t\t\t<a href=\"http:\/\/www.aguasyprocesos.com.ar\/wp-content\/uploads\/2020\/08\/Imagen-para-pagina-de-proyecto-1.jpg\" data-elementor-open-lightbox=\"yes\" data-elementor-lightbox-title=\"Imagen-para-pagina-de-proyecto-1\" data-e-action-hash=\"#elementor-action%3Aaction%3Dlightbox%26settings%3DeyJpZCI6MjEwNywidXJsIjoiaHR0cHM6XC9cL3d3dy5hZ3Vhc3lwcm9jZXNvcy5jb20uYXJcL3dwLWNvbnRlbnRcL3VwbG9hZHNcLzIwMjBcLzA4XC9JbWFnZW4tcGFyYS1wYWdpbmEtZGUtcHJveWVjdG8tMS5qcGcifQ%3D%3D\">\n\t\t\t\t\t\t\t<img decoding=\"async\" width=\"640\" height=\"480\" src=\"https:\/\/www.aguasyprocesos.com.ar\/wp-content\/uploads\/2020\/08\/Imagen-para-pagina-de-proyecto-1-1024x768.jpg\" class=\"attachment-large size-large wp-image-2107\" alt=\"\" srcset=\"https:\/\/www.aguasyprocesos.com.ar\/wp-content\/uploads\/2020\/08\/Imagen-para-pagina-de-proyecto-1-1024x768.jpg 1024w, https:\/\/www.aguasyprocesos.com.ar\/wp-content\/uploads\/2020\/08\/Imagen-para-pagina-de-proyecto-1-300x225.jpg 300w, https:\/\/www.aguasyprocesos.com.ar\/wp-content\/uploads\/2020\/08\/Imagen-para-pagina-de-proyecto-1-768x576.jpg 768w, https:\/\/www.aguasyprocesos.com.ar\/wp-content\/uploads\/2020\/08\/Imagen-para-pagina-de-proyecto-1-1536x1152.jpg 1536w, https:\/\/www.aguasyprocesos.com.ar\/wp-content\/uploads\/2020\/08\/Imagen-para-pagina-de-proyecto-1.jpg 2048w\" sizes=\"(max-width: 640px) 100vw, 640px\" \/>\t\t\t\t\t\t\t\t<\/a>\n\t\t\t\t\t\t\t\t\t\t\t\t\t\t\t<\/div>\n\t\t\t\t<\/div>\n\t\t\t\t\t<\/div>\n\t\t<\/div>\n\t\t\t\t<div class=\"elementor-column elementor-col-25 elementor-top-column elementor-element elementor-element-6a22ec1\" data-id=\"6a22ec1\" data-element_type=\"column\" data-e-type=\"column\">\n\t\t\t<div class=\"elementor-widget-wrap elementor-element-populated\">\n\t\t\t\t\t\t<div class=\"elementor-element elementor-element-9d5ba2d elementor-widget elementor-widget-image\" data-id=\"9d5ba2d\" data-element_type=\"widget\" data-e-type=\"widget\" data-widget_type=\"image.default\">\n\t\t\t\t<div class=\"elementor-widget-container\">\n\t\t\t\t\t\t\t\t\t\t\t\t\t\t\t\t<a href=\"http:\/\/www.aguasyprocesos.com.ar\/wp-content\/uploads\/2020\/08\/Imagen-para-pagina-de-proyecto-3-scaled-1.jpg\" data-elementor-open-lightbox=\"yes\" data-elementor-lightbox-title=\"Imagen-para-pagina-de-proyecto-3-scaled\" data-e-action-hash=\"#elementor-action%3Aaction%3Dlightbox%26settings%3DeyJpZCI6MjEwOSwidXJsIjoiaHR0cHM6XC9cL3d3dy5hZ3Vhc3lwcm9jZXNvcy5jb20uYXJcL3dwLWNvbnRlbnRcL3VwbG9hZHNcLzIwMjBcLzA4XC9JbWFnZW4tcGFyYS1wYWdpbmEtZGUtcHJveWVjdG8tMy1zY2FsZWQtMS5qcGcifQ%3D%3D\">\n\t\t\t\t\t\t\t<img decoding=\"async\" width=\"640\" height=\"469\" src=\"https:\/\/www.aguasyprocesos.com.ar\/wp-content\/uploads\/2020\/08\/Imagen-para-pagina-de-proyecto-3-scaled-1-1024x750.jpg\" class=\"attachment-large size-large wp-image-2109\" alt=\"\" srcset=\"https:\/\/www.aguasyprocesos.com.ar\/wp-content\/uploads\/2020\/08\/Imagen-para-pagina-de-proyecto-3-scaled-1-1024x750.jpg 1024w, https:\/\/www.aguasyprocesos.com.ar\/wp-content\/uploads\/2020\/08\/Imagen-para-pagina-de-proyecto-3-scaled-1-300x220.jpg 300w, https:\/\/www.aguasyprocesos.com.ar\/wp-content\/uploads\/2020\/08\/Imagen-para-pagina-de-proyecto-3-scaled-1-768x562.jpg 768w, https:\/\/www.aguasyprocesos.com.ar\/wp-content\/uploads\/2020\/08\/Imagen-para-pagina-de-proyecto-3-scaled-1-1536x1124.jpg 1536w, https:\/\/www.aguasyprocesos.com.ar\/wp-content\/uploads\/2020\/08\/Imagen-para-pagina-de-proyecto-3-scaled-1-2048x1499.jpg 2048w\" sizes=\"(max-width: 640px) 100vw, 640px\" \/>\t\t\t\t\t\t\t\t<\/a>\n\t\t\t\t\t\t\t\t\t\t\t\t\t\t\t<\/div>\n\t\t\t\t<\/div>\n\t\t\t\t\t<\/div>\n\t\t<\/div>\n\t\t\t\t\t<\/div>\n\t\t<\/section>\n\t\t\t\t<section class=\"elementor-section elementor-top-section elementor-element elementor-element-ef631df elementor-section-boxed elementor-section-height-default elementor-section-height-default\" data-id=\"ef631df\" data-element_type=\"section\" data-e-type=\"section\">\n\t\t\t\t\t\t<div class=\"elementor-container elementor-column-gap-default\">\n\t\t\t\t\t<div class=\"elementor-column elementor-col-50 elementor-top-column elementor-element elementor-element-9a93dc1\" data-id=\"9a93dc1\" data-element_type=\"column\" data-e-type=\"column\">\n\t\t\t<div class=\"elementor-widget-wrap\">\n\t\t\t\t\t\t\t<\/div>\n\t\t<\/div>\n\t\t\t\t<div class=\"elementor-column elementor-col-50 elementor-top-column elementor-element elementor-element-830b5f4\" data-id=\"830b5f4\" data-element_type=\"column\" data-e-type=\"column\">\n\t\t\t<div class=\"elementor-widget-wrap elementor-element-populated\">\n\t\t\t\t\t\t<div class=\"elementor-element elementor-element-e290a37 elementor-widget elementor-widget-image\" data-id=\"e290a37\" data-element_type=\"widget\" data-e-type=\"widget\" data-widget_type=\"image.default\">\n\t\t\t\t<div class=\"elementor-widget-container\">\n\t\t\t\t\t\t\t\t\t\t\t\t\t\t\t\t<a href=\"http:\/\/www.aguasyprocesos.com.ar\/wp-content\/uploads\/2020\/08\/Imagen-para-pagina-de-proyecto-2.jpg\" data-elementor-open-lightbox=\"yes\" data-elementor-lightbox-title=\"Imagen-para-pagina-de-proyecto-2\" data-e-action-hash=\"#elementor-action%3Aaction%3Dlightbox%26settings%3DeyJpZCI6MjExMCwidXJsIjoiaHR0cHM6XC9cL3d3dy5hZ3Vhc3lwcm9jZXNvcy5jb20uYXJcL3dwLWNvbnRlbnRcL3VwbG9hZHNcLzIwMjBcLzA4XC9JbWFnZW4tcGFyYS1wYWdpbmEtZGUtcHJveWVjdG8tMi5qcGcifQ%3D%3D\">\n\t\t\t\t\t\t\t<img loading=\"lazy\" decoding=\"async\" width=\"1438\" height=\"835\" src=\"https:\/\/www.aguasyprocesos.com.ar\/wp-content\/uploads\/2020\/08\/Imagen-para-pagina-de-proyecto-2.jpg\" class=\"attachment-full size-full wp-image-2110\" alt=\"\" srcset=\"https:\/\/www.aguasyprocesos.com.ar\/wp-content\/uploads\/2020\/08\/Imagen-para-pagina-de-proyecto-2.jpg 1438w, https:\/\/www.aguasyprocesos.com.ar\/wp-content\/uploads\/2020\/08\/Imagen-para-pagina-de-proyecto-2-300x174.jpg 300w, https:\/\/www.aguasyprocesos.com.ar\/wp-content\/uploads\/2020\/08\/Imagen-para-pagina-de-proyecto-2-1024x595.jpg 1024w, https:\/\/www.aguasyprocesos.com.ar\/wp-content\/uploads\/2020\/08\/Imagen-para-pagina-de-proyecto-2-768x446.jpg 768w\" sizes=\"(max-width: 1438px) 100vw, 1438px\" \/>\t\t\t\t\t\t\t\t<\/a>\n\t\t\t\t\t\t\t\t\t\t\t\t\t\t\t<\/div>\n\t\t\t\t<\/div>\n\t\t\t\t\t<\/div>\n\t\t<\/div>\n\t\t\t\t\t<\/div>\n\t\t<\/section>\n\t\t\t\t<\/div>","protected":false},"excerpt":{"rendered":"<p>REUSO DE AGUA Recuperaci\u00f3n de aguas \u00e1cidas. Proyecto llave en mano. Home Proyectos Reuso de agua Detalles del Proyecto Tipo Industria : Miner\u00eda Fecha de Construcci\u00f3n : 2011 Ubicaci\u00f3n : Per\u00fa Valor : &#8211; Compartir: Folleto Para m\u00e1s informaci\u00f3n descarg\u00e1 el folleto completo. REUSO DE AGUA CON TECNOLOG\u00cdA DE SEPARACI\u00d3N POR MEMBRANAS Desarrollamos y concretamos [&hellip;]<\/p>\n","protected":false},"author":1,"featured_media":0,"parent":1865,"menu_order":0,"comment_status":"closed","ping_status":"closed","template":"","meta":{"footnotes":""},"class_list":["post-1858","page","type-page","status-publish","hentry"],"_links":{"self":[{"href":"https:\/\/www.aguasyprocesos.com.ar\/en\/wp-json\/wp\/v2\/pages\/1858","targetHints":{"allow":["GET"]}}],"collection":[{"href":"https:\/\/www.aguasyprocesos.com.ar\/en\/wp-json\/wp\/v2\/pages"}],"about":[{"href":"https:\/\/www.aguasyprocesos.com.ar\/en\/wp-json\/wp\/v2\/types\/page"}],"author":[{"embeddable":true,"href":"https:\/\/www.aguasyprocesos.com.ar\/en\/wp-json\/wp\/v2\/users\/1"}],"replies":[{"embeddable":true,"href":"https:\/\/www.aguasyprocesos.com.ar\/en\/wp-json\/wp\/v2\/comments?post=1858"}],"version-history":[{"count":51,"href":"https:\/\/www.aguasyprocesos.com.ar\/en\/wp-json\/wp\/v2\/pages\/1858\/revisions"}],"predecessor-version":[{"id":3371,"href":"https:\/\/www.aguasyprocesos.com.ar\/en\/wp-json\/wp\/v2\/pages\/1858\/revisions\/3371"}],"up":[{"embeddable":true,"href":"https:\/\/www.aguasyprocesos.com.ar\/en\/wp-json\/wp\/v2\/pages\/1865"}],"wp:attachment":[{"href":"https:\/\/www.aguasyprocesos.com.ar\/en\/wp-json\/wp\/v2\/media?parent=1858"}],"curies":[{"name":"wp","href":"https:\/\/api.w.org\/{rel}","templated":true}]}}