{"id":2198,"date":"2020-10-08T14:04:48","date_gmt":"2020-10-08T17:04:48","guid":{"rendered":"http:\/\/newsite2020.aguasyprocesos.com.ar\/?page_id=2198"},"modified":"2026-03-31T18:16:13","modified_gmt":"2026-03-31T21:16:13","slug":"desalinizacion","status":"publish","type":"page","link":"https:\/\/www.aguasyprocesos.com.ar\/en\/mercados-y-aplicaciones\/desalinizacion\/","title":{"rendered":"Desalinizaci\u00f3n"},"content":{"rendered":"<div data-elementor-type=\"wp-page\" data-elementor-id=\"2198\" class=\"elementor elementor-2198\">\n\t\t\t\t\t\t<section class=\"elementor-section elementor-top-section elementor-element elementor-element-b3b6efb elementor-section-stretched elementor-section-content-middle elementor-section-boxed elementor-section-height-default elementor-section-height-default\" data-id=\"b3b6efb\" data-element_type=\"section\" data-e-type=\"section\" data-settings=\"{&quot;stretch_section&quot;:&quot;section-stretched&quot;,&quot;background_background&quot;:&quot;classic&quot;}\">\n\t\t\t\t\t\t\t<div class=\"elementor-background-overlay\"><\/div>\n\t\t\t\t\t\t\t<div class=\"elementor-container elementor-column-gap-extended\">\n\t\t\t\t\t<div class=\"elementor-column elementor-col-50 elementor-top-column elementor-element elementor-element-922acfc\" data-id=\"922acfc\" data-element_type=\"column\" data-e-type=\"column\">\n\t\t\t<div class=\"elementor-widget-wrap elementor-element-populated\">\n\t\t\t\t\t\t<div class=\"elementor-element elementor-element-393f321 elementor-widget__width-initial elementor-absolute elementor-widget elementor-widget-text-editor\" data-id=\"393f321\" data-element_type=\"widget\" data-e-type=\"widget\" data-settings=\"{&quot;_position&quot;:&quot;absolute&quot;}\" data-widget_type=\"text-editor.default\">\n\t\t\t\t<div class=\"elementor-widget-container\">\n\t\t\t\t\t\t\t\t\t<h2 style=\"text-align: left;\"><span style=\"color: #ffffff;\">DESALINATION<\/span><\/h5>\t\t\t\t\t\t\t\t<\/div>\n\t\t\t\t<\/div>\n\t\t\t\t<div class=\"elementor-element elementor-element-3291ab0 elementor-widget elementor-widget-spacer\" data-id=\"3291ab0\" data-element_type=\"widget\" data-e-type=\"widget\" data-widget_type=\"spacer.default\">\n\t\t\t\t<div class=\"elementor-widget-container\">\n\t\t\t\t\t\t\t<div class=\"elementor-spacer\">\n\t\t\t<div class=\"elementor-spacer-inner\"><\/div>\n\t\t<\/div>\n\t\t\t\t\t\t<\/div>\n\t\t\t\t<\/div>\n\t\t\t\t<div class=\"elementor-element elementor-element-583cdaf elementor-absolute elementor-widget elementor-widget-cms_heading\" data-id=\"583cdaf\" data-element_type=\"widget\" data-e-type=\"widget\" data-settings=\"{&quot;_position&quot;:&quot;absolute&quot;}\" data-widget_type=\"cms_heading.default\">\n\t\t\t\t<div class=\"elementor-widget-container\">\n\t\t\t\t\t<div class=\"cms-heading-wrapper cms-heading-layout1\">\r\n    \r\n        \r\n            <div class=\"custom-heading-description\"><p>We convert seawater into DRINKING water.\n<\/p>\n<\/div>\r\n        \r\n    <\/div>\t\t\t\t<\/div>\n\t\t\t\t<\/div>\n\t\t\t\t\t<\/div>\n\t\t<\/div>\n\t\t\t\t<div class=\"elementor-column elementor-col-50 elementor-top-column elementor-element elementor-element-426d9e8\" data-id=\"426d9e8\" data-element_type=\"column\" data-e-type=\"column\">\n\t\t\t<div class=\"elementor-widget-wrap\">\n\t\t\t\t\t\t\t<\/div>\n\t\t<\/div>\n\t\t\t\t\t<\/div>\n\t\t<\/section>\n\t\t\t\t<section class=\"elementor-section elementor-top-section elementor-element elementor-element-9c582ce elementor-section-boxed elementor-section-height-default elementor-section-height-default\" data-id=\"9c582ce\" data-element_type=\"section\" data-e-type=\"section\">\n\t\t\t\t\t\t<div class=\"elementor-container elementor-column-gap-default\">\n\t\t\t\t\t<div class=\"elementor-column elementor-col-100 elementor-top-column elementor-element elementor-element-380a42b\" data-id=\"380a42b\" data-element_type=\"column\" data-e-type=\"column\">\n\t\t\t<div class=\"elementor-widget-wrap elementor-element-populated\">\n\t\t\t\t\t\t\t<\/div>\n\t\t<\/div>\n\t\t\t\t\t<\/div>\n\t\t<\/section>\n\t\t\t\t<section class=\"elementor-section elementor-top-section elementor-element elementor-element-c04b1b9 elementor-section-boxed elementor-section-height-default elementor-section-height-default\" data-id=\"c04b1b9\" data-element_type=\"section\" data-e-type=\"section\">\n\t\t\t\t\t\t<div class=\"elementor-container elementor-column-gap-default\">\n\t\t\t\t\t<div class=\"elementor-column elementor-col-100 elementor-top-column elementor-element elementor-element-3b4bc44\" data-id=\"3b4bc44\" data-element_type=\"column\" data-e-type=\"column\">\n\t\t\t<div class=\"elementor-widget-wrap elementor-element-populated\">\n\t\t\t\t\t\t<div class=\"elementor-element elementor-element-760c809 elementor-widget elementor-widget-spacer\" data-id=\"760c809\" data-element_type=\"widget\" data-e-type=\"widget\" data-widget_type=\"spacer.default\">\n\t\t\t\t<div class=\"elementor-widget-container\">\n\t\t\t\t\t\t\t<div class=\"elementor-spacer\">\n\t\t\t<div class=\"elementor-spacer-inner\"><\/div>\n\t\t<\/div>\n\t\t\t\t\t\t<\/div>\n\t\t\t\t<\/div>\n\t\t\t\t\t<\/div>\n\t\t<\/div>\n\t\t\t\t\t<\/div>\n\t\t<\/section>\n\t\t\t\t<section class=\"elementor-section elementor-top-section elementor-element elementor-element-4cb8900 elementor-section-boxed elementor-section-height-default elementor-section-height-default\" data-id=\"4cb8900\" data-element_type=\"section\" data-e-type=\"section\">\n\t\t\t\t\t\t<div class=\"elementor-container elementor-column-gap-default\">\n\t\t\t\t\t<div class=\"elementor-column elementor-col-100 elementor-top-column elementor-element elementor-element-0469566\" data-id=\"0469566\" data-element_type=\"column\" data-e-type=\"column\">\n\t\t\t<div class=\"elementor-widget-wrap\">\n\t\t\t\t\t\t\t<\/div>\n\t\t<\/div>\n\t\t\t\t\t<\/div>\n\t\t<\/section>\n\t\t\t\t<section class=\"elementor-section elementor-top-section elementor-element elementor-element-230f11a elementor-section-boxed elementor-section-height-default elementor-section-height-default\" data-id=\"230f11a\" data-element_type=\"section\" data-e-type=\"section\">\n\t\t\t\t\t\t<div class=\"elementor-container elementor-column-gap-default\">\n\t\t\t\t\t<div class=\"elementor-column elementor-col-100 elementor-top-column elementor-element elementor-element-93bbf04\" data-id=\"93bbf04\" data-element_type=\"column\" data-e-type=\"column\">\n\t\t\t<div class=\"elementor-widget-wrap elementor-element-populated\">\n\t\t\t\t\t\t<div class=\"elementor-element elementor-element-86a1b7a elementor-widget elementor-widget-cms_heading\" data-id=\"86a1b7a\" data-element_type=\"widget\" data-e-type=\"widget\" data-widget_type=\"cms_heading.default\">\n\t\t\t\t<div class=\"elementor-widget-container\">\n\t\t\t\t\t<div class=\"cms-heading-wrapper cms-heading-layout1\">\r\n    \r\n        \r\n            <div class=\"custom-heading-description\"><p style=\"text-align: justify\">Water desalination systems are designed to work with water from beach wells as well as open maritime intake.\nIn Aguas &amp; Procesos, we have developed, together with strategic suppliers, Seawater Desalination systems with the lowest energy consumption and highest saline rejection, allowing us to obtain water of excellent quality, suitable for human consumption.\n<br><br>\n<span style=\"font-weight: 700\">We are Aguas &amp; Procesos, an Argentine company with more than 40 years of experience, dedicated to engineering in Water Treatment and Industrial Processes.<\/span> \n<\/p><\/div>\r\n        \r\n            <div class=\"heading-divider\">\r\n            <span class=\"heading-line1\"><\/span>\r\n            <span class=\"heading-line2\"><\/span>\r\n        <\/div>\r\n    <\/div>\t\t\t\t<\/div>\n\t\t\t\t<\/div>\n\t\t\t\t<div class=\"elementor-element elementor-element-135d077 gallery-spacing-custom elementor-widget elementor-widget-image-gallery\" data-id=\"135d077\" data-element_type=\"widget\" data-e-type=\"widget\" data-widget_type=\"image-gallery.default\">\n\t\t\t\t<div class=\"elementor-widget-container\">\n\t\t\t\t\t\t\t<div class=\"elementor-image-gallery\">\n\t\t\t<div id='gallery-1' class='gallery galleryid-2198 gallery-columns-4 gallery-size-1536x1536'><figure class='gallery-item'>\n\t\t\t<div class='gallery-icon landscape'>\n\t\t\t\t<a data-elementor-open-lightbox=\"yes\" data-elementor-lightbox-slideshow=\"135d077\" data-elementor-lightbox-title=\"Desalinizacion01\" data-e-action-hash=\"#elementor-action%3Aaction%3Dlightbox%26settings%3DeyJpZCI6MjI5NiwidXJsIjoiaHR0cHM6XC9cL3d3dy5hZ3Vhc3lwcm9jZXNvcy5jb20uYXJcL3dwLWNvbnRlbnRcL3VwbG9hZHNcLzIwMjBcLzEwXC9EZXNhbGluaXphY2lvbjAxLmpwZyIsInNsaWRlc2hvdyI6IjEzNWQwNzcifQ%3D%3D\" href='https:\/\/www.aguasyprocesos.com.ar\/wp-content\/uploads\/2020\/10\/Desalinizacion01.jpg'><img fetchpriority=\"high\" decoding=\"async\" width=\"1179\" height=\"768\" src=\"https:\/\/www.aguasyprocesos.com.ar\/wp-content\/uploads\/2020\/10\/Desalinizacion01.jpg\" class=\"attachment-1536x1536 size-1536x1536\" alt=\"\" srcset=\"https:\/\/www.aguasyprocesos.com.ar\/wp-content\/uploads\/2020\/10\/Desalinizacion01.jpg 1179w, https:\/\/www.aguasyprocesos.com.ar\/wp-content\/uploads\/2020\/10\/Desalinizacion01-300x195.jpg 300w, https:\/\/www.aguasyprocesos.com.ar\/wp-content\/uploads\/2020\/10\/Desalinizacion01-1024x667.jpg 1024w, https:\/\/www.aguasyprocesos.com.ar\/wp-content\/uploads\/2020\/10\/Desalinizacion01-768x500.jpg 768w\" sizes=\"(max-width: 1179px) 100vw, 1179px\" \/><\/a>\n\t\t\t<\/div><\/figure><figure class='gallery-item'>\n\t\t\t<div class='gallery-icon landscape'>\n\t\t\t\t<a data-elementor-open-lightbox=\"yes\" data-elementor-lightbox-slideshow=\"135d077\" data-elementor-lightbox-title=\"Desalinizacion02\" data-e-action-hash=\"#elementor-action%3Aaction%3Dlightbox%26settings%3DeyJpZCI6MjI5NywidXJsIjoiaHR0cHM6XC9cL3d3dy5hZ3Vhc3lwcm9jZXNvcy5jb20uYXJcL3dwLWNvbnRlbnRcL3VwbG9hZHNcLzIwMjBcLzEwXC9EZXNhbGluaXphY2lvbjAyLmpwZyIsInNsaWRlc2hvdyI6IjEzNWQwNzcifQ%3D%3D\" href='https:\/\/www.aguasyprocesos.com.ar\/wp-content\/uploads\/2020\/10\/Desalinizacion02.jpg'><img decoding=\"async\" width=\"1179\" height=\"768\" src=\"https:\/\/www.aguasyprocesos.com.ar\/wp-content\/uploads\/2020\/10\/Desalinizacion02.jpg\" class=\"attachment-1536x1536 size-1536x1536\" alt=\"\" srcset=\"https:\/\/www.aguasyprocesos.com.ar\/wp-content\/uploads\/2020\/10\/Desalinizacion02.jpg 1179w, https:\/\/www.aguasyprocesos.com.ar\/wp-content\/uploads\/2020\/10\/Desalinizacion02-300x195.jpg 300w, https:\/\/www.aguasyprocesos.com.ar\/wp-content\/uploads\/2020\/10\/Desalinizacion02-1024x667.jpg 1024w, https:\/\/www.aguasyprocesos.com.ar\/wp-content\/uploads\/2020\/10\/Desalinizacion02-768x500.jpg 768w\" sizes=\"(max-width: 1179px) 100vw, 1179px\" \/><\/a>\n\t\t\t<\/div><\/figure><figure class='gallery-item'>\n\t\t\t<div class='gallery-icon landscape'>\n\t\t\t\t<a data-elementor-open-lightbox=\"yes\" data-elementor-lightbox-slideshow=\"135d077\" data-elementor-lightbox-title=\"Desalinizacion03\" data-e-action-hash=\"#elementor-action%3Aaction%3Dlightbox%26settings%3DeyJpZCI6MjI5OCwidXJsIjoiaHR0cHM6XC9cL3d3dy5hZ3Vhc3lwcm9jZXNvcy5jb20uYXJcL3dwLWNvbnRlbnRcL3VwbG9hZHNcLzIwMjBcLzEwXC9EZXNhbGluaXphY2lvbjAzLmpwZyIsInNsaWRlc2hvdyI6IjEzNWQwNzcifQ%3D%3D\" href='https:\/\/www.aguasyprocesos.com.ar\/wp-content\/uploads\/2020\/10\/Desalinizacion03.jpg'><img decoding=\"async\" width=\"1488\" height=\"969\" src=\"https:\/\/www.aguasyprocesos.com.ar\/wp-content\/uploads\/2020\/10\/Desalinizacion03.jpg\" class=\"attachment-1536x1536 size-1536x1536\" alt=\"\" srcset=\"https:\/\/www.aguasyprocesos.com.ar\/wp-content\/uploads\/2020\/10\/Desalinizacion03.jpg 1488w, https:\/\/www.aguasyprocesos.com.ar\/wp-content\/uploads\/2020\/10\/Desalinizacion03-300x195.jpg 300w, https:\/\/www.aguasyprocesos.com.ar\/wp-content\/uploads\/2020\/10\/Desalinizacion03-1024x667.jpg 1024w, https:\/\/www.aguasyprocesos.com.ar\/wp-content\/uploads\/2020\/10\/Desalinizacion03-768x500.jpg 768w\" sizes=\"(max-width: 1488px) 100vw, 1488px\" \/><\/a>\n\t\t\t<\/div><\/figure><figure class='gallery-item'>\n\t\t\t<div class='gallery-icon landscape'>\n\t\t\t\t<a data-elementor-open-lightbox=\"yes\" data-elementor-lightbox-slideshow=\"135d077\" data-elementor-lightbox-title=\"Desalinizacion04\" data-e-action-hash=\"#elementor-action%3Aaction%3Dlightbox%26settings%3DeyJpZCI6MjI5OSwidXJsIjoiaHR0cHM6XC9cL3d3dy5hZ3Vhc3lwcm9jZXNvcy5jb20uYXJcL3dwLWNvbnRlbnRcL3VwbG9hZHNcLzIwMjBcLzEwXC9EZXNhbGluaXphY2lvbjA0LmpwZyIsInNsaWRlc2hvdyI6IjEzNWQwNzcifQ%3D%3D\" href='https:\/\/www.aguasyprocesos.com.ar\/wp-content\/uploads\/2020\/10\/Desalinizacion04.jpg'><img loading=\"lazy\" decoding=\"async\" width=\"1488\" height=\"969\" src=\"https:\/\/www.aguasyprocesos.com.ar\/wp-content\/uploads\/2020\/10\/Desalinizacion04.jpg\" class=\"attachment-1536x1536 size-1536x1536\" alt=\"\" srcset=\"https:\/\/www.aguasyprocesos.com.ar\/wp-content\/uploads\/2020\/10\/Desalinizacion04.jpg 1488w, https:\/\/www.aguasyprocesos.com.ar\/wp-content\/uploads\/2020\/10\/Desalinizacion04-300x195.jpg 300w, https:\/\/www.aguasyprocesos.com.ar\/wp-content\/uploads\/2020\/10\/Desalinizacion04-1024x667.jpg 1024w, https:\/\/www.aguasyprocesos.com.ar\/wp-content\/uploads\/2020\/10\/Desalinizacion04-768x500.jpg 768w\" sizes=\"(max-width: 1488px) 100vw, 1488px\" \/><\/a>\n\t\t\t<\/div><\/figure><figure class='gallery-item'>\n\t\t\t<div class='gallery-icon landscape'>\n\t\t\t\t<a data-elementor-open-lightbox=\"yes\" data-elementor-lightbox-slideshow=\"135d077\" data-elementor-lightbox-title=\"Desalinizacion05\" data-e-action-hash=\"#elementor-action%3Aaction%3Dlightbox%26settings%3DeyJpZCI6MjMyNiwidXJsIjoiaHR0cHM6XC9cL3d3dy5hZ3Vhc3lwcm9jZXNvcy5jb20uYXJcL3dwLWNvbnRlbnRcL3VwbG9hZHNcLzIwMjBcLzEwXC9EZXNhbGluaXphY2lvbjA1LTEuanBnIiwic2xpZGVzaG93IjoiMTM1ZDA3NyJ9\" href='https:\/\/www.aguasyprocesos.com.ar\/wp-content\/uploads\/2020\/10\/Desalinizacion05-1.jpg'><img loading=\"lazy\" decoding=\"async\" width=\"1536\" height=\"1021\" src=\"https:\/\/www.aguasyprocesos.com.ar\/wp-content\/uploads\/2020\/10\/Desalinizacion05-1-1536x1021.jpg\" class=\"attachment-1536x1536 size-1536x1536\" alt=\"\" srcset=\"https:\/\/www.aguasyprocesos.com.ar\/wp-content\/uploads\/2020\/10\/Desalinizacion05-1-1536x1021.jpg 1536w, https:\/\/www.aguasyprocesos.com.ar\/wp-content\/uploads\/2020\/10\/Desalinizacion05-1-300x199.jpg 300w, https:\/\/www.aguasyprocesos.com.ar\/wp-content\/uploads\/2020\/10\/Desalinizacion05-1-1024x681.jpg 1024w, https:\/\/www.aguasyprocesos.com.ar\/wp-content\/uploads\/2020\/10\/Desalinizacion05-1-768x511.jpg 768w, https:\/\/www.aguasyprocesos.com.ar\/wp-content\/uploads\/2020\/10\/Desalinizacion05-1.jpg 1772w\" sizes=\"(max-width: 1536px) 100vw, 1536px\" \/><\/a>\n\t\t\t<\/div><\/figure><figure class='gallery-item'>\n\t\t\t<div class='gallery-icon landscape'>\n\t\t\t\t<a data-elementor-open-lightbox=\"yes\" data-elementor-lightbox-slideshow=\"135d077\" data-elementor-lightbox-title=\"Desalinizacion06\" data-e-action-hash=\"#elementor-action%3Aaction%3Dlightbox%26settings%3DeyJpZCI6MjMyNywidXJsIjoiaHR0cHM6XC9cL3d3dy5hZ3Vhc3lwcm9jZXNvcy5jb20uYXJcL3dwLWNvbnRlbnRcL3VwbG9hZHNcLzIwMjBcLzEwXC9EZXNhbGluaXphY2lvbjA2LTEuanBnIiwic2xpZGVzaG93IjoiMTM1ZDA3NyJ9\" href='https:\/\/www.aguasyprocesos.com.ar\/wp-content\/uploads\/2020\/10\/Desalinizacion06-1.jpg'><img loading=\"lazy\" decoding=\"async\" width=\"1536\" height=\"1021\" src=\"https:\/\/www.aguasyprocesos.com.ar\/wp-content\/uploads\/2020\/10\/Desalinizacion06-1-1536x1021.jpg\" class=\"attachment-1536x1536 size-1536x1536\" alt=\"\" srcset=\"https:\/\/www.aguasyprocesos.com.ar\/wp-content\/uploads\/2020\/10\/Desalinizacion06-1-1536x1021.jpg 1536w, https:\/\/www.aguasyprocesos.com.ar\/wp-content\/uploads\/2020\/10\/Desalinizacion06-1-300x199.jpg 300w, https:\/\/www.aguasyprocesos.com.ar\/wp-content\/uploads\/2020\/10\/Desalinizacion06-1-1024x681.jpg 1024w, https:\/\/www.aguasyprocesos.com.ar\/wp-content\/uploads\/2020\/10\/Desalinizacion06-1-768x511.jpg 768w, https:\/\/www.aguasyprocesos.com.ar\/wp-content\/uploads\/2020\/10\/Desalinizacion06-1.jpg 1772w\" sizes=\"(max-width: 1536px) 100vw, 1536px\" \/><\/a>\n\t\t\t<\/div><\/figure><figure class='gallery-item'>\n\t\t\t<div class='gallery-icon landscape'>\n\t\t\t\t<a data-elementor-open-lightbox=\"yes\" data-elementor-lightbox-slideshow=\"135d077\" data-elementor-lightbox-title=\"Desalinizacion07\" data-e-action-hash=\"#elementor-action%3Aaction%3Dlightbox%26settings%3DeyJpZCI6MjMzNiwidXJsIjoiaHR0cHM6XC9cL3d3dy5hZ3Vhc3lwcm9jZXNvcy5jb20uYXJcL3dwLWNvbnRlbnRcL3VwbG9hZHNcLzIwMjBcLzEwXC9EZXNhbGluaXphY2lvbjA3LTEuanBnIiwic2xpZGVzaG93IjoiMTM1ZDA3NyJ9\" href='https:\/\/www.aguasyprocesos.com.ar\/wp-content\/uploads\/2020\/10\/Desalinizacion07-1.jpg'><img loading=\"lazy\" decoding=\"async\" width=\"1536\" height=\"1021\" src=\"https:\/\/www.aguasyprocesos.com.ar\/wp-content\/uploads\/2020\/10\/Desalinizacion07-1-1536x1021.jpg\" class=\"attachment-1536x1536 size-1536x1536\" alt=\"\" srcset=\"https:\/\/www.aguasyprocesos.com.ar\/wp-content\/uploads\/2020\/10\/Desalinizacion07-1-1536x1021.jpg 1536w, https:\/\/www.aguasyprocesos.com.ar\/wp-content\/uploads\/2020\/10\/Desalinizacion07-1-300x199.jpg 300w, https:\/\/www.aguasyprocesos.com.ar\/wp-content\/uploads\/2020\/10\/Desalinizacion07-1-1024x681.jpg 1024w, https:\/\/www.aguasyprocesos.com.ar\/wp-content\/uploads\/2020\/10\/Desalinizacion07-1-768x511.jpg 768w, https:\/\/www.aguasyprocesos.com.ar\/wp-content\/uploads\/2020\/10\/Desalinizacion07-1.jpg 1772w\" sizes=\"(max-width: 1536px) 100vw, 1536px\" \/><\/a>\n\t\t\t<\/div><\/figure><figure class='gallery-item'>\n\t\t\t<div class='gallery-icon landscape'>\n\t\t\t\t<a data-elementor-open-lightbox=\"yes\" data-elementor-lightbox-slideshow=\"135d077\" data-elementor-lightbox-title=\"Desalinizacion08\" data-e-action-hash=\"#elementor-action%3Aaction%3Dlightbox%26settings%3DeyJpZCI6MjMyNSwidXJsIjoiaHR0cHM6XC9cL3d3dy5hZ3Vhc3lwcm9jZXNvcy5jb20uYXJcL3dwLWNvbnRlbnRcL3VwbG9hZHNcLzIwMjBcLzEwXC9EZXNhbGluaXphY2lvbjA4LTEuanBnIiwic2xpZGVzaG93IjoiMTM1ZDA3NyJ9\" href='https:\/\/www.aguasyprocesos.com.ar\/wp-content\/uploads\/2020\/10\/Desalinizacion08-1.jpg'><img loading=\"lazy\" decoding=\"async\" width=\"1536\" height=\"1021\" src=\"https:\/\/www.aguasyprocesos.com.ar\/wp-content\/uploads\/2020\/10\/Desalinizacion08-1-1536x1021.jpg\" class=\"attachment-1536x1536 size-1536x1536\" alt=\"\" srcset=\"https:\/\/www.aguasyprocesos.com.ar\/wp-content\/uploads\/2020\/10\/Desalinizacion08-1-1536x1021.jpg 1536w, https:\/\/www.aguasyprocesos.com.ar\/wp-content\/uploads\/2020\/10\/Desalinizacion08-1-300x199.jpg 300w, https:\/\/www.aguasyprocesos.com.ar\/wp-content\/uploads\/2020\/10\/Desalinizacion08-1-1024x681.jpg 1024w, https:\/\/www.aguasyprocesos.com.ar\/wp-content\/uploads\/2020\/10\/Desalinizacion08-1-768x511.jpg 768w, https:\/\/www.aguasyprocesos.com.ar\/wp-content\/uploads\/2020\/10\/Desalinizacion08-1.jpg 1772w\" sizes=\"(max-width: 1536px) 100vw, 1536px\" \/><\/a>\n\t\t\t<\/div><\/figure>\n\t\t<\/div>\n\t\t<\/div>\n\t\t\t\t\t\t<\/div>\n\t\t\t\t<\/div>\n\t\t\t\t\t<\/div>\n\t\t<\/div>\n\t\t\t\t\t<\/div>\n\t\t<\/section>\n\t\t\t\t<\/div>","protected":false},"excerpt":{"rendered":"<p>DESALINIZACI\u00d3N Convertimos el agua de mar en agua POTABLE. Los sistemas de desalinizaci\u00f3n de agua, est\u00e1n dise\u00f1ados para trabajar con aguas provenientes de pozos playeros como as\u00ed tambi\u00e9n toma mar\u00edtima abierta. En Aguas &amp; Procesos, hemos desarrollado conjuntamente con proveedores estrat\u00e9gicos, los sistemas Desaladores de Agua de Mar con el menor consumo energ\u00e9tico y mayor [&hellip;]<\/p>\n","protected":false},"author":2,"featured_media":0,"parent":1874,"menu_order":0,"comment_status":"closed","ping_status":"closed","template":"","meta":{"footnotes":""},"class_list":["post-2198","page","type-page","status-publish","hentry"],"_links":{"self":[{"href":"https:\/\/www.aguasyprocesos.com.ar\/en\/wp-json\/wp\/v2\/pages\/2198","targetHints":{"allow":["GET"]}}],"collection":[{"href":"https:\/\/www.aguasyprocesos.com.ar\/en\/wp-json\/wp\/v2\/pages"}],"about":[{"href":"https:\/\/www.aguasyprocesos.com.ar\/en\/wp-json\/wp\/v2\/types\/page"}],"author":[{"embeddable":true,"href":"https:\/\/www.aguasyprocesos.com.ar\/en\/wp-json\/wp\/v2\/users\/2"}],"replies":[{"embeddable":true,"href":"https:\/\/www.aguasyprocesos.com.ar\/en\/wp-json\/wp\/v2\/comments?post=2198"}],"version-history":[{"count":38,"href":"https:\/\/www.aguasyprocesos.com.ar\/en\/wp-json\/wp\/v2\/pages\/2198\/revisions"}],"predecessor-version":[{"id":14367,"href":"https:\/\/www.aguasyprocesos.com.ar\/en\/wp-json\/wp\/v2\/pages\/2198\/revisions\/14367"}],"up":[{"embeddable":true,"href":"https:\/\/www.aguasyprocesos.com.ar\/en\/wp-json\/wp\/v2\/pages\/1874"}],"wp:attachment":[{"href":"https:\/\/www.aguasyprocesos.com.ar\/en\/wp-json\/wp\/v2\/media?parent=2198"}],"curies":[{"name":"wp","href":"https:\/\/api.w.org\/{rel}","templated":true}]}}