{"id":2241,"date":"2020-10-08T20:31:34","date_gmt":"2020-10-08T23:31:34","guid":{"rendered":"http:\/\/newsite2020.aguasyprocesos.com.ar\/?page_id=2241"},"modified":"2026-03-31T18:15:57","modified_gmt":"2026-03-31T21:15:57","slug":"procesos-industriales","status":"publish","type":"page","link":"https:\/\/www.aguasyprocesos.com.ar\/en\/mercados-y-aplicaciones\/procesos-industriales\/","title":{"rendered":"Procesos industriales"},"content":{"rendered":"<div data-elementor-type=\"wp-page\" data-elementor-id=\"2241\" class=\"elementor elementor-2241\">\n\t\t\t\t\t\t<section class=\"elementor-section elementor-top-section elementor-element elementor-element-b3b6efb elementor-section-stretched elementor-section-content-middle elementor-section-boxed elementor-section-height-default elementor-section-height-default\" data-id=\"b3b6efb\" data-element_type=\"section\" data-e-type=\"section\" data-settings=\"{&quot;stretch_section&quot;:&quot;section-stretched&quot;,&quot;background_background&quot;:&quot;classic&quot;}\">\n\t\t\t\t\t\t\t<div class=\"elementor-background-overlay\"><\/div>\n\t\t\t\t\t\t\t<div class=\"elementor-container elementor-column-gap-extended\">\n\t\t\t\t\t<div class=\"elementor-column elementor-col-50 elementor-top-column elementor-element elementor-element-922acfc\" data-id=\"922acfc\" data-element_type=\"column\" data-e-type=\"column\">\n\t\t\t<div class=\"elementor-widget-wrap elementor-element-populated\">\n\t\t\t\t\t\t<div class=\"elementor-element elementor-element-393f321 elementor-widget__width-initial elementor-absolute elementor-widget elementor-widget-text-editor\" data-id=\"393f321\" data-element_type=\"widget\" data-e-type=\"widget\" data-settings=\"{&quot;_position&quot;:&quot;absolute&quot;}\" data-widget_type=\"text-editor.default\">\n\t\t\t\t<div class=\"elementor-widget-container\">\n\t\t\t\t\t\t\t\t\t<h2 style=\"text-align: left;\"><span style=\"color: #ffffff;\"> INDUSTRIAL PROCESSES<line-height: 1,2><\/span><\/h2>\t\t\t\t\t\t\t\t<\/div>\n\t\t\t\t<\/div>\n\t\t\t\t<div class=\"elementor-element elementor-element-3291ab0 elementor-widget elementor-widget-spacer\" data-id=\"3291ab0\" data-element_type=\"widget\" data-e-type=\"widget\" data-widget_type=\"spacer.default\">\n\t\t\t\t<div class=\"elementor-widget-container\">\n\t\t\t\t\t\t\t<div class=\"elementor-spacer\">\n\t\t\t<div class=\"elementor-spacer-inner\"><\/div>\n\t\t<\/div>\n\t\t\t\t\t\t<\/div>\n\t\t\t\t<\/div>\n\t\t\t\t<div class=\"elementor-element elementor-element-583cdaf elementor-absolute elementor-widget elementor-widget-cms_heading\" data-id=\"583cdaf\" data-element_type=\"widget\" data-e-type=\"widget\" data-settings=\"{&quot;_position&quot;:&quot;absolute&quot;}\" data-widget_type=\"cms_heading.default\">\n\t\t\t\t<div class=\"elementor-widget-container\">\n\t\t\t\t\t<div class=\"cms-heading-wrapper cms-heading-layout1\">\r\n    \r\n        \r\n            <div class=\"custom-heading-description\"><p class=\"salto\">Participamos de los diferentes procesos industriales, aportando nuestro conocimiento en sistemas de separaci\u00f3n por membranas. \n<\/p>\n<\/div>\r\n        \r\n    <\/div>\t\t\t\t<\/div>\n\t\t\t\t<\/div>\n\t\t\t\t\t<\/div>\n\t\t<\/div>\n\t\t\t\t<div class=\"elementor-column elementor-col-50 elementor-top-column elementor-element elementor-element-426d9e8\" data-id=\"426d9e8\" data-element_type=\"column\" data-e-type=\"column\">\n\t\t\t<div class=\"elementor-widget-wrap\">\n\t\t\t\t\t\t\t<\/div>\n\t\t<\/div>\n\t\t\t\t\t<\/div>\n\t\t<\/section>\n\t\t\t\t<section class=\"elementor-section elementor-top-section elementor-element elementor-element-9c582ce elementor-section-boxed elementor-section-height-default elementor-section-height-default\" data-id=\"9c582ce\" data-element_type=\"section\" data-e-type=\"section\">\n\t\t\t\t\t\t<div class=\"elementor-container elementor-column-gap-default\">\n\t\t\t\t\t<div class=\"elementor-column elementor-col-100 elementor-top-column elementor-element elementor-element-380a42b\" data-id=\"380a42b\" data-element_type=\"column\" data-e-type=\"column\">\n\t\t\t<div class=\"elementor-widget-wrap elementor-element-populated\">\n\t\t\t\t\t\t\t<\/div>\n\t\t<\/div>\n\t\t\t\t\t<\/div>\n\t\t<\/section>\n\t\t\t\t<section class=\"elementor-section elementor-top-section elementor-element elementor-element-c04b1b9 elementor-section-boxed elementor-section-height-default elementor-section-height-default\" data-id=\"c04b1b9\" data-element_type=\"section\" data-e-type=\"section\">\n\t\t\t\t\t\t<div class=\"elementor-container elementor-column-gap-default\">\n\t\t\t\t\t<div class=\"elementor-column elementor-col-100 elementor-top-column elementor-element elementor-element-3b4bc44\" data-id=\"3b4bc44\" data-element_type=\"column\" data-e-type=\"column\">\n\t\t\t<div class=\"elementor-widget-wrap elementor-element-populated\">\n\t\t\t\t\t\t<div class=\"elementor-element elementor-element-760c809 elementor-widget elementor-widget-spacer\" data-id=\"760c809\" data-element_type=\"widget\" data-e-type=\"widget\" data-widget_type=\"spacer.default\">\n\t\t\t\t<div class=\"elementor-widget-container\">\n\t\t\t\t\t\t\t<div class=\"elementor-spacer\">\n\t\t\t<div class=\"elementor-spacer-inner\"><\/div>\n\t\t<\/div>\n\t\t\t\t\t\t<\/div>\n\t\t\t\t<\/div>\n\t\t\t\t\t<\/div>\n\t\t<\/div>\n\t\t\t\t\t<\/div>\n\t\t<\/section>\n\t\t\t\t<section class=\"elementor-section elementor-top-section elementor-element elementor-element-4cb8900 elementor-section-boxed elementor-section-height-default elementor-section-height-default\" data-id=\"4cb8900\" data-element_type=\"section\" data-e-type=\"section\">\n\t\t\t\t\t\t<div class=\"elementor-container elementor-column-gap-default\">\n\t\t\t\t\t<div class=\"elementor-column elementor-col-100 elementor-top-column elementor-element elementor-element-0469566\" data-id=\"0469566\" data-element_type=\"column\" data-e-type=\"column\">\n\t\t\t<div class=\"elementor-widget-wrap\">\n\t\t\t\t\t\t\t<\/div>\n\t\t<\/div>\n\t\t\t\t\t<\/div>\n\t\t<\/section>\n\t\t\t\t<section class=\"elementor-section elementor-top-section elementor-element elementor-element-230f11a elementor-section-boxed elementor-section-height-default elementor-section-height-default\" data-id=\"230f11a\" data-element_type=\"section\" data-e-type=\"section\">\n\t\t\t\t\t\t<div class=\"elementor-container elementor-column-gap-default\">\n\t\t\t\t\t<div class=\"elementor-column elementor-col-100 elementor-top-column elementor-element elementor-element-93bbf04\" data-id=\"93bbf04\" data-element_type=\"column\" data-e-type=\"column\">\n\t\t\t<div class=\"elementor-widget-wrap elementor-element-populated\">\n\t\t\t\t\t\t<div class=\"elementor-element elementor-element-86a1b7a elementor-widget elementor-widget-cms_heading\" data-id=\"86a1b7a\" data-element_type=\"widget\" data-e-type=\"widget\" data-widget_type=\"cms_heading.default\">\n\t\t\t\t<div class=\"elementor-widget-container\">\n\t\t\t\t\t<div class=\"cms-heading-wrapper cms-heading-layout1\">\r\n    \r\n        \r\n            <div class=\"custom-heading-description\"><p style=\"text-align: justify\">We have a highly trained team in different Industrial Processes, we collaborate with different research centers in the study and implementation of technologies based on the separation of membranes to optimize Industrial Processes. We design and build from Pilot to Industrial scale filtration systems by Microfiltration, Ultrafiltration, Nanofiltration and Reverse Osmosis membranes.<br>\n<br>\nSome of our applications are focused on the Dairy Industry, Jellies, Juices, Sugar, Refrigerators, Tea, Coffee, Wine, among others.<br>\n<br>\nWe work on the recovery of currents, as well as on the total, partial or specific concentration of any of its components.<br>\n<br>\nWe apply technologies for the recovery of CIP Solutions, Brines, White Waters and combine with our Applications of <a href=\"https:\/\/www.aguasyprocesos.com.ar\/en\/mercados-y-aplicaciones\/reuso\/\">REUSE<\/a>, para dar soluciones integrales y ambientalmente responsables.\n<br><br>\n<br><br>\n<b>We are Aguas &amp; Procesos, an Argentine company with more than 40 years of experience, dedicated to engineering in Water Treatment and Industrial Processes. <\/b>\n<\/p><\/div>\r\n        \r\n            <div class=\"heading-divider\">\r\n            <span class=\"heading-line1\"><\/span>\r\n            <span class=\"heading-line2\"><\/span>\r\n        <\/div>\r\n    <\/div>\t\t\t\t<\/div>\n\t\t\t\t<\/div>\n\t\t\t\t<section class=\"elementor-section elementor-inner-section elementor-element elementor-element-bbc8e96 elementor-hidden-desktop elementor-hidden-tablet elementor-hidden-phone elementor-section-boxed elementor-section-height-default elementor-section-height-default\" data-id=\"bbc8e96\" data-element_type=\"section\" data-e-type=\"section\">\n\t\t\t\t\t\t<div class=\"elementor-container elementor-column-gap-default\">\n\t\t\t\t\t<div class=\"elementor-column elementor-col-25 elementor-inner-column elementor-element elementor-element-04b7eeb\" data-id=\"04b7eeb\" data-element_type=\"column\" data-e-type=\"column\">\n\t\t\t<div class=\"elementor-widget-wrap elementor-element-populated\">\n\t\t\t\t\t\t<div class=\"elementor-element elementor-element-0cf52bb elementor-widget elementor-widget-cms_heading\" data-id=\"0cf52bb\" data-element_type=\"widget\" data-e-type=\"widget\" data-widget_type=\"cms_heading.default\">\n\t\t\t\t<div class=\"elementor-widget-container\">\n\t\t\t\t\t<div class=\"cms-heading-wrapper cms-heading-layout1\">\r\n    \r\n            <h5 class=\"custom-heading\">\r\n            <span >\u00d3SMOSIS INVERSA<\/span>\r\n        <\/h5>\r\n        \r\n            <div class=\"custom-heading-description\">Concentraci\u00f3n de Leche Entera o Descremada\n<br>\nSuero de Queso Dulce o Acido<br>\nSoluciones Proteicas de Leche o Suero<br>\nRecuperaci\u00f3n de Corrientes de Enjuagues<br>\nPulido de Condensados o Permeados de NF o RO\n<\/div>\r\n        \r\n            <div class=\"heading-divider\">\r\n            <span class=\"heading-line1\"><\/span>\r\n            <span class=\"heading-line2\"><\/span>\r\n        <\/div>\r\n    <\/div>\t\t\t\t<\/div>\n\t\t\t\t<\/div>\n\t\t\t\t\t<\/div>\n\t\t<\/div>\n\t\t\t\t<div class=\"elementor-column elementor-col-25 elementor-inner-column elementor-element elementor-element-d67dacd\" data-id=\"d67dacd\" data-element_type=\"column\" data-e-type=\"column\">\n\t\t\t<div class=\"elementor-widget-wrap elementor-element-populated\">\n\t\t\t\t\t\t<div class=\"elementor-element elementor-element-c297f41 elementor-widget elementor-widget-cms_heading\" data-id=\"c297f41\" data-element_type=\"widget\" data-e-type=\"widget\" data-widget_type=\"cms_heading.default\">\n\t\t\t\t<div class=\"elementor-widget-container\">\n\t\t\t\t\t<div class=\"cms-heading-wrapper cms-heading-layout1\">\r\n    \r\n            <h5 class=\"custom-heading\">\r\n            <span >ULTRAFILTRATION<\/span>\r\n        <\/h5>\r\n        \r\n            <div class=\"custom-heading-description\">Leche Entera o Descremada<br>\nSuero de Quesos : Produccion WPC 35-65-80 y WPI<br>\nSoluciones de Salmuera en Quesos\n<br>\n<br>\n<br>\n<br><\/div>\r\n        \r\n            <div class=\"heading-divider\">\r\n            <span class=\"heading-line1\"><\/span>\r\n            <span class=\"heading-line2\"><\/span>\r\n        <\/div>\r\n    <\/div>\t\t\t\t<\/div>\n\t\t\t\t<\/div>\n\t\t\t\t\t<\/div>\n\t\t<\/div>\n\t\t\t\t<div class=\"elementor-column elementor-col-25 elementor-inner-column elementor-element elementor-element-2625ede\" data-id=\"2625ede\" data-element_type=\"column\" data-e-type=\"column\">\n\t\t\t<div class=\"elementor-widget-wrap elementor-element-populated\">\n\t\t\t\t\t\t<div class=\"elementor-element elementor-element-69dd9e5 elementor-widget elementor-widget-cms_heading\" data-id=\"69dd9e5\" data-element_type=\"widget\" data-e-type=\"widget\" data-widget_type=\"cms_heading.default\">\n\t\t\t\t<div class=\"elementor-widget-container\">\n\t\t\t\t\t<div class=\"cms-heading-wrapper cms-heading-layout1\">\r\n    \r\n            <h5 class=\"custom-heading\">\r\n            <span >MICROFILTRACI\u00d3N<\/span>\r\n        <\/h5>\r\n        \r\n            <div class=\"custom-heading-description\">Leche Entera, para reducci\u00f3n bacteriana<br>\nSuero de Queso, para remoci\u00f3n de Grasas en Producci\u00f3n de WPI<br>\nRecuperaci\u00f3n de Solidos en corrientes de enjuagues<br>\nFraccionamiento de Prote\u00ednas, Separaci\u00f3n de Case\u00edna de la Prote\u00edna S\u00e9rica\n<\/div>\r\n        \r\n            <div class=\"heading-divider\">\r\n            <span class=\"heading-line1\"><\/span>\r\n            <span class=\"heading-line2\"><\/span>\r\n        <\/div>\r\n    <\/div>\t\t\t\t<\/div>\n\t\t\t\t<\/div>\n\t\t\t\t\t<\/div>\n\t\t<\/div>\n\t\t\t\t<div class=\"elementor-column elementor-col-25 elementor-inner-column elementor-element elementor-element-5fcb315\" data-id=\"5fcb315\" data-element_type=\"column\" data-e-type=\"column\">\n\t\t\t<div class=\"elementor-widget-wrap elementor-element-populated\">\n\t\t\t\t\t\t<div class=\"elementor-element elementor-element-ddfb4ee elementor-widget elementor-widget-cms_heading\" data-id=\"ddfb4ee\" data-element_type=\"widget\" data-e-type=\"widget\" data-widget_type=\"cms_heading.default\">\n\t\t\t\t<div class=\"elementor-widget-container\">\n\t\t\t\t\t<div class=\"cms-heading-wrapper cms-heading-layout1\">\r\n    \r\n            <h5 class=\"custom-heading\">\r\n            <span >NANOFILTRACI\u00d3N<\/span>\r\n        <\/h5>\r\n        \r\n            <div class=\"custom-heading-description\">Concentraci\u00f3n de Suero de Queso y Parcial desmineralizaci\u00f3n<br>\nConcentraci\u00f3n de Plasma Sangu\u00edneo\n<br>\n<br>\n<br>\n<br>\n<br><\/div>\r\n        \r\n            <div class=\"heading-divider\">\r\n            <span class=\"heading-line1\"><\/span>\r\n            <span class=\"heading-line2\"><\/span>\r\n        <\/div>\r\n    <\/div>\t\t\t\t<\/div>\n\t\t\t\t<\/div>\n\t\t\t\t\t<\/div>\n\t\t<\/div>\n\t\t\t\t\t<\/div>\n\t\t<\/section>\n\t\t\t\t<div class=\"elementor-element elementor-element-cd17fc0 elementor-hidden-desktop elementor-hidden-tablet elementor-hidden-phone elementor-widget elementor-widget-cms_heading\" data-id=\"cd17fc0\" data-element_type=\"widget\" data-e-type=\"widget\" data-widget_type=\"cms_heading.default\">\n\t\t\t\t<div class=\"elementor-widget-container\">\n\t\t\t\t\t<div class=\"cms-heading-wrapper cms-heading-layout1\">\r\n    \r\n        \r\n            <div class=\"custom-heading-description\"><p style=\"text-align: justify\">\n<br><br>\n<b>Somos Aguas y Procesos, empresa argentina con m\u00e1s de 40 a\u00f1os de experiencia, dedicada a la ingenier\u00eda en tratamiento de Aguas y Procesos Industriales. <\/b>\n<\/p><\/div>\r\n        \r\n            <div class=\"heading-divider\">\r\n            <span class=\"heading-line1\"><\/span>\r\n            <span class=\"heading-line2\"><\/span>\r\n        <\/div>\r\n    <\/div>\t\t\t\t<\/div>\n\t\t\t\t<\/div>\n\t\t\t\t<div class=\"elementor-element elementor-element-135d077 gallery-spacing-custom elementor-widget elementor-widget-image-gallery\" data-id=\"135d077\" data-element_type=\"widget\" data-e-type=\"widget\" data-widget_type=\"image-gallery.default\">\n\t\t\t\t<div class=\"elementor-widget-container\">\n\t\t\t\t\t\t\t<div class=\"elementor-image-gallery\">\n\t\t\t<div id='gallery-1' class='gallery galleryid-2241 gallery-columns-4 gallery-size-1536x1536'><figure class='gallery-item'>\n\t\t\t<div class='gallery-icon landscape'>\n\t\t\t\t<a data-elementor-open-lightbox=\"yes\" data-elementor-lightbox-slideshow=\"135d077\" data-elementor-lightbox-title=\"ProcesosIndustriales01\" data-e-action-hash=\"#elementor-action%3Aaction%3Dlightbox%26settings%3DeyJpZCI6MzEwNSwidXJsIjoiaHR0cHM6XC9cL3d3dy5hZ3Vhc3lwcm9jZXNvcy5jb20uYXJcL3dwLWNvbnRlbnRcL3VwbG9hZHNcLzIwMjBcLzEyXC9BUC1QUk9DLUlORC0xLmpwZyIsInNsaWRlc2hvdyI6IjEzNWQwNzcifQ%3D%3D\" href='https:\/\/www.aguasyprocesos.com.ar\/wp-content\/uploads\/2020\/12\/AP-PROC-IND-1.jpg'><img fetchpriority=\"high\" decoding=\"async\" width=\"1213\" height=\"782\" src=\"https:\/\/www.aguasyprocesos.com.ar\/wp-content\/uploads\/2020\/12\/AP-PROC-IND-1.jpg\" class=\"attachment-1536x1536 size-1536x1536\" alt=\"\" srcset=\"https:\/\/www.aguasyprocesos.com.ar\/wp-content\/uploads\/2020\/12\/AP-PROC-IND-1.jpg 1213w, https:\/\/www.aguasyprocesos.com.ar\/wp-content\/uploads\/2020\/12\/AP-PROC-IND-1-300x193.jpg 300w, https:\/\/www.aguasyprocesos.com.ar\/wp-content\/uploads\/2020\/12\/AP-PROC-IND-1-1024x660.jpg 1024w, https:\/\/www.aguasyprocesos.com.ar\/wp-content\/uploads\/2020\/12\/AP-PROC-IND-1-768x495.jpg 768w\" sizes=\"(max-width: 1213px) 100vw, 1213px\" \/><\/a>\n\t\t\t<\/div><\/figure><figure class='gallery-item'>\n\t\t\t<div class='gallery-icon landscape'>\n\t\t\t\t<a data-elementor-open-lightbox=\"yes\" data-elementor-lightbox-slideshow=\"135d077\" data-elementor-lightbox-title=\"ProcesosIndustriales02\" data-e-action-hash=\"#elementor-action%3Aaction%3Dlightbox%26settings%3DeyJpZCI6MzEyNSwidXJsIjoiaHR0cHM6XC9cL3d3dy5hZ3Vhc3lwcm9jZXNvcy5jb20uYXJcL3dwLWNvbnRlbnRcL3VwbG9hZHNcLzIwMjBcLzEyXC9BUC1QUk9DLUlORC0yLmpwZyIsInNsaWRlc2hvdyI6IjEzNWQwNzcifQ%3D%3D\" href='https:\/\/www.aguasyprocesos.com.ar\/wp-content\/uploads\/2020\/12\/AP-PROC-IND-2.jpg'><img decoding=\"async\" width=\"1213\" height=\"782\" src=\"https:\/\/www.aguasyprocesos.com.ar\/wp-content\/uploads\/2020\/12\/AP-PROC-IND-2.jpg\" class=\"attachment-1536x1536 size-1536x1536\" alt=\"\" srcset=\"https:\/\/www.aguasyprocesos.com.ar\/wp-content\/uploads\/2020\/12\/AP-PROC-IND-2.jpg 1213w, https:\/\/www.aguasyprocesos.com.ar\/wp-content\/uploads\/2020\/12\/AP-PROC-IND-2-300x193.jpg 300w, https:\/\/www.aguasyprocesos.com.ar\/wp-content\/uploads\/2020\/12\/AP-PROC-IND-2-1024x660.jpg 1024w, https:\/\/www.aguasyprocesos.com.ar\/wp-content\/uploads\/2020\/12\/AP-PROC-IND-2-768x495.jpg 768w\" sizes=\"(max-width: 1213px) 100vw, 1213px\" \/><\/a>\n\t\t\t<\/div><\/figure><figure class='gallery-item'>\n\t\t\t<div class='gallery-icon landscape'>\n\t\t\t\t<a data-elementor-open-lightbox=\"yes\" data-elementor-lightbox-slideshow=\"135d077\" data-elementor-lightbox-title=\"ProcesosIndustriales03\" data-e-action-hash=\"#elementor-action%3Aaction%3Dlightbox%26settings%3DeyJpZCI6MzEwNiwidXJsIjoiaHR0cHM6XC9cL3d3dy5hZ3Vhc3lwcm9jZXNvcy5jb20uYXJcL3dwLWNvbnRlbnRcL3VwbG9hZHNcLzIwMjBcLzEyXC9BUC1QUk9DLUlORC0zLmpwZyIsInNsaWRlc2hvdyI6IjEzNWQwNzcifQ%3D%3D\" href='https:\/\/www.aguasyprocesos.com.ar\/wp-content\/uploads\/2020\/12\/AP-PROC-IND-3.jpg'><img decoding=\"async\" width=\"1213\" height=\"782\" src=\"https:\/\/www.aguasyprocesos.com.ar\/wp-content\/uploads\/2020\/12\/AP-PROC-IND-3.jpg\" class=\"attachment-1536x1536 size-1536x1536\" alt=\"\" srcset=\"https:\/\/www.aguasyprocesos.com.ar\/wp-content\/uploads\/2020\/12\/AP-PROC-IND-3.jpg 1213w, https:\/\/www.aguasyprocesos.com.ar\/wp-content\/uploads\/2020\/12\/AP-PROC-IND-3-300x193.jpg 300w, https:\/\/www.aguasyprocesos.com.ar\/wp-content\/uploads\/2020\/12\/AP-PROC-IND-3-1024x660.jpg 1024w, https:\/\/www.aguasyprocesos.com.ar\/wp-content\/uploads\/2020\/12\/AP-PROC-IND-3-768x495.jpg 768w\" sizes=\"(max-width: 1213px) 100vw, 1213px\" \/><\/a>\n\t\t\t<\/div><\/figure><figure class='gallery-item'>\n\t\t\t<div class='gallery-icon landscape'>\n\t\t\t\t<a data-elementor-open-lightbox=\"yes\" data-elementor-lightbox-slideshow=\"135d077\" data-elementor-lightbox-title=\"ProcesosIndustriales04\" data-e-action-hash=\"#elementor-action%3Aaction%3Dlightbox%26settings%3DeyJpZCI6MzEwNywidXJsIjoiaHR0cHM6XC9cL3d3dy5hZ3Vhc3lwcm9jZXNvcy5jb20uYXJcL3dwLWNvbnRlbnRcL3VwbG9hZHNcLzIwMjBcLzEyXC9BUC1QUk9DLUlORC00LmpwZyIsInNsaWRlc2hvdyI6IjEzNWQwNzcifQ%3D%3D\" href='https:\/\/www.aguasyprocesos.com.ar\/wp-content\/uploads\/2020\/12\/AP-PROC-IND-4.jpg'><img loading=\"lazy\" decoding=\"async\" width=\"1213\" height=\"782\" src=\"https:\/\/www.aguasyprocesos.com.ar\/wp-content\/uploads\/2020\/12\/AP-PROC-IND-4.jpg\" class=\"attachment-1536x1536 size-1536x1536\" alt=\"\" srcset=\"https:\/\/www.aguasyprocesos.com.ar\/wp-content\/uploads\/2020\/12\/AP-PROC-IND-4.jpg 1213w, https:\/\/www.aguasyprocesos.com.ar\/wp-content\/uploads\/2020\/12\/AP-PROC-IND-4-300x193.jpg 300w, https:\/\/www.aguasyprocesos.com.ar\/wp-content\/uploads\/2020\/12\/AP-PROC-IND-4-1024x660.jpg 1024w, https:\/\/www.aguasyprocesos.com.ar\/wp-content\/uploads\/2020\/12\/AP-PROC-IND-4-768x495.jpg 768w\" sizes=\"(max-width: 1213px) 100vw, 1213px\" \/><\/a>\n\t\t\t<\/div><\/figure><figure class='gallery-item'>\n\t\t\t<div class='gallery-icon landscape'>\n\t\t\t\t<a data-elementor-open-lightbox=\"yes\" data-elementor-lightbox-slideshow=\"135d077\" data-elementor-lightbox-title=\"ProcesosIndustriales05\" data-e-action-hash=\"#elementor-action%3Aaction%3Dlightbox%26settings%3DeyJpZCI6MzEyNiwidXJsIjoiaHR0cHM6XC9cL3d3dy5hZ3Vhc3lwcm9jZXNvcy5jb20uYXJcL3dwLWNvbnRlbnRcL3VwbG9hZHNcLzIwMjBcLzEyXC9BUC1QUk9DLUlORC01LmpwZyIsInNsaWRlc2hvdyI6IjEzNWQwNzcifQ%3D%3D\" href='https:\/\/www.aguasyprocesos.com.ar\/wp-content\/uploads\/2020\/12\/AP-PROC-IND-5.jpg'><img loading=\"lazy\" decoding=\"async\" width=\"1213\" height=\"782\" src=\"https:\/\/www.aguasyprocesos.com.ar\/wp-content\/uploads\/2020\/12\/AP-PROC-IND-5.jpg\" class=\"attachment-1536x1536 size-1536x1536\" alt=\"\" srcset=\"https:\/\/www.aguasyprocesos.com.ar\/wp-content\/uploads\/2020\/12\/AP-PROC-IND-5.jpg 1213w, https:\/\/www.aguasyprocesos.com.ar\/wp-content\/uploads\/2020\/12\/AP-PROC-IND-5-300x193.jpg 300w, https:\/\/www.aguasyprocesos.com.ar\/wp-content\/uploads\/2020\/12\/AP-PROC-IND-5-1024x660.jpg 1024w, https:\/\/www.aguasyprocesos.com.ar\/wp-content\/uploads\/2020\/12\/AP-PROC-IND-5-768x495.jpg 768w\" sizes=\"(max-width: 1213px) 100vw, 1213px\" \/><\/a>\n\t\t\t<\/div><\/figure><figure class='gallery-item'>\n\t\t\t<div class='gallery-icon landscape'>\n\t\t\t\t<a data-elementor-open-lightbox=\"yes\" data-elementor-lightbox-slideshow=\"135d077\" data-elementor-lightbox-title=\"ProcesosIndustriales06\" data-e-action-hash=\"#elementor-action%3Aaction%3Dlightbox%26settings%3DeyJpZCI6MzEyNywidXJsIjoiaHR0cHM6XC9cL3d3dy5hZ3Vhc3lwcm9jZXNvcy5jb20uYXJcL3dwLWNvbnRlbnRcL3VwbG9hZHNcLzIwMjBcLzEyXC9BUC1QUk9DLUlORC02LmpwZyIsInNsaWRlc2hvdyI6IjEzNWQwNzcifQ%3D%3D\" href='https:\/\/www.aguasyprocesos.com.ar\/wp-content\/uploads\/2020\/12\/AP-PROC-IND-6.jpg'><img loading=\"lazy\" decoding=\"async\" width=\"1213\" height=\"782\" src=\"https:\/\/www.aguasyprocesos.com.ar\/wp-content\/uploads\/2020\/12\/AP-PROC-IND-6.jpg\" class=\"attachment-1536x1536 size-1536x1536\" alt=\"\" srcset=\"https:\/\/www.aguasyprocesos.com.ar\/wp-content\/uploads\/2020\/12\/AP-PROC-IND-6.jpg 1213w, https:\/\/www.aguasyprocesos.com.ar\/wp-content\/uploads\/2020\/12\/AP-PROC-IND-6-300x193.jpg 300w, https:\/\/www.aguasyprocesos.com.ar\/wp-content\/uploads\/2020\/12\/AP-PROC-IND-6-1024x660.jpg 1024w, https:\/\/www.aguasyprocesos.com.ar\/wp-content\/uploads\/2020\/12\/AP-PROC-IND-6-768x495.jpg 768w\" sizes=\"(max-width: 1213px) 100vw, 1213px\" \/><\/a>\n\t\t\t<\/div><\/figure><figure class='gallery-item'>\n\t\t\t<div class='gallery-icon landscape'>\n\t\t\t\t<a data-elementor-open-lightbox=\"yes\" data-elementor-lightbox-slideshow=\"135d077\" data-elementor-lightbox-title=\"ProcesosIndustriales07\" data-e-action-hash=\"#elementor-action%3Aaction%3Dlightbox%26settings%3DeyJpZCI6MzEyOCwidXJsIjoiaHR0cHM6XC9cL3d3dy5hZ3Vhc3lwcm9jZXNvcy5jb20uYXJcL3dwLWNvbnRlbnRcL3VwbG9hZHNcLzIwMjBcLzEyXC9BUC1QUk9DLUlORC03LmpwZyIsInNsaWRlc2hvdyI6IjEzNWQwNzcifQ%3D%3D\" href='https:\/\/www.aguasyprocesos.com.ar\/wp-content\/uploads\/2020\/12\/AP-PROC-IND-7.jpg'><img loading=\"lazy\" decoding=\"async\" width=\"1213\" height=\"782\" src=\"https:\/\/www.aguasyprocesos.com.ar\/wp-content\/uploads\/2020\/12\/AP-PROC-IND-7.jpg\" class=\"attachment-1536x1536 size-1536x1536\" alt=\"\" srcset=\"https:\/\/www.aguasyprocesos.com.ar\/wp-content\/uploads\/2020\/12\/AP-PROC-IND-7.jpg 1213w, https:\/\/www.aguasyprocesos.com.ar\/wp-content\/uploads\/2020\/12\/AP-PROC-IND-7-300x193.jpg 300w, https:\/\/www.aguasyprocesos.com.ar\/wp-content\/uploads\/2020\/12\/AP-PROC-IND-7-1024x660.jpg 1024w, https:\/\/www.aguasyprocesos.com.ar\/wp-content\/uploads\/2020\/12\/AP-PROC-IND-7-768x495.jpg 768w\" sizes=\"(max-width: 1213px) 100vw, 1213px\" \/><\/a>\n\t\t\t<\/div><\/figure><figure class='gallery-item'>\n\t\t\t<div class='gallery-icon landscape'>\n\t\t\t\t<a data-elementor-open-lightbox=\"yes\" data-elementor-lightbox-slideshow=\"135d077\" data-elementor-lightbox-title=\"ProcesosIndustriales08\" data-e-action-hash=\"#elementor-action%3Aaction%3Dlightbox%26settings%3DeyJpZCI6MzEyOSwidXJsIjoiaHR0cHM6XC9cL3d3dy5hZ3Vhc3lwcm9jZXNvcy5jb20uYXJcL3dwLWNvbnRlbnRcL3VwbG9hZHNcLzIwMjBcLzEyXC9BUC1QUk9DLUlORC04LmpwZyIsInNsaWRlc2hvdyI6IjEzNWQwNzcifQ%3D%3D\" href='https:\/\/www.aguasyprocesos.com.ar\/wp-content\/uploads\/2020\/12\/AP-PROC-IND-8.jpg'><img loading=\"lazy\" decoding=\"async\" width=\"1213\" height=\"782\" src=\"https:\/\/www.aguasyprocesos.com.ar\/wp-content\/uploads\/2020\/12\/AP-PROC-IND-8.jpg\" class=\"attachment-1536x1536 size-1536x1536\" alt=\"\" srcset=\"https:\/\/www.aguasyprocesos.com.ar\/wp-content\/uploads\/2020\/12\/AP-PROC-IND-8.jpg 1213w, https:\/\/www.aguasyprocesos.com.ar\/wp-content\/uploads\/2020\/12\/AP-PROC-IND-8-300x193.jpg 300w, https:\/\/www.aguasyprocesos.com.ar\/wp-content\/uploads\/2020\/12\/AP-PROC-IND-8-1024x660.jpg 1024w, https:\/\/www.aguasyprocesos.com.ar\/wp-content\/uploads\/2020\/12\/AP-PROC-IND-8-768x495.jpg 768w\" sizes=\"(max-width: 1213px) 100vw, 1213px\" \/><\/a>\n\t\t\t<\/div><\/figure>\n\t\t<\/div>\n\t\t<\/div>\n\t\t\t\t\t\t<\/div>\n\t\t\t\t<\/div>\n\t\t\t\t\t<\/div>\n\t\t<\/div>\n\t\t\t\t\t<\/div>\n\t\t<\/section>\n\t\t\t\t<\/div>","protected":false},"excerpt":{"rendered":"<p>PROCESOS INDUSTRIALES Participamos de los diferentes procesos industriales, aportando nuestro conocimiento en sistemas de separaci\u00f3n por membranas. Poseemos un equipo altamente capacitado en diferentes Procesos Industriales, colaboramos con diferentes centros de investigaci\u00f3n en el estudio e implementaci\u00f3n de tecnolog\u00edas basadas en la separaci\u00f3n de membranas para optimizar los Procesos Industriales. Dise\u00f1amos y Construimos desde escala [&hellip;]<\/p>\n","protected":false},"author":2,"featured_media":0,"parent":1874,"menu_order":0,"comment_status":"closed","ping_status":"closed","template":"","meta":{"footnotes":""},"class_list":["post-2241","page","type-page","status-publish","hentry"],"_links":{"self":[{"href":"https:\/\/www.aguasyprocesos.com.ar\/en\/wp-json\/wp\/v2\/pages\/2241","targetHints":{"allow":["GET"]}}],"collection":[{"href":"https:\/\/www.aguasyprocesos.com.ar\/en\/wp-json\/wp\/v2\/pages"}],"about":[{"href":"https:\/\/www.aguasyprocesos.com.ar\/en\/wp-json\/wp\/v2\/types\/page"}],"author":[{"embeddable":true,"href":"https:\/\/www.aguasyprocesos.com.ar\/en\/wp-json\/wp\/v2\/users\/2"}],"replies":[{"embeddable":true,"href":"https:\/\/www.aguasyprocesos.com.ar\/en\/wp-json\/wp\/v2\/comments?post=2241"}],"version-history":[{"count":61,"href":"https:\/\/www.aguasyprocesos.com.ar\/en\/wp-json\/wp\/v2\/pages\/2241\/revisions"}],"predecessor-version":[{"id":14364,"href":"https:\/\/www.aguasyprocesos.com.ar\/en\/wp-json\/wp\/v2\/pages\/2241\/revisions\/14364"}],"up":[{"embeddable":true,"href":"https:\/\/www.aguasyprocesos.com.ar\/en\/wp-json\/wp\/v2\/pages\/1874"}],"wp:attachment":[{"href":"https:\/\/www.aguasyprocesos.com.ar\/en\/wp-json\/wp\/v2\/media?parent=2241"}],"curies":[{"name":"wp","href":"https:\/\/api.w.org\/{rel}","templated":true}]}}