{"id":2256,"date":"2020-10-08T20:56:41","date_gmt":"2020-10-08T23:56:41","guid":{"rendered":"http:\/\/newsite2020.aguasyprocesos.com.ar\/?page_id=2256"},"modified":"2026-03-31T18:16:03","modified_gmt":"2026-03-31T21:16:03","slug":"aquamovil","status":"publish","type":"page","link":"https:\/\/www.aguasyprocesos.com.ar\/en\/mercados-y-aplicaciones\/aquamovil\/","title":{"rendered":"AQUAMOVIL"},"content":{"rendered":"<div data-elementor-type=\"wp-page\" data-elementor-id=\"2256\" class=\"elementor elementor-2256\">\n\t\t\t\t\t\t<section class=\"elementor-section elementor-top-section elementor-element elementor-element-b3b6efb elementor-section-stretched elementor-section-content-middle elementor-section-boxed elementor-section-height-default elementor-section-height-default\" data-id=\"b3b6efb\" data-element_type=\"section\" data-e-type=\"section\" data-settings=\"{&quot;stretch_section&quot;:&quot;section-stretched&quot;,&quot;background_background&quot;:&quot;classic&quot;}\">\n\t\t\t\t\t\t\t<div class=\"elementor-background-overlay\"><\/div>\n\t\t\t\t\t\t\t<div class=\"elementor-container elementor-column-gap-extended\">\n\t\t\t\t\t<div class=\"elementor-column elementor-col-33 elementor-top-column elementor-element elementor-element-922acfc\" data-id=\"922acfc\" data-element_type=\"column\" data-e-type=\"column\">\n\t\t\t<div class=\"elementor-widget-wrap elementor-element-populated\">\n\t\t\t\t\t\t<div class=\"elementor-element elementor-element-3291ab0 elementor-widget elementor-widget-spacer\" data-id=\"3291ab0\" data-element_type=\"widget\" data-e-type=\"widget\" data-widget_type=\"spacer.default\">\n\t\t\t\t<div class=\"elementor-widget-container\">\n\t\t\t\t\t\t\t<div class=\"elementor-spacer\">\n\t\t\t<div class=\"elementor-spacer-inner\"><\/div>\n\t\t<\/div>\n\t\t\t\t\t\t<\/div>\n\t\t\t\t<\/div>\n\t\t\t\t<div class=\"elementor-element elementor-element-dafc841 elementor-widget elementor-widget-cms_heading\" data-id=\"dafc841\" data-element_type=\"widget\" data-e-type=\"widget\" data-widget_type=\"cms_heading.default\">\n\t\t\t\t<div class=\"elementor-widget-container\">\n\t\t\t\t\t<div class=\"cms-heading-wrapper cms-heading-layout1\">\r\n    \r\n        \r\n        \r\n    <\/div>\t\t\t\t<\/div>\n\t\t\t\t<\/div>\n\t\t\t\t<div class=\"elementor-element elementor-element-583cdaf elementor-absolute elementor-widget elementor-widget-cms_heading\" data-id=\"583cdaf\" data-element_type=\"widget\" data-e-type=\"widget\" data-settings=\"{&quot;_position&quot;:&quot;absolute&quot;}\" data-widget_type=\"cms_heading.default\">\n\t\t\t\t<div class=\"elementor-widget-container\">\n\t\t\t\t\t<div class=\"cms-heading-wrapper cms-heading-layout1\">\r\n    \r\n        \r\n            <div class=\"custom-heading-description\"><p>Quick implementation solutions (PLUG &amp; PLAY Type), for Water and \/ or Effluent Treatment, whether Industrial or Municipal. \n<\/p>\n<\/div>\r\n        \r\n    <\/div>\t\t\t\t<\/div>\n\t\t\t\t<\/div>\n\t\t\t\t<div class=\"elementor-element elementor-element-bf7bdbb elementor-widget__width-initial elementor-absolute elementor-widget elementor-widget-text-editor\" data-id=\"bf7bdbb\" data-element_type=\"widget\" data-e-type=\"widget\" data-settings=\"{&quot;_position&quot;:&quot;absolute&quot;}\" data-widget_type=\"text-editor.default\">\n\t\t\t\t<div class=\"elementor-widget-container\">\n\t\t\t\t\t\t\t\t\t<p><img decoding=\"async\" class=\"alignnone size-medium wp-image-3934\" src=\"https:\/\/www.aguasyprocesos.com.ar\/wp-content\/uploads\/2021\/04\/web3-300x49.png\" alt=\"\" width=\"300\" height=\"49\" srcset=\"https:\/\/www.aguasyprocesos.com.ar\/wp-content\/uploads\/2021\/04\/web3-300x49.png 300w, https:\/\/www.aguasyprocesos.com.ar\/wp-content\/uploads\/2021\/04\/web3-768x125.png 768w, https:\/\/www.aguasyprocesos.com.ar\/wp-content\/uploads\/2021\/04\/web3.png 1024w\" sizes=\"(max-width: 300px) 100vw, 300px\" \/><\/p>\t\t\t\t\t\t\t\t<\/div>\n\t\t\t\t<\/div>\n\t\t\t\t\t<\/div>\n\t\t<\/div>\n\t\t\t\t<div class=\"elementor-column elementor-col-33 elementor-top-column elementor-element elementor-element-426d9e8\" data-id=\"426d9e8\" data-element_type=\"column\" data-e-type=\"column\">\n\t\t\t<div class=\"elementor-widget-wrap\">\n\t\t\t\t\t\t\t<\/div>\n\t\t<\/div>\n\t\t\t\t<div class=\"elementor-column elementor-col-33 elementor-top-column elementor-element elementor-element-d34ef81\" data-id=\"d34ef81\" data-element_type=\"column\" data-e-type=\"column\">\n\t\t\t<div class=\"elementor-widget-wrap\">\n\t\t\t\t\t\t\t<\/div>\n\t\t<\/div>\n\t\t\t\t\t<\/div>\n\t\t<\/section>\n\t\t\t\t<section class=\"elementor-section elementor-top-section elementor-element elementor-element-9c582ce elementor-section-boxed elementor-section-height-default elementor-section-height-default\" data-id=\"9c582ce\" data-element_type=\"section\" data-e-type=\"section\">\n\t\t\t\t\t\t<div class=\"elementor-container elementor-column-gap-default\">\n\t\t\t\t\t<div class=\"elementor-column elementor-col-100 elementor-top-column elementor-element elementor-element-380a42b\" data-id=\"380a42b\" data-element_type=\"column\" data-e-type=\"column\">\n\t\t\t<div class=\"elementor-widget-wrap elementor-element-populated\">\n\t\t\t\t\t\t\t<\/div>\n\t\t<\/div>\n\t\t\t\t\t<\/div>\n\t\t<\/section>\n\t\t\t\t<section class=\"elementor-section elementor-top-section elementor-element elementor-element-c04b1b9 elementor-section-boxed elementor-section-height-default elementor-section-height-default\" data-id=\"c04b1b9\" data-element_type=\"section\" data-e-type=\"section\">\n\t\t\t\t\t\t<div class=\"elementor-container elementor-column-gap-default\">\n\t\t\t\t\t<div class=\"elementor-column elementor-col-100 elementor-top-column elementor-element elementor-element-3b4bc44\" data-id=\"3b4bc44\" data-element_type=\"column\" data-e-type=\"column\">\n\t\t\t<div class=\"elementor-widget-wrap elementor-element-populated\">\n\t\t\t\t\t\t<div class=\"elementor-element elementor-element-760c809 elementor-widget elementor-widget-spacer\" data-id=\"760c809\" data-element_type=\"widget\" data-e-type=\"widget\" data-widget_type=\"spacer.default\">\n\t\t\t\t<div class=\"elementor-widget-container\">\n\t\t\t\t\t\t\t<div class=\"elementor-spacer\">\n\t\t\t<div class=\"elementor-spacer-inner\"><\/div>\n\t\t<\/div>\n\t\t\t\t\t\t<\/div>\n\t\t\t\t<\/div>\n\t\t\t\t\t<\/div>\n\t\t<\/div>\n\t\t\t\t\t<\/div>\n\t\t<\/section>\n\t\t\t\t<section class=\"elementor-section elementor-top-section elementor-element elementor-element-4cb8900 elementor-section-boxed elementor-section-height-default elementor-section-height-default\" data-id=\"4cb8900\" data-element_type=\"section\" data-e-type=\"section\">\n\t\t\t\t\t\t<div class=\"elementor-container elementor-column-gap-default\">\n\t\t\t\t\t<div class=\"elementor-column elementor-col-100 elementor-top-column elementor-element elementor-element-0469566\" data-id=\"0469566\" data-element_type=\"column\" data-e-type=\"column\">\n\t\t\t<div class=\"elementor-widget-wrap\">\n\t\t\t\t\t\t\t<\/div>\n\t\t<\/div>\n\t\t\t\t\t<\/div>\n\t\t<\/section>\n\t\t\t\t<section class=\"elementor-section elementor-top-section elementor-element elementor-element-230f11a elementor-section-boxed elementor-section-height-default elementor-section-height-default\" data-id=\"230f11a\" data-element_type=\"section\" data-e-type=\"section\">\n\t\t\t\t\t\t<div class=\"elementor-container elementor-column-gap-default\">\n\t\t\t\t\t<div class=\"elementor-column elementor-col-100 elementor-top-column elementor-element elementor-element-93bbf04\" data-id=\"93bbf04\" data-element_type=\"column\" data-e-type=\"column\">\n\t\t\t<div class=\"elementor-widget-wrap elementor-element-populated\">\n\t\t\t\t\t\t<div class=\"elementor-element elementor-element-86a1b7a elementor-widget elementor-widget-cms_heading\" data-id=\"86a1b7a\" data-element_type=\"widget\" data-e-type=\"widget\" data-widget_type=\"cms_heading.default\">\n\t\t\t\t<div class=\"elementor-widget-container\">\n\t\t\t\t\t<div class=\"cms-heading-wrapper cms-heading-layout1\">\r\n    \r\n        \r\n            <div class=\"custom-heading-description\"><p style=\"text-align: justify\">Provision of portable type Water and Effluent Treatment plants in containers or trailers. Easy to install and relocate.\nIdeal for solving problems related to water quickly, in remote areas for the public water sector, as well as others such as: mining, oil and gas.\nThe AQUAMOVIL units are prefabricated, with a fully integrated and automated design, adapted to the requirements of each client.\n<br><br>\n<span style=\"font-weight: 700\">We are Aguas &amp; Procesos, an Argentine company with more than 40 years of experience, dedicated to engineering in Water Treatment and Industrial Processes.<\/span>\n<\/p><\/div>\r\n        \r\n            <div class=\"heading-divider\">\r\n            <span class=\"heading-line1\"><\/span>\r\n            <span class=\"heading-line2\"><\/span>\r\n        <\/div>\r\n    <\/div>\t\t\t\t<\/div>\n\t\t\t\t<\/div>\n\t\t\t\t<div class=\"elementor-element elementor-element-135d077 gallery-spacing-custom elementor-widget elementor-widget-image-gallery\" data-id=\"135d077\" data-element_type=\"widget\" data-e-type=\"widget\" data-widget_type=\"image-gallery.default\">\n\t\t\t\t<div class=\"elementor-widget-container\">\n\t\t\t\t\t\t\t<div class=\"elementor-image-gallery\">\n\t\t\t<div id='gallery-1' class='gallery galleryid-2256 gallery-columns-4 gallery-size-1536x1536'><figure class='gallery-item'>\n\t\t\t<div class='gallery-icon landscape'>\n\t\t\t\t<a data-elementor-open-lightbox=\"yes\" data-elementor-lightbox-slideshow=\"135d077\" data-elementor-lightbox-title=\"Aq02\" data-e-action-hash=\"#elementor-action%3Aaction%3Dlightbox%26settings%3DeyJpZCI6NDQyMywidXJsIjoiaHR0cHM6XC9cL3d3dy5hZ3Vhc3lwcm9jZXNvcy5jb20uYXJcL3dwLWNvbnRlbnRcL3VwbG9hZHNcLzIwMjFcLzEwXC9BcTAyLmpwZyIsInNsaWRlc2hvdyI6IjEzNWQwNzcifQ%3D%3D\" href='https:\/\/www.aguasyprocesos.com.ar\/wp-content\/uploads\/2021\/10\/Aq02.jpg'><img fetchpriority=\"high\" decoding=\"async\" width=\"1152\" height=\"768\" src=\"https:\/\/www.aguasyprocesos.com.ar\/wp-content\/uploads\/2021\/10\/Aq02.jpg\" class=\"attachment-1536x1536 size-1536x1536\" alt=\"\" srcset=\"https:\/\/www.aguasyprocesos.com.ar\/wp-content\/uploads\/2021\/10\/Aq02.jpg 1152w, https:\/\/www.aguasyprocesos.com.ar\/wp-content\/uploads\/2021\/10\/Aq02-300x200.jpg 300w, https:\/\/www.aguasyprocesos.com.ar\/wp-content\/uploads\/2021\/10\/Aq02-1024x683.jpg 1024w, https:\/\/www.aguasyprocesos.com.ar\/wp-content\/uploads\/2021\/10\/Aq02-768x512.jpg 768w\" sizes=\"(max-width: 1152px) 100vw, 1152px\" \/><\/a>\n\t\t\t<\/div><\/figure><figure class='gallery-item'>\n\t\t\t<div class='gallery-icon landscape'>\n\t\t\t\t<a data-elementor-open-lightbox=\"yes\" data-elementor-lightbox-slideshow=\"135d077\" data-elementor-lightbox-title=\"Aq03\" data-e-action-hash=\"#elementor-action%3Aaction%3Dlightbox%26settings%3DeyJpZCI6NDQyNCwidXJsIjoiaHR0cHM6XC9cL3d3dy5hZ3Vhc3lwcm9jZXNvcy5jb20uYXJcL3dwLWNvbnRlbnRcL3VwbG9hZHNcLzIwMjFcLzEwXC9BcTAzLmpwZyIsInNsaWRlc2hvdyI6IjEzNWQwNzcifQ%3D%3D\" href='https:\/\/www.aguasyprocesos.com.ar\/wp-content\/uploads\/2021\/10\/Aq03.jpg'><img decoding=\"async\" width=\"1152\" height=\"768\" src=\"https:\/\/www.aguasyprocesos.com.ar\/wp-content\/uploads\/2021\/10\/Aq03.jpg\" class=\"attachment-1536x1536 size-1536x1536\" alt=\"\" srcset=\"https:\/\/www.aguasyprocesos.com.ar\/wp-content\/uploads\/2021\/10\/Aq03.jpg 1152w, https:\/\/www.aguasyprocesos.com.ar\/wp-content\/uploads\/2021\/10\/Aq03-300x200.jpg 300w, https:\/\/www.aguasyprocesos.com.ar\/wp-content\/uploads\/2021\/10\/Aq03-1024x683.jpg 1024w, https:\/\/www.aguasyprocesos.com.ar\/wp-content\/uploads\/2021\/10\/Aq03-768x512.jpg 768w\" sizes=\"(max-width: 1152px) 100vw, 1152px\" \/><\/a>\n\t\t\t<\/div><\/figure><figure class='gallery-item'>\n\t\t\t<div class='gallery-icon landscape'>\n\t\t\t\t<a data-elementor-open-lightbox=\"yes\" data-elementor-lightbox-slideshow=\"135d077\" data-elementor-lightbox-title=\"Aquamovil02\" data-e-action-hash=\"#elementor-action%3Aaction%3Dlightbox%26settings%3DeyJpZCI6MjI3MCwidXJsIjoiaHR0cHM6XC9cL3d3dy5hZ3Vhc3lwcm9jZXNvcy5jb20uYXJcL3dwLWNvbnRlbnRcL3VwbG9hZHNcLzIwMjBcLzEwXC9BcXVhbW92aWwwMi5qcGciLCJzbGlkZXNob3ciOiIxMzVkMDc3In0%3D\" href='https:\/\/www.aguasyprocesos.com.ar\/wp-content\/uploads\/2020\/10\/Aquamovil02.jpg'><img loading=\"lazy\" decoding=\"async\" width=\"1488\" height=\"969\" src=\"https:\/\/www.aguasyprocesos.com.ar\/wp-content\/uploads\/2020\/10\/Aquamovil02.jpg\" class=\"attachment-1536x1536 size-1536x1536\" alt=\"\" srcset=\"https:\/\/www.aguasyprocesos.com.ar\/wp-content\/uploads\/2020\/10\/Aquamovil02.jpg 1488w, https:\/\/www.aguasyprocesos.com.ar\/wp-content\/uploads\/2020\/10\/Aquamovil02-300x195.jpg 300w, https:\/\/www.aguasyprocesos.com.ar\/wp-content\/uploads\/2020\/10\/Aquamovil02-1024x667.jpg 1024w, https:\/\/www.aguasyprocesos.com.ar\/wp-content\/uploads\/2020\/10\/Aquamovil02-768x500.jpg 768w\" sizes=\"(max-width: 1488px) 100vw, 1488px\" \/><\/a>\n\t\t\t<\/div><\/figure><figure class='gallery-item'>\n\t\t\t<div class='gallery-icon landscape'>\n\t\t\t\t<a data-elementor-open-lightbox=\"yes\" data-elementor-lightbox-slideshow=\"135d077\" data-elementor-lightbox-title=\"Aquamovil05\" data-e-action-hash=\"#elementor-action%3Aaction%3Dlightbox%26settings%3DeyJpZCI6MjI3NiwidXJsIjoiaHR0cHM6XC9cL3d3dy5hZ3Vhc3lwcm9jZXNvcy5jb20uYXJcL3dwLWNvbnRlbnRcL3VwbG9hZHNcLzIwMjBcLzEwXC9BcXVhbW92aWwwNS5qcGciLCJzbGlkZXNob3ciOiIxMzVkMDc3In0%3D\" href='https:\/\/www.aguasyprocesos.com.ar\/wp-content\/uploads\/2020\/10\/Aquamovil05.jpg'><img loading=\"lazy\" decoding=\"async\" width=\"1179\" height=\"768\" src=\"https:\/\/www.aguasyprocesos.com.ar\/wp-content\/uploads\/2020\/10\/Aquamovil05.jpg\" class=\"attachment-1536x1536 size-1536x1536\" alt=\"\" srcset=\"https:\/\/www.aguasyprocesos.com.ar\/wp-content\/uploads\/2020\/10\/Aquamovil05.jpg 1179w, https:\/\/www.aguasyprocesos.com.ar\/wp-content\/uploads\/2020\/10\/Aquamovil05-300x195.jpg 300w, https:\/\/www.aguasyprocesos.com.ar\/wp-content\/uploads\/2020\/10\/Aquamovil05-1024x667.jpg 1024w, https:\/\/www.aguasyprocesos.com.ar\/wp-content\/uploads\/2020\/10\/Aquamovil05-768x500.jpg 768w\" sizes=\"(max-width: 1179px) 100vw, 1179px\" \/><\/a>\n\t\t\t<\/div><\/figure><figure class='gallery-item'>\n\t\t\t<div class='gallery-icon landscape'>\n\t\t\t\t<a data-elementor-open-lightbox=\"yes\" data-elementor-lightbox-slideshow=\"135d077\" data-elementor-lightbox-title=\"Aquamovil07\" data-e-action-hash=\"#elementor-action%3Aaction%3Dlightbox%26settings%3DeyJpZCI6MjI3MywidXJsIjoiaHR0cHM6XC9cL3d3dy5hZ3Vhc3lwcm9jZXNvcy5jb20uYXJcL3dwLWNvbnRlbnRcL3VwbG9hZHNcLzIwMjBcLzEwXC9BcXVhbW92aWwwNy5qcGciLCJzbGlkZXNob3ciOiIxMzVkMDc3In0%3D\" href='https:\/\/www.aguasyprocesos.com.ar\/wp-content\/uploads\/2020\/10\/Aquamovil07.jpg'><img loading=\"lazy\" decoding=\"async\" width=\"1179\" height=\"768\" src=\"https:\/\/www.aguasyprocesos.com.ar\/wp-content\/uploads\/2020\/10\/Aquamovil07.jpg\" class=\"attachment-1536x1536 size-1536x1536\" alt=\"\" srcset=\"https:\/\/www.aguasyprocesos.com.ar\/wp-content\/uploads\/2020\/10\/Aquamovil07.jpg 1179w, https:\/\/www.aguasyprocesos.com.ar\/wp-content\/uploads\/2020\/10\/Aquamovil07-300x195.jpg 300w, https:\/\/www.aguasyprocesos.com.ar\/wp-content\/uploads\/2020\/10\/Aquamovil07-1024x667.jpg 1024w, https:\/\/www.aguasyprocesos.com.ar\/wp-content\/uploads\/2020\/10\/Aquamovil07-768x500.jpg 768w\" sizes=\"(max-width: 1179px) 100vw, 1179px\" \/><\/a>\n\t\t\t<\/div><\/figure><figure class='gallery-item'>\n\t\t\t<div class='gallery-icon landscape'>\n\t\t\t\t<a data-elementor-open-lightbox=\"yes\" data-elementor-lightbox-slideshow=\"135d077\" data-elementor-lightbox-title=\"Aquamovil06\" data-e-action-hash=\"#elementor-action%3Aaction%3Dlightbox%26settings%3DeyJpZCI6MjI3NCwidXJsIjoiaHR0cHM6XC9cL3d3dy5hZ3Vhc3lwcm9jZXNvcy5jb20uYXJcL3dwLWNvbnRlbnRcL3VwbG9hZHNcLzIwMjBcLzEwXC9BcXVhbW92aWwwNi5qcGciLCJzbGlkZXNob3ciOiIxMzVkMDc3In0%3D\" href='https:\/\/www.aguasyprocesos.com.ar\/wp-content\/uploads\/2020\/10\/Aquamovil06.jpg'><img loading=\"lazy\" decoding=\"async\" width=\"1488\" height=\"969\" src=\"https:\/\/www.aguasyprocesos.com.ar\/wp-content\/uploads\/2020\/10\/Aquamovil06.jpg\" class=\"attachment-1536x1536 size-1536x1536\" alt=\"\" srcset=\"https:\/\/www.aguasyprocesos.com.ar\/wp-content\/uploads\/2020\/10\/Aquamovil06.jpg 1488w, https:\/\/www.aguasyprocesos.com.ar\/wp-content\/uploads\/2020\/10\/Aquamovil06-300x195.jpg 300w, https:\/\/www.aguasyprocesos.com.ar\/wp-content\/uploads\/2020\/10\/Aquamovil06-1024x667.jpg 1024w, https:\/\/www.aguasyprocesos.com.ar\/wp-content\/uploads\/2020\/10\/Aquamovil06-768x500.jpg 768w\" sizes=\"(max-width: 1488px) 100vw, 1488px\" \/><\/a>\n\t\t\t<\/div><\/figure><figure class='gallery-item'>\n\t\t\t<div class='gallery-icon landscape'>\n\t\t\t\t<a data-elementor-open-lightbox=\"yes\" data-elementor-lightbox-slideshow=\"135d077\" data-elementor-lightbox-title=\"A&amp;P ALQUILER 11\" data-e-action-hash=\"#elementor-action%3Aaction%3Dlightbox%26settings%3DeyJpZCI6MzUwNywidXJsIjoiaHR0cHM6XC9cL3d3dy5hZ3Vhc3lwcm9jZXNvcy5jb20uYXJcL3dwLWNvbnRlbnRcL3VwbG9hZHNcLzIwMjFcLzAxXC9BUC1BTFFVSUxFUi0xMS0xLXNjYWxlZC5qcGciLCJzbGlkZXNob3ciOiIxMzVkMDc3In0%3D\" href='https:\/\/www.aguasyprocesos.com.ar\/wp-content\/uploads\/2021\/01\/AP-ALQUILER-11-1-scaled.jpg'><img loading=\"lazy\" decoding=\"async\" width=\"1536\" height=\"1017\" src=\"https:\/\/www.aguasyprocesos.com.ar\/wp-content\/uploads\/2021\/01\/AP-ALQUILER-11-1-1536x1017.jpg\" class=\"attachment-1536x1536 size-1536x1536\" alt=\"\" srcset=\"https:\/\/www.aguasyprocesos.com.ar\/wp-content\/uploads\/2021\/01\/AP-ALQUILER-11-1-1536x1017.jpg 1536w, https:\/\/www.aguasyprocesos.com.ar\/wp-content\/uploads\/2021\/01\/AP-ALQUILER-11-1-300x199.jpg 300w, https:\/\/www.aguasyprocesos.com.ar\/wp-content\/uploads\/2021\/01\/AP-ALQUILER-11-1-1024x678.jpg 1024w, https:\/\/www.aguasyprocesos.com.ar\/wp-content\/uploads\/2021\/01\/AP-ALQUILER-11-1-768x509.jpg 768w, https:\/\/www.aguasyprocesos.com.ar\/wp-content\/uploads\/2021\/01\/AP-ALQUILER-11-1-2048x1356.jpg 2048w\" sizes=\"(max-width: 1536px) 100vw, 1536px\" \/><\/a>\n\t\t\t<\/div><\/figure><figure class='gallery-item'>\n\t\t\t<div class='gallery-icon landscape'>\n\t\t\t\t<a data-elementor-open-lightbox=\"yes\" data-elementor-lightbox-slideshow=\"135d077\" data-elementor-lightbox-title=\"Aquamovil33\" data-e-action-hash=\"#elementor-action%3Aaction%3Dlightbox%26settings%3DeyJpZCI6MjI2MSwidXJsIjoiaHR0cHM6XC9cL3d3dy5hZ3Vhc3lwcm9jZXNvcy5jb20uYXJcL3dwLWNvbnRlbnRcL3VwbG9hZHNcLzIwMjBcLzEwXC9hcXVhbW92aWwuanBnIiwic2xpZGVzaG93IjoiMTM1ZDA3NyJ9\" href='https:\/\/www.aguasyprocesos.com.ar\/wp-content\/uploads\/2020\/10\/aquamovil.jpg'><img loading=\"lazy\" decoding=\"async\" width=\"451\" height=\"300\" src=\"https:\/\/www.aguasyprocesos.com.ar\/wp-content\/uploads\/2020\/10\/aquamovil.jpg\" class=\"attachment-1536x1536 size-1536x1536\" alt=\"\" srcset=\"https:\/\/www.aguasyprocesos.com.ar\/wp-content\/uploads\/2020\/10\/aquamovil.jpg 451w, https:\/\/www.aguasyprocesos.com.ar\/wp-content\/uploads\/2020\/10\/aquamovil-300x200.jpg 300w\" sizes=\"(max-width: 451px) 100vw, 451px\" \/><\/a>\n\t\t\t<\/div><\/figure>\n\t\t<\/div>\n\t\t<\/div>\n\t\t\t\t\t\t<\/div>\n\t\t\t\t<\/div>\n\t\t\t\t\t<\/div>\n\t\t<\/div>\n\t\t\t\t\t<\/div>\n\t\t<\/section>\n\t\t\t\t<\/div>","protected":false},"excerpt":{"rendered":"<p>Soluciones de r\u00e1pida implementaci\u00f3n (Tipo PLUG&amp;PLAY), para Tratamiento de Agua y\/o Efluentes, sean Industriales o Municipales. Provisi\u00f3n de plantas de Tratamiento de Agua y Efluentes de tipo port\u00e1til en contenedores o remolques. De f\u00e1cil instalaci\u00f3n y reubicaci\u00f3n. Ideal para solucionar problemas referidos al agua de manera r\u00e1pida, en zonas remotas para el sector de agua [&hellip;]<\/p>\n","protected":false},"author":2,"featured_media":0,"parent":1874,"menu_order":0,"comment_status":"closed","ping_status":"closed","template":"","meta":{"footnotes":""},"class_list":["post-2256","page","type-page","status-publish","hentry"],"_links":{"self":[{"href":"https:\/\/www.aguasyprocesos.com.ar\/en\/wp-json\/wp\/v2\/pages\/2256","targetHints":{"allow":["GET"]}}],"collection":[{"href":"https:\/\/www.aguasyprocesos.com.ar\/en\/wp-json\/wp\/v2\/pages"}],"about":[{"href":"https:\/\/www.aguasyprocesos.com.ar\/en\/wp-json\/wp\/v2\/types\/page"}],"author":[{"embeddable":true,"href":"https:\/\/www.aguasyprocesos.com.ar\/en\/wp-json\/wp\/v2\/users\/2"}],"replies":[{"embeddable":true,"href":"https:\/\/www.aguasyprocesos.com.ar\/en\/wp-json\/wp\/v2\/comments?post=2256"}],"version-history":[{"count":26,"href":"https:\/\/www.aguasyprocesos.com.ar\/en\/wp-json\/wp\/v2\/pages\/2256\/revisions"}],"predecessor-version":[{"id":14365,"href":"https:\/\/www.aguasyprocesos.com.ar\/en\/wp-json\/wp\/v2\/pages\/2256\/revisions\/14365"}],"up":[{"embeddable":true,"href":"https:\/\/www.aguasyprocesos.com.ar\/en\/wp-json\/wp\/v2\/pages\/1874"}],"wp:attachment":[{"href":"https:\/\/www.aguasyprocesos.com.ar\/en\/wp-json\/wp\/v2\/media?parent=2256"}],"curies":[{"name":"wp","href":"https:\/\/api.w.org\/{rel}","templated":true}]}}