{"id":2526,"date":"2020-10-19T08:35:39","date_gmt":"2020-10-19T11:35:39","guid":{"rendered":"http:\/\/www.aguasyprocesos.com.ar\/?page_id=2526"},"modified":"2026-03-31T18:15:51","modified_gmt":"2026-03-31T21:15:51","slug":"tratamientos-quimicos","status":"publish","type":"page","link":"https:\/\/www.aguasyprocesos.com.ar\/en\/mercados-y-aplicaciones\/tratamientos-quimicos\/","title":{"rendered":"Tratamientos qu\u00edmicos"},"content":{"rendered":"<div data-elementor-type=\"wp-page\" data-elementor-id=\"2526\" class=\"elementor elementor-2526\">\n\t\t\t\t\t\t<section class=\"elementor-section elementor-top-section elementor-element elementor-element-b3b6efb elementor-section-stretched elementor-section-content-middle elementor-section-boxed elementor-section-height-default elementor-section-height-default\" data-id=\"b3b6efb\" data-element_type=\"section\" data-e-type=\"section\" data-settings=\"{&quot;stretch_section&quot;:&quot;section-stretched&quot;,&quot;background_background&quot;:&quot;classic&quot;}\">\n\t\t\t\t\t\t\t<div class=\"elementor-background-overlay\"><\/div>\n\t\t\t\t\t\t\t<div class=\"elementor-container elementor-column-gap-extended\">\n\t\t\t\t\t<div class=\"elementor-column elementor-col-50 elementor-top-column elementor-element elementor-element-922acfc\" data-id=\"922acfc\" data-element_type=\"column\" data-e-type=\"column\">\n\t\t\t<div class=\"elementor-widget-wrap elementor-element-populated\">\n\t\t\t\t\t\t<div class=\"elementor-element elementor-element-393f321 elementor-widget__width-initial elementor-absolute elementor-widget elementor-widget-text-editor\" data-id=\"393f321\" data-element_type=\"widget\" data-e-type=\"widget\" data-settings=\"{&quot;_position&quot;:&quot;absolute&quot;}\" data-widget_type=\"text-editor.default\">\n\t\t\t\t<div class=\"elementor-widget-container\">\n\t\t\t\t\t\t\t\t\t<h2 style=\"text-align: left;\"><span style=\"color: #ffffff;\">CHEMICAL TREATMENTS<\/span><\/h5>\t\t\t\t\t\t\t\t<\/div>\n\t\t\t\t<\/div>\n\t\t\t\t<div class=\"elementor-element elementor-element-3291ab0 elementor-widget elementor-widget-spacer\" data-id=\"3291ab0\" data-element_type=\"widget\" data-e-type=\"widget\" data-widget_type=\"spacer.default\">\n\t\t\t\t<div class=\"elementor-widget-container\">\n\t\t\t\t\t\t\t<div class=\"elementor-spacer\">\n\t\t\t<div class=\"elementor-spacer-inner\"><\/div>\n\t\t<\/div>\n\t\t\t\t\t\t<\/div>\n\t\t\t\t<\/div>\n\t\t\t\t<div class=\"elementor-element elementor-element-583cdaf elementor-absolute elementor-widget elementor-widget-cms_heading\" data-id=\"583cdaf\" data-element_type=\"widget\" data-e-type=\"widget\" data-settings=\"{&quot;_position&quot;:&quot;absolute&quot;}\" data-widget_type=\"cms_heading.default\">\n\t\t\t\t<div class=\"elementor-widget-container\">\n\t\t\t\t\t<div class=\"cms-heading-wrapper cms-heading-layout1\">\r\n    \r\n        \r\n            <div class=\"custom-heading-description\"><p>The specific WATER &amp; PROCESSES programs for its conditioning include a wide range of Production operations that allow to improve the quality of the product, increase productivity, protect equipment, reduce maintenance and operating expenses, respecting the Environment, and meeting the Objectives of Hygiene and industrial security.\n<\/p>\n<\/div>\r\n        \r\n    <\/div>\t\t\t\t<\/div>\n\t\t\t\t<\/div>\n\t\t\t\t\t<\/div>\n\t\t<\/div>\n\t\t\t\t<div class=\"elementor-column elementor-col-50 elementor-top-column elementor-element elementor-element-426d9e8\" data-id=\"426d9e8\" data-element_type=\"column\" data-e-type=\"column\">\n\t\t\t<div class=\"elementor-widget-wrap\">\n\t\t\t\t\t\t\t<\/div>\n\t\t<\/div>\n\t\t\t\t\t<\/div>\n\t\t<\/section>\n\t\t\t\t<section class=\"elementor-section elementor-top-section elementor-element elementor-element-9c582ce elementor-section-boxed elementor-section-height-default elementor-section-height-default\" data-id=\"9c582ce\" data-element_type=\"section\" data-e-type=\"section\">\n\t\t\t\t\t\t<div class=\"elementor-container elementor-column-gap-default\">\n\t\t\t\t\t<div class=\"elementor-column elementor-col-100 elementor-top-column elementor-element elementor-element-380a42b\" data-id=\"380a42b\" data-element_type=\"column\" data-e-type=\"column\">\n\t\t\t<div class=\"elementor-widget-wrap elementor-element-populated\">\n\t\t\t\t\t\t\t<\/div>\n\t\t<\/div>\n\t\t\t\t\t<\/div>\n\t\t<\/section>\n\t\t\t\t<section class=\"elementor-section elementor-top-section elementor-element elementor-element-c04b1b9 elementor-section-boxed elementor-section-height-default elementor-section-height-default\" data-id=\"c04b1b9\" data-element_type=\"section\" data-e-type=\"section\">\n\t\t\t\t\t\t<div class=\"elementor-container elementor-column-gap-default\">\n\t\t\t\t\t<div class=\"elementor-column elementor-col-100 elementor-top-column elementor-element elementor-element-3b4bc44\" data-id=\"3b4bc44\" data-element_type=\"column\" data-e-type=\"column\">\n\t\t\t<div class=\"elementor-widget-wrap elementor-element-populated\">\n\t\t\t\t\t\t<div class=\"elementor-element elementor-element-760c809 elementor-widget elementor-widget-spacer\" data-id=\"760c809\" data-element_type=\"widget\" data-e-type=\"widget\" data-widget_type=\"spacer.default\">\n\t\t\t\t<div class=\"elementor-widget-container\">\n\t\t\t\t\t\t\t<div class=\"elementor-spacer\">\n\t\t\t<div class=\"elementor-spacer-inner\"><\/div>\n\t\t<\/div>\n\t\t\t\t\t\t<\/div>\n\t\t\t\t<\/div>\n\t\t\t\t\t<\/div>\n\t\t<\/div>\n\t\t\t\t\t<\/div>\n\t\t<\/section>\n\t\t\t\t<section class=\"elementor-section elementor-top-section elementor-element elementor-element-4cb8900 elementor-section-boxed elementor-section-height-default elementor-section-height-default\" data-id=\"4cb8900\" data-element_type=\"section\" data-e-type=\"section\">\n\t\t\t\t\t\t<div class=\"elementor-container elementor-column-gap-default\">\n\t\t\t\t\t<div class=\"elementor-column elementor-col-100 elementor-top-column elementor-element elementor-element-0469566\" data-id=\"0469566\" data-element_type=\"column\" data-e-type=\"column\">\n\t\t\t<div class=\"elementor-widget-wrap\">\n\t\t\t\t\t\t\t<\/div>\n\t\t<\/div>\n\t\t\t\t\t<\/div>\n\t\t<\/section>\n\t\t\t\t<section class=\"elementor-section elementor-top-section elementor-element elementor-element-230f11a elementor-section-boxed elementor-section-height-default elementor-section-height-default\" data-id=\"230f11a\" data-element_type=\"section\" data-e-type=\"section\">\n\t\t\t\t\t\t<div class=\"elementor-container elementor-column-gap-default\">\n\t\t\t\t\t<div class=\"elementor-column elementor-col-33 elementor-top-column elementor-element elementor-element-f0ee170\" data-id=\"f0ee170\" data-element_type=\"column\" data-e-type=\"column\">\n\t\t\t<div class=\"elementor-widget-wrap elementor-element-populated\">\n\t\t\t\t\t\t<div class=\"elementor-element elementor-element-0ca0e17 elementor-widget elementor-widget-text-editor\" data-id=\"0ca0e17\" data-element_type=\"widget\" data-e-type=\"widget\" data-widget_type=\"text-editor.default\">\n\t\t\t\t<div class=\"elementor-widget-container\">\n\t\t\t\t\t\t\t\t\t<div><p>Because WATER is considered the <strong>\"Universal Solvent\"<\/strong> it is common to find dissolved salts and pollutants that under certain physical-chemical conditions produce undesirable effects in different situations where this fluid is used both as a transporter of Energy or as a participant in the Process.<\/p><p>The specific<strong> WATER &amp; PROCESSES <\/strong>programs for its conditioning include a wide range of Production operations that allow to improve the quality of the product, increase productivity, protect equipment, reduce maintenance and operating expenses, respecting the <strong>Environment,<\/strong>and meeting the <strong>Objectives of Hygiene and industrial security.<\/strong>.<\/p><\/div>\t\t\t\t\t\t\t\t<\/div>\n\t\t\t\t<\/div>\n\t\t\t\t\t<\/div>\n\t\t<\/div>\n\t\t\t\t<div class=\"elementor-column elementor-col-33 elementor-top-column elementor-element elementor-element-8bdcd38\" data-id=\"8bdcd38\" data-element_type=\"column\" data-e-type=\"column\">\n\t\t\t<div class=\"elementor-widget-wrap elementor-element-populated\">\n\t\t\t\t\t\t<div class=\"elementor-element elementor-element-43a098f elementor-widget elementor-widget-image\" data-id=\"43a098f\" data-element_type=\"widget\" data-e-type=\"widget\" data-widget_type=\"image.default\">\n\t\t\t\t<div class=\"elementor-widget-container\">\n\t\t\t\t\t\t\t\t\t\t\t\t\t\t\t<img fetchpriority=\"high\" decoding=\"async\" width=\"451\" height=\"300\" src=\"https:\/\/www.aguasyprocesos.com.ar\/wp-content\/uploads\/2020\/10\/quimicos_torres.jpg\" class=\"attachment-large size-large wp-image-2538\" alt=\"\" srcset=\"https:\/\/www.aguasyprocesos.com.ar\/wp-content\/uploads\/2020\/10\/quimicos_torres.jpg 451w, https:\/\/www.aguasyprocesos.com.ar\/wp-content\/uploads\/2020\/10\/quimicos_torres-300x200.jpg 300w\" sizes=\"(max-width: 451px) 100vw, 451px\" \/>\t\t\t\t\t\t\t\t\t\t\t\t\t\t\t<\/div>\n\t\t\t\t<\/div>\n\t\t\t\t<div class=\"elementor-element elementor-element-61784fe elementor-widget elementor-widget-cms_heading\" data-id=\"61784fe\" data-element_type=\"widget\" data-e-type=\"widget\" data-widget_type=\"cms_heading.default\">\n\t\t\t\t<div class=\"elementor-widget-container\">\n\t\t\t\t\t<div class=\"cms-heading-wrapper cms-heading-layout1\">\r\n    \r\n            <h5 class=\"custom-heading\">\r\n            <span >TOWERS<\/span>\r\n        <\/h5>\r\n        \r\n            <div class=\"custom-heading-description\">Cooling Towers are the most common method used to dissipate heat in circulating water cooling systems, based on their high latent heat.<br>\n<br>There are Open and Closed Systems.<br><br>While closed ones save enormous amounts of water, compared to open cooling systems, they are exposed to a variety of problems.\n<br>The most common ones that are often found in Cooling Circuits, which affect Heat Transfer Efficiency are:<br><br>. Corrosion\n<br>. Scale \/ Deposits\n<br>. Macro and Microbiological fouling<br>\n<br>AGUAS &amp; PROCESOS offers a wide range of Water Treatment for Cooling Systems in different types of industries and commercial systems.<br>\n<br>These treatments allow corrosion control, prevent incrustations in the exchange areas and keep the systems clean through microbiological control.\n<br>All types of cooling systems can be protected against Corrosion, Deposition, and Microbiological Fouling for excellent heat transfer and lower maintenance cost.<br>\n<br>AGUAS &amp; PROCESOS is recognized as a Leader for its Water Treatment Technology in Cooling Systems.<br>\n<br>In fact, every important development in Water Treatment since 1980 has had AGUAS &amp; PROCESOS as the protagonist. One of the most recent developments is based on the application of Stable Halogens.<br>\n<br>Increases in the concentration of solids due to the effect of evaporation, the higher temperatures in the area close to the metal (micro-film), favor the tendencies of corrosion and deposits. By increasing the retention time of the water in the circuit, there is a greater potential for corrosion and the rise in temperature increases the favorable conditions for microbiological growth. AGUAS &amp; PROCESOS provides complete solutions for the Treatment of Cooling Towers, fighting Corrosion, General and biological fouling, and organic and inorganic deposits (incrustations). Controlling corrosion in cooling systems can be as complex as the causes of corrosion, and its detrimental effects are often too obvious. The result of corrosion (loss of system efficiency) can lead to equipment \"Out of Service\" and repeated maintenance increases downtime, hence operating costs. Our corrosion control treatment programs protect equipment and its efficiency, helping to enhance the benefits of good operation.<br>\n<br><b>Legionella Risk Reduction<\/b><br>\n<br>Legionnaires disease is often associated with recirculating water systems, both domestic and industrial, Air Conditioning Equipment and Cooling Towers. Minimizing the potential for a water system to become a The source of disease requires a properly supervised Water Treatment program. AGUAS &amp; PROCESOS has the most recent technology for its treatment and control. Treatment programs with stable halogens are effective, since the presence of Chlorine or Bromine correctly controls floating pathogens such as Legionella.<\/div>\r\n        \r\n            <div class=\"heading-divider\">\r\n            <span class=\"heading-line1\"><\/span>\r\n            <span class=\"heading-line2\"><\/span>\r\n        <\/div>\r\n    <\/div>\t\t\t\t<\/div>\n\t\t\t\t<\/div>\n\t\t\t\t\t<\/div>\n\t\t<\/div>\n\t\t\t\t<div class=\"elementor-column elementor-col-33 elementor-top-column elementor-element elementor-element-f08f3a9\" data-id=\"f08f3a9\" data-element_type=\"column\" data-e-type=\"column\">\n\t\t\t<div class=\"elementor-widget-wrap elementor-element-populated\">\n\t\t\t\t\t\t<div class=\"elementor-element elementor-element-9a65959 elementor-widget elementor-widget-image\" data-id=\"9a65959\" data-element_type=\"widget\" data-e-type=\"widget\" data-widget_type=\"image.default\">\n\t\t\t\t<div class=\"elementor-widget-container\">\n\t\t\t\t\t\t\t\t\t\t\t\t\t\t\t<img decoding=\"async\" width=\"451\" height=\"300\" src=\"https:\/\/www.aguasyprocesos.com.ar\/wp-content\/uploads\/2020\/10\/quimicos_calderas.jpg\" class=\"attachment-large size-large wp-image-2543\" alt=\"\" srcset=\"https:\/\/www.aguasyprocesos.com.ar\/wp-content\/uploads\/2020\/10\/quimicos_calderas.jpg 451w, https:\/\/www.aguasyprocesos.com.ar\/wp-content\/uploads\/2020\/10\/quimicos_calderas-300x200.jpg 300w\" sizes=\"(max-width: 451px) 100vw, 451px\" \/>\t\t\t\t\t\t\t\t\t\t\t\t\t\t\t<\/div>\n\t\t\t\t<\/div>\n\t\t\t\t<div class=\"elementor-element elementor-element-228b7e6 elementor-widget elementor-widget-cms_heading\" data-id=\"228b7e6\" data-element_type=\"widget\" data-e-type=\"widget\" data-widget_type=\"cms_heading.default\">\n\t\t\t\t<div class=\"elementor-widget-container\">\n\t\t\t\t\t<div class=\"cms-heading-wrapper cms-heading-layout1\">\r\n    \r\n            <h5 class=\"custom-heading\">\r\n            <span >BOILERS<\/span>\r\n        <\/h5>\r\n        \r\n            <div class=\"custom-heading-description\">The WATER &amp; PROCESSES programs for Steam Generator Treatment are adapted to your system, helping to eliminate existing problems, improving Thermal transfer and therefore reducing operating costs and favoring the useful life of the unit.<br>\n<br>Los programas AGUAS &amp; PROCESOS prev\u00e9n el cuidado desde el Agua de Alimentaci\u00f3n hasta el tratamiento de la l\u00ednea de condensados pasando por los acondicionamientos internos del Generador y de su l\u00ednea de Vapor.<br>\n<br>They prevent fouling, corrosion, and prevent foaming, ensuring safe and reliable steam production. They consider Oxygen sequestrants, Polymers and Corrosion Inhibitors of the condensate circuits.<br>\n<br>Polymer-based treatments are multi-functional based on two surface adsorption mechanisms (dispersion and crystal modification).<br>\n<br>They distort crystal growth and reduce particle size. This prevents the formation of large, unstable particles that settle on transfer surfaces of the boiler.<br>\n<br>They alter the surface charge of the suspended particles, significantly reducing the attraction between the particles and the internal surfaces of the boiler tube.<br>\n<br>The result is a stabilized suspension of colloidal particles that are easily removed with the Boiler blowdown.<br>\n<br>AGUAS &amp; PROCESOS suggests a wide variety of products to satisfy Your needs that ensures the optimal operation of your Boiler.<br>\n<br>AGUAS &amp; PROCESOS is recognized as a Leader in Water Treatment in Steam Generating Systems.<br>\n<br>In fact, each important development in Water Treatment since 1980 has had AGUAS &amp; PROCESOS as the protagonist, one of the most recent being the study of Technology with Tracer Polymers.<br>\n<br>Our Engineers will work with you to recommend the best Treatment Program based on your specific needs and providing the most detailed information.<br>\n<br>As Steam and Condensate Lines systems are susceptible to corrosion, AGUAS &amp; PROCESOS suggests a specific inhibitor for these applications that neutralizes carbon dioxide and hydrogen sulfide that helps reduce corrosion of carbon and carbon alloys. stainless steel that produce Organic acids and Carbonic acid.<br>\n<br>Fuel additives and combustion aids added to the boiler hearth improve combustion efficiency and reduce fuel and maintenance costs.<br>\n<br>AGUAS &amp; PROCESOS markets a wide range of products approved by SENASA and INAL, for the production of a sanitary steam, essential in every food industry.<br>\n<br>Each product that is used has its Safety sheets, which contain detailed information and are available at AGUAS &amp; PROCESOS.<br>\n<br>GET in contact with Our Technical Support for details, as to decide which option is the best for Your Installation and ... for You.<\/div>\r\n        \r\n            <div class=\"heading-divider\">\r\n            <span class=\"heading-line1\"><\/span>\r\n            <span class=\"heading-line2\"><\/span>\r\n        <\/div>\r\n    <\/div>\t\t\t\t<\/div>\n\t\t\t\t<\/div>\n\t\t\t\t\t<\/div>\n\t\t<\/div>\n\t\t\t\t\t<\/div>\n\t\t<\/section>\n\t\t\t\t<section class=\"elementor-section elementor-top-section elementor-element elementor-element-40442bd elementor-section-boxed elementor-section-height-default elementor-section-height-default\" data-id=\"40442bd\" data-element_type=\"section\" data-e-type=\"section\">\n\t\t\t\t\t\t<div class=\"elementor-container elementor-column-gap-default\">\n\t\t\t\t\t<div class=\"elementor-column elementor-col-33 elementor-top-column elementor-element elementor-element-07c2377\" data-id=\"07c2377\" data-element_type=\"column\" data-e-type=\"column\">\n\t\t\t<div class=\"elementor-widget-wrap elementor-element-populated\">\n\t\t\t\t\t\t<div class=\"elementor-element elementor-element-33c5372 elementor-widget elementor-widget-image\" data-id=\"33c5372\" data-element_type=\"widget\" data-e-type=\"widget\" data-widget_type=\"image.default\">\n\t\t\t\t<div class=\"elementor-widget-container\">\n\t\t\t\t\t\t\t\t\t\t\t\t\t\t\t<img decoding=\"async\" width=\"451\" height=\"300\" src=\"https:\/\/www.aguasyprocesos.com.ar\/wp-content\/uploads\/2020\/10\/quimicos_residuales.jpg\" class=\"attachment-large size-large wp-image-2541\" alt=\"\" srcset=\"https:\/\/www.aguasyprocesos.com.ar\/wp-content\/uploads\/2020\/10\/quimicos_residuales.jpg 451w, https:\/\/www.aguasyprocesos.com.ar\/wp-content\/uploads\/2020\/10\/quimicos_residuales-300x200.jpg 300w\" sizes=\"(max-width: 451px) 100vw, 451px\" \/>\t\t\t\t\t\t\t\t\t\t\t\t\t\t\t<\/div>\n\t\t\t\t<\/div>\n\t\t\t\t<div class=\"elementor-element elementor-element-391a568 elementor-widget elementor-widget-cms_heading\" data-id=\"391a568\" data-element_type=\"widget\" data-e-type=\"widget\" data-widget_type=\"cms_heading.default\">\n\t\t\t\t<div class=\"elementor-widget-container\">\n\t\t\t\t\t<div class=\"cms-heading-wrapper cms-heading-layout1\">\r\n    \r\n            <h5 class=\"custom-heading\">\r\n            <span >RESIDUAL<\/span>\r\n        <\/h5>\r\n        \r\n            <div class=\"custom-heading-description\">AGUAS &amp; PROCESOS uses the most modern technology in flocculating polymers, defoamers, BOD and COD reducers for both the Water Treatment Plants and the Wastewater Plants. Influent clarification programs ensure maximum performance of water plants by removing organic color, hardness, iron, and suspended solids. Advanced Wastewater treatments produce high quality effluent for reuse or discharge in compliance with environmental regulations.<br>\n<br>The improvement of the functioning of the primary and secondary treatments is achieved with a correct choice of the program according to the effluent to be treated. The choice may be to remove oils by flotation, flocculate the organic and inorganic by sedimentation or another applicable process or method.<br>\n<br>AGUAS &amp; PROCESOS is recognized as a Leader for its Wastewater Treatment Technology. In fact, every major development in Water Treatment since 1980 has had AGUAS &amp; PROCESOS as the protagonist. One of the most recent is the Polymer Combination Technology with Ultrafiltration Systems.<\/div>\r\n        \r\n            <div class=\"heading-divider\">\r\n            <span class=\"heading-line1\"><\/span>\r\n            <span class=\"heading-line2\"><\/span>\r\n        <\/div>\r\n    <\/div>\t\t\t\t<\/div>\n\t\t\t\t<\/div>\n\t\t\t\t\t<\/div>\n\t\t<\/div>\n\t\t\t\t<div class=\"elementor-column elementor-col-33 elementor-top-column elementor-element elementor-element-c57b7f0\" data-id=\"c57b7f0\" data-element_type=\"column\" data-e-type=\"column\">\n\t\t\t<div class=\"elementor-widget-wrap elementor-element-populated\">\n\t\t\t\t\t\t<div class=\"elementor-element elementor-element-be0394a elementor-widget elementor-widget-image\" data-id=\"be0394a\" data-element_type=\"widget\" data-e-type=\"widget\" data-widget_type=\"image.default\">\n\t\t\t\t<div class=\"elementor-widget-container\">\n\t\t\t\t\t\t\t\t\t\t\t\t\t\t\t<img loading=\"lazy\" decoding=\"async\" width=\"451\" height=\"300\" src=\"https:\/\/www.aguasyprocesos.com.ar\/wp-content\/uploads\/2020\/10\/quimicos_membranas.jpg\" class=\"attachment-large size-large wp-image-2539\" alt=\"\" srcset=\"https:\/\/www.aguasyprocesos.com.ar\/wp-content\/uploads\/2020\/10\/quimicos_membranas.jpg 451w, https:\/\/www.aguasyprocesos.com.ar\/wp-content\/uploads\/2020\/10\/quimicos_membranas-300x200.jpg 300w\" sizes=\"(max-width: 451px) 100vw, 451px\" \/>\t\t\t\t\t\t\t\t\t\t\t\t\t\t\t<\/div>\n\t\t\t\t<\/div>\n\t\t\t\t<div class=\"elementor-element elementor-element-8fb2c11 elementor-widget elementor-widget-cms_heading\" data-id=\"8fb2c11\" data-element_type=\"widget\" data-e-type=\"widget\" data-widget_type=\"cms_heading.default\">\n\t\t\t\t<div class=\"elementor-widget-container\">\n\t\t\t\t\t<div class=\"cms-heading-wrapper cms-heading-layout1\">\r\n    \r\n            <h5 class=\"custom-heading\">\r\n            <span >MEMBRANES<\/span>\r\n        <\/h5>\r\n        \r\n            <div class=\"custom-heading-description\">At AGUAS &amp; PROCESOS we develop methodologies for the sanitation and preservation of membranes, based on:<br>\n<br><b>PRESERVATIVE<br>\nANTIESHEALING<\/b><br>\n<br>Also, in our company you will find all the necessary advice to prolong the useful life of the membranes.<\/div>\r\n        \r\n            <div class=\"heading-divider\">\r\n            <span class=\"heading-line1\"><\/span>\r\n            <span class=\"heading-line2\"><\/span>\r\n        <\/div>\r\n    <\/div>\t\t\t\t<\/div>\n\t\t\t\t<\/div>\n\t\t\t\t\t<\/div>\n\t\t<\/div>\n\t\t\t\t<div class=\"elementor-column elementor-col-33 elementor-top-column elementor-element elementor-element-9ffe5ab\" data-id=\"9ffe5ab\" data-element_type=\"column\" data-e-type=\"column\">\n\t\t\t<div class=\"elementor-widget-wrap elementor-element-populated\">\n\t\t\t\t\t\t<div class=\"elementor-element elementor-element-1074aa6 elementor-widget elementor-widget-image\" data-id=\"1074aa6\" data-element_type=\"widget\" data-e-type=\"widget\" data-widget_type=\"image.default\">\n\t\t\t\t<div class=\"elementor-widget-container\">\n\t\t\t\t\t\t\t\t\t\t\t\t\t\t\t<img loading=\"lazy\" decoding=\"async\" width=\"451\" height=\"300\" src=\"https:\/\/www.aguasyprocesos.com.ar\/wp-content\/uploads\/2020\/10\/quimicos_limpieza.jpg\" class=\"attachment-large size-large wp-image-2546\" alt=\"\" srcset=\"https:\/\/www.aguasyprocesos.com.ar\/wp-content\/uploads\/2020\/10\/quimicos_limpieza.jpg 451w, https:\/\/www.aguasyprocesos.com.ar\/wp-content\/uploads\/2020\/10\/quimicos_limpieza-300x200.jpg 300w\" sizes=\"(max-width: 451px) 100vw, 451px\" \/>\t\t\t\t\t\t\t\t\t\t\t\t\t\t\t<\/div>\n\t\t\t\t<\/div>\n\t\t\t\t<div class=\"elementor-element elementor-element-5f29a4c elementor-widget elementor-widget-cms_heading\" data-id=\"5f29a4c\" data-element_type=\"widget\" data-e-type=\"widget\" data-widget_type=\"cms_heading.default\">\n\t\t\t\t<div class=\"elementor-widget-container\">\n\t\t\t\t\t<div class=\"cms-heading-wrapper cms-heading-layout1\">\r\n    \r\n            <h5 class=\"custom-heading\">\r\n            <span >CLEANING<\/span>\r\n        <\/h5>\r\n        \r\n            <div class=\"custom-heading-description\">The AGUAS &amp; PROCESOS Engineering Department has the necessary equipment to carry out industrial cleaning of Steam Generators, Condensers, Pipes and other manufacturing facilities.\n\nAlternatively, the products and the necessary advice for cleaning by plant personnel are advised.\n\nAmong the products of habitual use that are recommended, the following can be included:\n<br>\n<br><b>ACID CLEANERS\n\n<br>ALKALINE CLEANERS\n\n<br>INHIBITORS\n\n<br>PENETRANTS\n\n<br>DEGREASERS\n\n<br>DECARBONIZERS\n\n<br>DISPERSANTS\n\n<br>PASSIVERS<\/b><\/div>\r\n        \r\n            <div class=\"heading-divider\">\r\n            <span class=\"heading-line1\"><\/span>\r\n            <span class=\"heading-line2\"><\/span>\r\n        <\/div>\r\n    <\/div>\t\t\t\t<\/div>\n\t\t\t\t<\/div>\n\t\t\t\t\t<\/div>\n\t\t<\/div>\n\t\t\t\t\t<\/div>\n\t\t<\/section>\n\t\t\t\t<\/div>","protected":false},"excerpt":{"rendered":"<p>TRATAMIENTOS QU\u00cdMICOS Los programas AGUAS &amp; PROCESOS espec\u00edficos para su acondicionamiento incluyen un amplio rango de operaciones de Producci\u00f3n que permiten mejorar la calidad del producto, aumentar la productividad, proteger los equipos, reducir gastos de mantenimiento y explotaci\u00f3n, respetando el Medio Ambiente, y cumpliendo los Objetivos de Higiene y Seguridad Industrial. Por ser el AGUA [&hellip;]<\/p>\n","protected":false},"author":2,"featured_media":0,"parent":1874,"menu_order":0,"comment_status":"closed","ping_status":"closed","template":"","meta":{"footnotes":""},"class_list":["post-2526","page","type-page","status-publish","hentry"],"_links":{"self":[{"href":"https:\/\/www.aguasyprocesos.com.ar\/en\/wp-json\/wp\/v2\/pages\/2526","targetHints":{"allow":["GET"]}}],"collection":[{"href":"https:\/\/www.aguasyprocesos.com.ar\/en\/wp-json\/wp\/v2\/pages"}],"about":[{"href":"https:\/\/www.aguasyprocesos.com.ar\/en\/wp-json\/wp\/v2\/types\/page"}],"author":[{"embeddable":true,"href":"https:\/\/www.aguasyprocesos.com.ar\/en\/wp-json\/wp\/v2\/users\/2"}],"replies":[{"embeddable":true,"href":"https:\/\/www.aguasyprocesos.com.ar\/en\/wp-json\/wp\/v2\/comments?post=2526"}],"version-history":[{"count":30,"href":"https:\/\/www.aguasyprocesos.com.ar\/en\/wp-json\/wp\/v2\/pages\/2526\/revisions"}],"predecessor-version":[{"id":14363,"href":"https:\/\/www.aguasyprocesos.com.ar\/en\/wp-json\/wp\/v2\/pages\/2526\/revisions\/14363"}],"up":[{"embeddable":true,"href":"https:\/\/www.aguasyprocesos.com.ar\/en\/wp-json\/wp\/v2\/pages\/1874"}],"wp:attachment":[{"href":"https:\/\/www.aguasyprocesos.com.ar\/en\/wp-json\/wp\/v2\/media?parent=2526"}],"curies":[{"name":"wp","href":"https:\/\/api.w.org\/{rel}","templated":true}]}}