{"id":4100,"date":"2021-07-14T12:12:12","date_gmt":"2021-07-14T15:12:12","guid":{"rendered":"https:\/\/www.aguasyprocesos.com.ar\/?page_id=4100"},"modified":"2022-07-21T09:59:56","modified_gmt":"2022-07-21T12:59:56","slug":"reuso-de-efluentes-industriales","status":"publish","type":"page","link":"https:\/\/www.aguasyprocesos.com.ar\/en\/proyectos\/reuso-de-efluentes-industriales\/","title":{"rendered":"Reuso de Efluentes Industriales"},"content":{"rendered":"<div data-elementor-type=\"wp-page\" data-elementor-id=\"4100\" class=\"elementor elementor-4100\">\n\t\t\t\t\t\t<section class=\"elementor-section elementor-top-section elementor-element elementor-element-b3b6efb elementor-section-stretched elementor-section-content-middle elementor-section-boxed elementor-section-height-default elementor-section-height-default\" data-id=\"b3b6efb\" data-element_type=\"section\" data-e-type=\"section\" data-settings=\"{&quot;stretch_section&quot;:&quot;section-stretched&quot;,&quot;background_background&quot;:&quot;classic&quot;}\">\n\t\t\t\t\t\t\t<div class=\"elementor-background-overlay\"><\/div>\n\t\t\t\t\t\t\t<div class=\"elementor-container elementor-column-gap-extended\">\n\t\t\t\t\t<div class=\"elementor-column elementor-col-50 elementor-top-column elementor-element elementor-element-922acfc\" data-id=\"922acfc\" data-element_type=\"column\" data-e-type=\"column\">\n\t\t\t<div class=\"elementor-widget-wrap elementor-element-populated\">\n\t\t\t\t\t\t<div class=\"elementor-element elementor-element-393f321 elementor-widget__width-initial elementor-absolute elementor-widget elementor-widget-text-editor\" data-id=\"393f321\" data-element_type=\"widget\" data-e-type=\"widget\" data-settings=\"{&quot;_position&quot;:&quot;absolute&quot;}\" data-widget_type=\"text-editor.default\">\n\t\t\t\t<div class=\"elementor-widget-container\">\n\t\t\t\t\t\t\t\t\t<h2 style=\"text-align: left;\"><span style=\"color: #ffffff;\">REUSO DE EFLUENTES INDUSTRIALES<\/span><\/h2>\t\t\t\t\t\t\t\t<\/div>\n\t\t\t\t<\/div>\n\t\t\t\t<div class=\"elementor-element elementor-element-3291ab0 elementor-widget elementor-widget-spacer\" data-id=\"3291ab0\" data-element_type=\"widget\" data-e-type=\"widget\" data-widget_type=\"spacer.default\">\n\t\t\t\t<div class=\"elementor-widget-container\">\n\t\t\t\t\t\t\t<div class=\"elementor-spacer\">\n\t\t\t<div class=\"elementor-spacer-inner\"><\/div>\n\t\t<\/div>\n\t\t\t\t\t\t<\/div>\n\t\t\t\t<\/div>\n\t\t\t\t\t<\/div>\n\t\t<\/div>\n\t\t\t\t<div class=\"elementor-column elementor-col-50 elementor-top-column elementor-element elementor-element-426d9e8\" data-id=\"426d9e8\" data-element_type=\"column\" data-e-type=\"column\">\n\t\t\t<div class=\"elementor-widget-wrap\">\n\t\t\t\t\t\t\t<\/div>\n\t\t<\/div>\n\t\t\t\t\t<\/div>\n\t\t<\/section>\n\t\t\t\t<section class=\"elementor-section elementor-top-section elementor-element elementor-element-9c582ce elementor-section-boxed elementor-section-height-default elementor-section-height-default\" data-id=\"9c582ce\" data-element_type=\"section\" data-e-type=\"section\">\n\t\t\t\t\t\t<div class=\"elementor-container elementor-column-gap-default\">\n\t\t\t\t\t<div class=\"elementor-column elementor-col-100 elementor-top-column elementor-element elementor-element-380a42b\" data-id=\"380a42b\" data-element_type=\"column\" data-e-type=\"column\">\n\t\t\t<div class=\"elementor-widget-wrap elementor-element-populated\">\n\t\t\t\t\t\t\t<\/div>\n\t\t<\/div>\n\t\t\t\t\t<\/div>\n\t\t<\/section>\n\t\t\t\t<section class=\"elementor-section elementor-top-section elementor-element elementor-element-c04b1b9 elementor-section-boxed elementor-section-height-default elementor-section-height-default\" data-id=\"c04b1b9\" data-element_type=\"section\" data-e-type=\"section\">\n\t\t\t\t\t\t<div class=\"elementor-container elementor-column-gap-default\">\n\t\t\t\t\t<div class=\"elementor-column elementor-col-100 elementor-top-column elementor-element elementor-element-3b4bc44\" data-id=\"3b4bc44\" data-element_type=\"column\" data-e-type=\"column\">\n\t\t\t<div class=\"elementor-widget-wrap elementor-element-populated\">\n\t\t\t\t\t\t<div class=\"elementor-element elementor-element-760c809 elementor-widget elementor-widget-spacer\" data-id=\"760c809\" data-element_type=\"widget\" data-e-type=\"widget\" data-widget_type=\"spacer.default\">\n\t\t\t\t<div class=\"elementor-widget-container\">\n\t\t\t\t\t\t\t<div class=\"elementor-spacer\">\n\t\t\t<div class=\"elementor-spacer-inner\"><\/div>\n\t\t<\/div>\n\t\t\t\t\t\t<\/div>\n\t\t\t\t<\/div>\n\t\t\t\t\t<\/div>\n\t\t<\/div>\n\t\t\t\t\t<\/div>\n\t\t<\/section>\n\t\t\t\t<section class=\"elementor-section elementor-top-section elementor-element elementor-element-e3f1afc elementor-section-boxed elementor-section-height-default elementor-section-height-default\" data-id=\"e3f1afc\" data-element_type=\"section\" data-e-type=\"section\">\n\t\t\t\t\t\t<div class=\"elementor-container elementor-column-gap-default\">\n\t\t\t\t\t<div class=\"elementor-column elementor-col-100 elementor-top-column elementor-element elementor-element-241d2c9\" data-id=\"241d2c9\" data-element_type=\"column\" data-e-type=\"column\">\n\t\t\t<div class=\"elementor-widget-wrap\">\n\t\t\t\t\t\t\t<\/div>\n\t\t<\/div>\n\t\t\t\t\t<\/div>\n\t\t<\/section>\n\t\t\t\t<section class=\"elementor-section elementor-top-section elementor-element elementor-element-fabccb8 elementor-section-boxed elementor-section-height-default elementor-section-height-default\" data-id=\"fabccb8\" data-element_type=\"section\" data-e-type=\"section\">\n\t\t\t\t\t\t<div class=\"elementor-container elementor-column-gap-default\">\n\t\t\t\t\t<div class=\"elementor-column elementor-col-50 elementor-top-column elementor-element elementor-element-f7fbbca\" data-id=\"f7fbbca\" data-element_type=\"column\" data-e-type=\"column\">\n\t\t\t<div class=\"elementor-widget-wrap elementor-element-populated\">\n\t\t\t\t\t\t<div class=\"elementor-element elementor-element-4a27aea elementor-widget elementor-widget-html\" data-id=\"4a27aea\" data-element_type=\"widget\" data-e-type=\"widget\" data-widget_type=\"html.default\">\n\t\t\t\t<div class=\"elementor-widget-container\">\n\t\t\t\t\t<div class=\"cms-project-detail\">\r\n                    <h3 class=\"wg-title\">Project details<\/h3>\r\n                <ul>\r\n                            <li class=\"\">\r\n                \t<label>Tipo Industria:<\/label>\r\n                    L\u00e1ctea               <\/li>\r\n                            <li class=\"\">\r\n                \t<label>Fecha de Construcci\u00f3n:<\/label>\r\n                                   <\/li>\r\n                            <li class=\"\">\r\n                \t\r\n                \t<label>Ubicaci\u00f3n:<\/label>\r\n                                   <\/li>\r\n                            \r\n                             <\/li>\r\n                    <\/ul>\r\n            <div class=\"portfolio-socail-share\">\r\n        <label class=\"label\">Share:<\/label>\r\n        <a class=\"fb-social hover-effect\" title=\"Facebook\" target=\"_blank\" href=\"https:\/\/www.facebook.com\/sharer.php?u=https:\/\/www.aguasyprocesos.com.ar\/proyectos\/lacteas\/&amp;t=Regulatory+Compliance\"><i class=\"fab fac-facebook-f\"><\/i><\/a>\r\n                <a class=\"linkedin-social hover-effect\" title=\"Linkedin\" target=\"_blank\" href=\"https:\/\/www.linkedin.com\/shareArticle?mini=true&url=https:\/\/www.aguasyprocesos.com.ar\/proyectos\/lacteas\/\"><i class=\"fab fac-linkedin\"><\/i><\/a>\r\n       \r\n    <\/div>\r\n        <\/div>\t\t\t\t<\/div>\n\t\t\t\t<\/div>\n\t\t\t\t<div class=\"elementor-element elementor-element-4948ec0 elementor-widget elementor-widget-spacer\" data-id=\"4948ec0\" data-element_type=\"widget\" data-e-type=\"widget\" data-widget_type=\"spacer.default\">\n\t\t\t\t<div class=\"elementor-widget-container\">\n\t\t\t\t\t\t\t<div class=\"elementor-spacer\">\n\t\t\t<div class=\"elementor-spacer-inner\"><\/div>\n\t\t<\/div>\n\t\t\t\t\t\t<\/div>\n\t\t\t\t<\/div>\n\t\t\t\t<div class=\"elementor-element elementor-element-97caae3 elementor-widget elementor-widget-html\" data-id=\"97caae3\" data-element_type=\"widget\" data-e-type=\"widget\" data-widget_type=\"html.default\">\n\t\t\t\t<div class=\"elementor-widget-container\">\n\t\t\t\t\t<div class=\"elementor-element elementor-element-58c001e1 elementor-widget elementor-widget-cms_download\" data-id=\"58c001e1\" data-element_type=\"widget\" data-widget_type=\"cms_download.default\">\r\n\t\t\t\t<div class=\"elementor-widget-container\">\r\n\t\t\t    <div class=\"cms-download\">\r\n    \t    \t\t<h3 class=\"el-title\">Brochure<\/h3>\r\n    \t                    <div class=\"el-desc\">For more information download the full brochure.<\/div>\r\n                           \r\n                    <\/div>\r\n    <\/div>\r\n\t\t<\/div>\r\n\t\t\t\t\t\t<\/div>\n\t\t\t\t<\/div>\n\t\t\t\t\t<\/div>\n\t\t<\/div>\n\t\t\t\t<div class=\"elementor-column elementor-col-50 elementor-top-column elementor-element elementor-element-ba7d1f6\" data-id=\"ba7d1f6\" data-element_type=\"column\" data-e-type=\"column\" data-settings=\"{&quot;background_background&quot;:&quot;slideshow&quot;,&quot;background_slideshow_gallery&quot;:[],&quot;background_slideshow_loop&quot;:&quot;yes&quot;,&quot;background_slideshow_slide_duration&quot;:5000,&quot;background_slideshow_slide_transition&quot;:&quot;fade&quot;,&quot;background_slideshow_transition_duration&quot;:500}\">\n\t\t\t<div class=\"elementor-widget-wrap elementor-element-populated\">\n\t\t\t\t\t\t<div class=\"elementor-element elementor-element-26af92d elementor-widget elementor-widget-html\" data-id=\"26af92d\" data-element_type=\"widget\" data-e-type=\"widget\" data-widget_type=\"html.default\">\n\t\t\t\t<div class=\"elementor-widget-container\">\n\t\t\t\t\t<div class=\"elementor-column-wrap  elementor-element-populated\">\r\n\t\t\t\t\t<div class=\"elementor-widget-wrap\">\r\n\t\t\t\t<div class=\"elementor-element elementor-element-280d52fc elementor-widget elementor-widget-cms_heading\" data-id=\"280d52fc\" data-element_type=\"widget\" data-widget_type=\"cms_heading.default\">\r\n\t\t\t\t<div class=\"elementor-widget-container\">\r\n\t\t\t<div class=\"cms-heading-wrapper cms-heading-layout1\">\r\n    \r\n            <h3 class=\"custom-heading\">\r\n            <span>REUSO DE EFLUENTES INDUSTRIALES<\/span>\r\n        <\/h3>\r\n        \r\n        \r\n    <\/div>\t\t<\/div>\r\n\t\t\t\t<\/div>\r\n\t\t\t\t<div class=\"elementor-element elementor-element-114a7571 elementor-widget elementor-widget-text-editor\" data-id=\"114a7571\" data-element_type=\"widget\" data-widget_type=\"text-editor.default\">\r\n\t\t\t\t<div class=\"elementor-widget-container\">\r\n\t\t\t\t\t<div class=\"elementor-text-editor elementor-clearfix\">\r\n\t\t\t\t\r\n\t\t <b>REQUISITOS DEL CLIENTE<\/b><br>Reemplazar el sistema existente por uno que permita el vuelco en condiciones \u00f3ptimas y REUSAR el 50% de los efluentes tratados en los procesos industriales.\r\n\t\t\t\t    <br>\r\n\t\t\t\t    <br>\r\n\t\t\t\t    <b>BENEFICIOS<\/b>\r\n\t\t\t\t    <br>\r\n\t\t\t\t    <li>Bajo consumo energ\u00e9tico.<\/li>\r\n\t\t\t <li>Constancia en la calidad de la corriente de REUSO y VUELCO.\r\n\t\t\t\t    <br><\/li>\r\n\t\t\t\t    <li>Mejor relaci\u00f3n volumen tratado por m2 ocupado.<\/li>\r\n\t\t\t<br><b>SOLUCI\u00d3N LLAVE EN MANO<br><\/b>\r\n        \r\n            \tObras Civiles - Rejas- Presurizaci\u00f3n - Tamices - Ecualizaci\u00f3n - DAF - BioReactor Aer\u00f3bico de Membranas AMBR LE - RO - UV - Tratamiento de Lodos - Full Autom\u00e1tico con Acceso Remoto.\r\n\r\n\r\n\r\n  \r\n\t\t\t\t\r\n\t\t\r\n\t\t\t\r\n        \r\n            \t\t\t\t\t<\/div>\n\t\t\t\t<\/div>\n\t\t\t\t<section class=\"elementor-section elementor-inner-section elementor-element elementor-element-d9db754 elementor-section-boxed elementor-section-height-default elementor-section-height-default\" data-id=\"d9db754\" data-element_type=\"section\" data-e-type=\"section\">\n\t\t\t\t\t\t<div class=\"elementor-container elementor-column-gap-default\">\n\t\t\t\t\t<div class=\"elementor-column elementor-col-100 elementor-inner-column elementor-element elementor-element-4af069a\" data-id=\"4af069a\" data-element_type=\"column\" data-e-type=\"column\">\n\t\t\t<div class=\"elementor-widget-wrap elementor-element-populated\">\n\t\t\t\t\t\t<div class=\"elementor-element elementor-element-2b00feb elementor-widget elementor-widget-spacer\" data-id=\"2b00feb\" data-element_type=\"widget\" data-e-type=\"widget\" data-widget_type=\"spacer.default\">\n\t\t\t\t<div class=\"elementor-widget-container\">\n\t\t\t\t\t\t\t<div class=\"elementor-spacer\">\n\t\t\t<div class=\"elementor-spacer-inner\"><\/div>\n\t\t<\/div>\n\t\t\t\t\t\t<\/div>\n\t\t\t\t<\/div>\n\t\t\t\t<div class=\"elementor-element elementor-element-97630c4 elementor-widget elementor-widget-image\" data-id=\"97630c4\" data-element_type=\"widget\" data-e-type=\"widget\" data-widget_type=\"image.default\">\n\t\t\t\t<div class=\"elementor-widget-container\">\n\t\t\t\t\t\t\t\t\t\t\t\t\t\t\t<img fetchpriority=\"high\" decoding=\"async\" width=\"640\" height=\"268\" src=\"https:\/\/www.aguasyprocesos.com.ar\/wp-content\/uploads\/2021\/07\/AQUABIO-@-AP-1024x428.png\" class=\"attachment-large size-large wp-image-4103\" alt=\"\" srcset=\"https:\/\/www.aguasyprocesos.com.ar\/wp-content\/uploads\/2021\/07\/AQUABIO-@-AP-1024x428.png 1024w, https:\/\/www.aguasyprocesos.com.ar\/wp-content\/uploads\/2021\/07\/AQUABIO-@-AP-300x125.png 300w, https:\/\/www.aguasyprocesos.com.ar\/wp-content\/uploads\/2021\/07\/AQUABIO-@-AP-768x321.png 768w, https:\/\/www.aguasyprocesos.com.ar\/wp-content\/uploads\/2021\/07\/AQUABIO-@-AP-1536x642.png 1536w, https:\/\/www.aguasyprocesos.com.ar\/wp-content\/uploads\/2021\/07\/AQUABIO-@-AP-2048x856.png 2048w\" sizes=\"(max-width: 640px) 100vw, 640px\" \/>\t\t\t\t\t\t\t\t\t\t\t\t\t\t\t<\/div>\n\t\t\t\t<\/div>\n\t\t\t\t\t<\/div>\n\t\t<\/div>\n\t\t\t\t\t<\/div>\n\t\t<\/section>\n\t\t\t\t\t<\/div>\n\t\t<\/div>\n\t\t\t\t\t<\/div>\n\t\t<\/section>\n\t\t\t\t<section class=\"elementor-section elementor-top-section elementor-element elementor-element-181681d elementor-section-boxed elementor-section-height-default elementor-section-height-default\" data-id=\"181681d\" data-element_type=\"section\" data-e-type=\"section\">\n\t\t\t\t\t\t<div class=\"elementor-container elementor-column-gap-default\">\n\t\t\t\t\t<div class=\"elementor-column elementor-col-100 elementor-top-column elementor-element elementor-element-a8489f5\" data-id=\"a8489f5\" data-element_type=\"column\" data-e-type=\"column\">\n\t\t\t<div class=\"elementor-widget-wrap\">\n\t\t\t\t\t\t\t<\/div>\n\t\t<\/div>\n\t\t\t\t\t<\/div>\n\t\t<\/section>\n\t\t\t\t<section class=\"elementor-section elementor-top-section elementor-element elementor-element-eff7c0c elementor-section-boxed elementor-section-height-default elementor-section-height-default\" data-id=\"eff7c0c\" data-element_type=\"section\" data-e-type=\"section\">\n\t\t\t\t\t\t<div class=\"elementor-container elementor-column-gap-default\">\n\t\t\t\t\t<div class=\"elementor-column elementor-col-33 elementor-top-column elementor-element elementor-element-12459c7\" data-id=\"12459c7\" data-element_type=\"column\" data-e-type=\"column\">\n\t\t\t<div class=\"elementor-widget-wrap elementor-element-populated\">\n\t\t\t\t\t\t<div class=\"elementor-element elementor-element-4f8f1a6 elementor-widget elementor-widget-image\" data-id=\"4f8f1a6\" data-element_type=\"widget\" data-e-type=\"widget\" data-widget_type=\"image.default\">\n\t\t\t\t<div class=\"elementor-widget-container\">\n\t\t\t\t\t\t\t\t\t\t\t\t\t\t\t<img decoding=\"async\" width=\"640\" height=\"264\" src=\"https:\/\/www.aguasyprocesos.com.ar\/wp-content\/uploads\/2021\/07\/Tabla-1024x422.png\" class=\"attachment-large size-large wp-image-4104\" alt=\"\" srcset=\"https:\/\/www.aguasyprocesos.com.ar\/wp-content\/uploads\/2021\/07\/Tabla-1024x422.png 1024w, https:\/\/www.aguasyprocesos.com.ar\/wp-content\/uploads\/2021\/07\/Tabla-300x124.png 300w, https:\/\/www.aguasyprocesos.com.ar\/wp-content\/uploads\/2021\/07\/Tabla-768x317.png 768w, https:\/\/www.aguasyprocesos.com.ar\/wp-content\/uploads\/2021\/07\/Tabla-1536x634.png 1536w, https:\/\/www.aguasyprocesos.com.ar\/wp-content\/uploads\/2021\/07\/Tabla-2048x845.png 2048w\" sizes=\"(max-width: 640px) 100vw, 640px\" \/>\t\t\t\t\t\t\t\t\t\t\t\t\t\t\t<\/div>\n\t\t\t\t<\/div>\n\t\t\t\t<div class=\"elementor-element elementor-element-bbcfc41 elementor-widget elementor-widget-spacer\" data-id=\"bbcfc41\" data-element_type=\"widget\" data-e-type=\"widget\" data-widget_type=\"spacer.default\">\n\t\t\t\t<div class=\"elementor-widget-container\">\n\t\t\t\t\t\t\t<div class=\"elementor-spacer\">\n\t\t\t<div class=\"elementor-spacer-inner\"><\/div>\n\t\t<\/div>\n\t\t\t\t\t\t<\/div>\n\t\t\t\t<\/div>\n\t\t\t\t<div class=\"elementor-element elementor-element-029f175 elementor-widget elementor-widget-image\" data-id=\"029f175\" data-element_type=\"widget\" data-e-type=\"widget\" data-widget_type=\"image.default\">\n\t\t\t\t<div class=\"elementor-widget-container\">\n\t\t\t\t\t\t\t\t\t\t\t\t\t\t\t<img decoding=\"async\" width=\"640\" height=\"371\" src=\"https:\/\/www.aguasyprocesos.com.ar\/wp-content\/uploads\/2021\/07\/Copia_de_seguridad_de_Sin-t\u00edtulo-2-2-1024x593.jpg\" class=\"attachment-large size-large wp-image-4105\" alt=\"\" srcset=\"https:\/\/www.aguasyprocesos.com.ar\/wp-content\/uploads\/2021\/07\/Copia_de_seguridad_de_Sin-t\u00edtulo-2-2-1024x593.jpg 1024w, https:\/\/www.aguasyprocesos.com.ar\/wp-content\/uploads\/2021\/07\/Copia_de_seguridad_de_Sin-t\u00edtulo-2-2-300x174.jpg 300w, https:\/\/www.aguasyprocesos.com.ar\/wp-content\/uploads\/2021\/07\/Copia_de_seguridad_de_Sin-t\u00edtulo-2-2-768x445.jpg 768w, https:\/\/www.aguasyprocesos.com.ar\/wp-content\/uploads\/2021\/07\/Copia_de_seguridad_de_Sin-t\u00edtulo-2-2-1536x889.jpg 1536w, https:\/\/www.aguasyprocesos.com.ar\/wp-content\/uploads\/2021\/07\/Copia_de_seguridad_de_Sin-t\u00edtulo-2-2-2048x1186.jpg 2048w\" sizes=\"(max-width: 640px) 100vw, 640px\" \/>\t\t\t\t\t\t\t\t\t\t\t\t\t\t\t<\/div>\n\t\t\t\t<\/div>\n\t\t\t\t<div class=\"elementor-element elementor-element-f916c69 elementor-widget elementor-widget-spacer\" data-id=\"f916c69\" data-element_type=\"widget\" data-e-type=\"widget\" data-widget_type=\"spacer.default\">\n\t\t\t\t<div class=\"elementor-widget-container\">\n\t\t\t\t\t\t\t<div class=\"elementor-spacer\">\n\t\t\t<div class=\"elementor-spacer-inner\"><\/div>\n\t\t<\/div>\n\t\t\t\t\t\t<\/div>\n\t\t\t\t<\/div>\n\t\t\t\t\t<\/div>\n\t\t<\/div>\n\t\t\t\t<div class=\"elementor-column elementor-col-66 elementor-top-column elementor-element elementor-element-6d760d2\" data-id=\"6d760d2\" data-element_type=\"column\" data-e-type=\"column\">\n\t\t\t<div class=\"elementor-widget-wrap elementor-element-populated\">\n\t\t\t\t\t\t<div class=\"elementor-element elementor-element-a94ce10 elementor-widget elementor-widget-image\" data-id=\"a94ce10\" data-element_type=\"widget\" data-e-type=\"widget\" data-widget_type=\"image.default\">\n\t\t\t\t<div class=\"elementor-widget-container\">\n\t\t\t\t\t\t\t\t\t\t\t\t\t\t\t<img loading=\"lazy\" decoding=\"async\" width=\"864\" height=\"489\" src=\"https:\/\/www.aguasyprocesos.com.ar\/wp-content\/uploads\/2021\/07\/aq1.jpg\" class=\"attachment-full size-full wp-image-4109\" alt=\"\" srcset=\"https:\/\/www.aguasyprocesos.com.ar\/wp-content\/uploads\/2021\/07\/aq1.jpg 864w, https:\/\/www.aguasyprocesos.com.ar\/wp-content\/uploads\/2021\/07\/aq1-300x170.jpg 300w, https:\/\/www.aguasyprocesos.com.ar\/wp-content\/uploads\/2021\/07\/aq1-768x435.jpg 768w\" sizes=\"(max-width: 864px) 100vw, 864px\" \/>\t\t\t\t\t\t\t\t\t\t\t\t\t\t\t<\/div>\n\t\t\t\t<\/div>\n\t\t\t\t\t<\/div>\n\t\t<\/div>\n\t\t\t\t\t<\/div>\n\t\t<\/section>\n\t\t\t\t<\/div>","protected":false},"excerpt":{"rendered":"<p>REUSO DE EFLUENTES INDUSTRIALES Home Proyectos Reuso de Efluentes Industriales Detalles del Proyecto Tipo Industria: L\u00e1ctea Fecha de Construcci\u00f3n: Ubicaci\u00f3n: Compartir: Folleto Para m\u00e1s informaci\u00f3n descarg\u00e1 el folleto completo. REUSO DE EFLUENTES INDUSTRIALES REQUISITOS DEL CLIENTE Reemplazar el sistema existente por uno que permita el vuelco en condiciones \u00f3ptimas y REUSAR el 50% de los [&hellip;]<\/p>\n","protected":false},"author":3,"featured_media":0,"parent":1865,"menu_order":0,"comment_status":"closed","ping_status":"closed","template":"","meta":{"footnotes":""},"class_list":["post-4100","page","type-page","status-publish","hentry"],"_links":{"self":[{"href":"https:\/\/www.aguasyprocesos.com.ar\/en\/wp-json\/wp\/v2\/pages\/4100","targetHints":{"allow":["GET"]}}],"collection":[{"href":"https:\/\/www.aguasyprocesos.com.ar\/en\/wp-json\/wp\/v2\/pages"}],"about":[{"href":"https:\/\/www.aguasyprocesos.com.ar\/en\/wp-json\/wp\/v2\/types\/page"}],"author":[{"embeddable":true,"href":"https:\/\/www.aguasyprocesos.com.ar\/en\/wp-json\/wp\/v2\/users\/3"}],"replies":[{"embeddable":true,"href":"https:\/\/www.aguasyprocesos.com.ar\/en\/wp-json\/wp\/v2\/comments?post=4100"}],"version-history":[{"count":14,"href":"https:\/\/www.aguasyprocesos.com.ar\/en\/wp-json\/wp\/v2\/pages\/4100\/revisions"}],"predecessor-version":[{"id":8214,"href":"https:\/\/www.aguasyprocesos.com.ar\/en\/wp-json\/wp\/v2\/pages\/4100\/revisions\/8214"}],"up":[{"embeddable":true,"href":"https:\/\/www.aguasyprocesos.com.ar\/en\/wp-json\/wp\/v2\/pages\/1865"}],"wp:attachment":[{"href":"https:\/\/www.aguasyprocesos.com.ar\/en\/wp-json\/wp\/v2\/media?parent=4100"}],"curies":[{"name":"wp","href":"https:\/\/api.w.org\/{rel}","templated":true}]}}