{"id":11,"date":"2019-12-03T01:46:24","date_gmt":"2019-12-03T01:46:24","guid":{"rendered":"https:\/\/demo.cmssuperheroes.com\/themeforest\/facmaster\/?page_id=11"},"modified":"2023-03-17T19:28:34","modified_gmt":"2023-03-17T22:28:34","slug":"home-2","status":"publish","type":"page","link":"https:\/\/www.aguasyprocesos.com.ar\/pt\/","title":{"rendered":"Come\u00e7ar"},"content":{"rendered":"\t\t<div data-elementor-type=\"wp-page\" data-elementor-id=\"11\" class=\"elementor elementor-11\">\n\t\t\t\t\t\t<section class=\"elementor-section elementor-top-section elementor-element elementor-element-b6de1a5 elementor-section-stretched elementor-section-height-min-height elementor-section-items-top elementor-section-boxed elementor-section-height-default\" data-id=\"b6de1a5\" data-element_type=\"section\" data-e-type=\"section\" data-settings=\"{&quot;stretch_section&quot;:&quot;section-stretched&quot;,&quot;background_background&quot;:&quot;video&quot;,&quot;background_play_on_mobile&quot;:&quot;yes&quot;}\">\n\t\t\t\t\t\t\t<div class=\"elementor-background-overlay\"><\/div>\n\t\t\t\t\t\t\t<div class=\"elementor-container elementor-column-gap-default\">\n\t\t\t\t\t<div class=\"elementor-column elementor-col-100 elementor-top-column elementor-element elementor-element-a37afc3\" data-id=\"a37afc3\" data-element_type=\"column\" data-e-type=\"column\">\n\t\t\t<div class=\"elementor-widget-wrap elementor-element-populated\">\n\t\t\t\t\t\t<div class=\"elementor-element elementor-element-37afc76 elementor-widget elementor-widget-slider_revolution\" data-id=\"37afc76\" data-element_type=\"widget\" data-e-type=\"widget\" data-widget_type=\"slider_revolution.default\">\n\t\t\t\t<div class=\"elementor-widget-container\">\n\t\t\t\t\t\r\n\t\t<div class=\"wp-block-themepunch-revslider\">\n\t\t\t<!-- START SliderAyP REVOLUTION SLIDER 6.1.8 --><p class=\"rs-p-wp-fix\"><\/p>\n\t\t\t<rs-module-wrap id=\"rev_slider_9_1_wrapper\" data-source=\"gallery\" style=\"background:transparent;padding:0;margin:0px auto;margin-top:0;margin-bottom:0;\">\n\t\t\t\t<rs-module id=\"rev_slider_9_1\" style=\"display:none;\" data-version=\"6.1.8\">\n\t\t\t\t\t<rs-slides>\n\t\t\t\t\t\t<rs-slide data-key=\"rs-12\" data-title=\"Slide\" data-anim=\"ei:d;eo:d;s:1000;r:0;t:fade;sl:0;\">\n\t\t\t\t\t\t\t<img decoding=\"async\" src=\"\/\/www.aguasyprocesos.com.ar\/wp-content\/plugins\/revslider\/public\/assets\/assets\/transparent.png\" title=\"Home\" class=\"rev-slidebg\" data-no-retina>\n\t\t\t\t\t\t\t<rs-bgvideo \n\t\t\t\t\t\t\t\tdata-video=\"vc:none;w:100%;h:100%;sta:0:01;nse:false;rwd:false;l:true;ptimer:false;\"\n\t\t\t\t\t\t\t\tdata-ytid=\"9bdrtY_PDHY\"\n\t\t\t\t\t\t\t\tdata-vatr=\"version=3&amp;enablejsapi=1&amp;html5=1&amp;hd=1&amp;wmode=opaque&amp;showinfo=0&amp;rel=0&amp;origin=https:\/\/www.aguasyprocesos.com.ar;\"\n\t\t\t\t\t\t\t><\/rs-bgvideo>\n<!--\n\t\t\t\t\t\t\t--><rs-layer\n\t\t\t\t\t\t\t\tid=\"slider-9-slide-12-layer-0\" \n\t\t\t\t\t\t\t\tclass=\"rs-layer-audio rs-layer-hidden\"\n\t\t\t\t\t\t\t\tdata-type=\"audio\"\n\t\t\t\t\t\t\t\tdata-rsp_ch=\"on\"\n\t\t\t\t\t\t\t\tdata-xy=\"x:50px;y:50px;\"\n\t\t\t\t\t\t\t\tdata-text=\"w:normal;\"\n\t\t\t\t\t\t\t\tdata-dim=\"w:54;h:54;\"\n\t\t\t\t\t\t\t\tdata-video=\"w:54;h:54;l:false;vd:100;ptimer:false;\"\n\t\t\t\t\t\t\t\tdata-mp4=\"\/\/www.aguasyprocesos.com.ar\/wp-content\/uploads\/2021\/01\/AudioHome.mp3\"\n\t\t\t\t\t\t\t\tdata-frame_999=\"o:0;st:w;\"\n\t\t\t\t\t\t\t\tstyle=\"z-index:5;\"\n\t\t\t\t\t\t\t> \n\t\t\t\t\t\t\t<\/rs-layer><!--\n-->\t\t\t\t\t\t<\/rs-slide>\n\t\t\t\t\t<\/rs-slides>\n\t\t\t\t\t<rs-progress class=\"rs-bottom\" style=\"visibility: hidden !important;\"><\/rs-progress>\n\t\t\t\t<\/rs-module>\n\t\t\t\t<script type=\"text\/javascript\">\n\t\t\t\t\tsetREVStartSize({c: 'rev_slider_9_1',rl:[1240,1024,778,480],el:[750],gw:[1240],gh:[750],type:'standard',justify:'',layout:'fullwidth',mh:\"0\"});\n\t\t\t\t\tvar\trevapi9,\n\t\t\t\t\t\ttpj;\n\t\t\t\t\tjQuery(function() {\n\t\t\t\t\t\ttpj = jQuery;\n\t\t\t\t\t\tif(tpj(\"#rev_slider_9_1\").revolution == undefined){\n\t\t\t\t\t\t\trevslider_showDoubleJqueryError(\"#rev_slider_9_1\");\n\t\t\t\t\t\t}else{\n\t\t\t\t\t\t\trevapi9 = tpj(\"#rev_slider_9_1\").show().revolution({\n\t\t\t\t\t\t\t\tjsFileLocation:\"\/\/www.aguasyprocesos.com.ar\/wp-content\/plugins\/revslider\/public\/assets\/js\/\",\n\t\t\t\t\t\t\t\tsliderLayout:\"fullwidth\",\n\t\t\t\t\t\t\t\tvisibilityLevels:\"1240,1024,778,480\",\n\t\t\t\t\t\t\t\tgridwidth:1240,\n\t\t\t\t\t\t\t\tgridheight:750,\n\t\t\t\t\t\t\t\tspinner:\"spinner0\",\n\t\t\t\t\t\t\t\teditorheight:\"750,768,960,720\",\n\t\t\t\t\t\t\t\tresponsiveLevels:\"1240,1024,778,480\",\n\t\t\t\t\t\t\t\tdisableProgressBar:\"on\",\n\t\t\t\t\t\t\t\tnavigation: {\n\t\t\t\t\t\t\t\t\tonHoverStop:false\n\t\t\t\t\t\t\t\t},\n\t\t\t\t\t\t\t\tfallbacks: {\n\t\t\t\t\t\t\t\t\tallowHTML5AutoPlayOnAndroid:true\n\t\t\t\t\t\t\t\t},\n\t\t\t\t\t\t\t});\n\t\t\t\t\t\t}\n\t\t\t\t\t\t\n\t\t\t\t\t});\n\t\t\t\t<\/script>\n\t\t\t<\/rs-module-wrap>\n\t\t\t<!-- END REVOLUTION SLIDER -->\n<\/div>\r\n\r\n\t\t\t\t\t\t<\/div>\n\t\t\t\t<\/div>\n\t\t\t\t\t<\/div>\n\t\t<\/div>\n\t\t\t\t\t<\/div>\n\t\t<\/section>\n\t\t\t\t<section class=\"elementor-section elementor-top-section elementor-element elementor-element-9611548 elementor-section-boxed elementor-section-height-default elementor-section-height-default\" data-id=\"9611548\" data-element_type=\"section\" data-e-type=\"section\">\n\t\t\t\t\t\t<div class=\"elementor-container elementor-column-gap-default\">\n\t\t\t\t\t<div class=\"elementor-column elementor-col-50 elementor-top-column elementor-element elementor-element-4bd1bfa\" data-id=\"4bd1bfa\" data-element_type=\"column\" data-e-type=\"column\">\n\t\t\t<div class=\"elementor-widget-wrap elementor-element-populated\">\n\t\t\t\t\t\t<div class=\"elementor-element elementor-element-f0a0cfb elementor-widget elementor-widget-spacer\" data-id=\"f0a0cfb\" data-element_type=\"widget\" data-e-type=\"widget\" data-widget_type=\"spacer.default\">\n\t\t\t\t<div class=\"elementor-widget-container\">\n\t\t\t\t\t\t\t<div class=\"elementor-spacer\">\n\t\t\t<div class=\"elementor-spacer-inner\"><\/div>\n\t\t<\/div>\n\t\t\t\t\t\t<\/div>\n\t\t\t\t<\/div>\n\t\t\t\t<div class=\"elementor-element elementor-element-a54a801 elementor-widget elementor-widget-text-editor\" data-id=\"a54a801\" data-element_type=\"widget\" data-e-type=\"widget\" data-widget_type=\"text-editor.default\">\n\t\t\t\t<div class=\"elementor-widget-container\">\n\t\t\t\t\t\t\t\t\t<p style=\"text-align: center;\">Desde 1980, dedicados a la<\/p>\t\t\t\t\t\t\t\t<\/div>\n\t\t\t\t<\/div>\n\t\t\t\t<div class=\"elementor-element elementor-element-71525f0 elementor-widget elementor-widget-text-editor\" data-id=\"71525f0\" data-element_type=\"widget\" data-e-type=\"widget\" data-widget_type=\"text-editor.default\">\n\t\t\t\t<div class=\"elementor-widget-container\">\n\t\t\t\t\t\t\t\t\t<p style=\"text-align: center;\">INGENIER\u00cdA EN AGUAS Y PROCESOS INDUSTRIALES<\/p>\t\t\t\t\t\t\t\t<\/div>\n\t\t\t\t<\/div>\n\t\t\t\t\t<\/div>\n\t\t<\/div>\n\t\t\t\t<div class=\"elementor-column elementor-col-50 elementor-top-column elementor-element elementor-element-dfb1d40\" data-id=\"dfb1d40\" data-element_type=\"column\" data-e-type=\"column\">\n\t\t\t<div class=\"elementor-widget-wrap elementor-element-populated\">\n\t\t\t\t\t\t<div class=\"elementor-element elementor-element-4055315 elementor-widget elementor-widget-text-editor\" data-id=\"4055315\" data-element_type=\"widget\" data-e-type=\"widget\" data-widget_type=\"text-editor.default\">\n\t\t\t\t<div class=\"elementor-widget-container\">\n\t\t\t\t\t\t\t\t\t<p class=\"salto\" style=\"text-align: justify;\">Clasificada como una de las m\u00e1s importantes empresas del rubro radicadas en el pa\u00eds, conformada con capitales netamente nacionales y con un fuerte compromiso con el mejoramiento continuo, constituye una de las empresas de mayor solidez en el mercado.\u00a0<span style=\"color: inherit; font-family: inherit; font-weight: inherit; letter-spacing: 0px;\">Somos una comunidad de Conocimiento en acci\u00f3n, orgullosa en su herencia, que nos ocupamos y priorizamos con rigurosa y cuidada disciplina la b\u00fasqueda de soluciones a las necesidades de nuestra gente, nuestro ambiente, nuestra sociedad y nuestros clientes, sobre la base de propuestas \u00e9ticamente pensadas y llevadas a la pr\u00e1ctica con PASI\u00d3N<\/span><span style=\"color: inherit; font-family: inherit; font-weight: inherit; letter-spacing: 0px;\">.<\/span><\/p>\t\t\t\t\t\t\t\t<\/div>\n\t\t\t\t<\/div>\n\t\t\t\t\t<\/div>\n\t\t<\/div>\n\t\t\t\t\t<\/div>\n\t\t<\/section>\n\t\t\t\t<section class=\"elementor-section elementor-top-section elementor-element elementor-element-8061e55 elementor-section-full_width elementor-section-height-default elementor-section-height-default\" data-id=\"8061e55\" data-element_type=\"section\" data-e-type=\"section\">\n\t\t\t\t\t\t\t<div class=\"elementor-background-overlay\"><\/div>\n\t\t\t\t\t\t\t<div class=\"elementor-container elementor-column-gap-no\">\n\t\t\t\t\t<div class=\"make-column-clickable-elementor elementor-column elementor-col-50 elementor-top-column elementor-element elementor-element-1dcb303\" style=\"cursor: pointer;\" data-column-clickable=\"http:\/\/mercados-y-aplicaciones\/\" data-column-clickable-blank=\"_self\" data-id=\"1dcb303\" data-element_type=\"column\" data-e-type=\"column\">\n\t\t\t<div class=\"elementor-widget-wrap elementor-element-populated\">\n\t\t\t\t\t\t<div class=\"elementor-element elementor-element-7803240 elementor-widget elementor-widget-cms_fancy_box\" data-id=\"7803240\" data-element_type=\"widget\" data-e-type=\"widget\" data-widget_type=\"cms_fancy_box.default\">\n\t\t\t\t<div class=\"elementor-widget-container\">\n\t\t\t\t\t<div class=\"cms-fancy-box cms-fancy-box-layout3 style2 \">\r\n            <div class=\"item--image-bg bg-image\" style=\"background-image: url(https:\/\/www.aguasyprocesos.com.ar\/wp-content\/uploads\/2020\/12\/location-01.jpg);\"><\/div>\r\n        <div class=\"item--holder\">\r\n        <div class=\"item--meta\">\r\n                                        <div class=\"item--icon\">\r\n                    <img decoding=\"async\" width=\"53\" height=\"48\" src=\"https:\/\/www.aguasyprocesos.com.ar\/wp-content\/uploads\/2020\/12\/mercado-1.png\" class=\"attachment-full\" alt=\"\" \/>                <\/div>\r\n                        <h3 class=\"item--title\">\r\n                MERCADOS Y APLICACIONES            <\/h3>\r\n            <div class=\"item--description\">Brindamos soluciones para el Tratamiento de Aguas y Efluentes a clientes Municipales, Comerciales e Industriales.\nNuestra novedosa estructura nos permite trabajar estrechamente con proveedores internacionales y responder de manera m\u00e1s eficiente a nuestros clientes respecto de sus cambiantes necesidades.<\/div>\r\n        <\/div>\r\n    <\/div>\r\n<\/div>\t\t\t\t<\/div>\n\t\t\t\t<\/div>\n\t\t\t\t\t<\/div>\n\t\t<\/div>\n\t\t\t\t<div class=\"make-column-clickable-elementor elementor-column elementor-col-50 elementor-top-column elementor-element elementor-element-f76f99a\" style=\"cursor: pointer;\" data-column-clickable=\"http:\/\/mercados-y-aplicaciones\/\" data-column-clickable-blank=\"_self\" data-id=\"f76f99a\" data-element_type=\"column\" data-e-type=\"column\">\n\t\t\t<div class=\"elementor-widget-wrap elementor-element-populated\">\n\t\t\t\t\t\t<div class=\"elementor-element elementor-element-847d133 elementor-widget elementor-widget-cms_fancy_box\" data-id=\"847d133\" data-element_type=\"widget\" data-e-type=\"widget\" data-widget_type=\"cms_fancy_box.default\">\n\t\t\t\t<div class=\"elementor-widget-container\">\n\t\t\t\t\t<div class=\"cms-fancy-box cms-fancy-box-layout3 style2 \">\r\n            <div class=\"item--image-bg bg-image\" style=\"background-image: url(https:\/\/www.aguasyprocesos.com.ar\/wp-content\/uploads\/2020\/10\/home_productos-scaled.jpg);\"><\/div>\r\n        <div class=\"item--holder\">\r\n        <div class=\"item--meta\">\r\n                                        <div class=\"item--icon\">\r\n                    <img decoding=\"async\" width=\"53\" height=\"48\" src=\"https:\/\/www.aguasyprocesos.com.ar\/wp-content\/uploads\/2020\/03\/producto-1.png\" class=\"attachment-full\" alt=\"\" \/>                <\/div>\r\n                        <h3 class=\"item--title\">\r\n                PRODUCTOS \/ TECNOLOG\u00cdAS            <\/h3>\r\n            <div class=\"item--description\">Contribuimos a resolver los problemas que a diario se presentan en el manipuleo del agua y en la mayor\u00eda de los Procesos Industriales y del medio ambiente a trav\u00e9s de equipos o  programas de Tratamientos Qu\u00edmicos. <br><br>Tambi\u00e9n ofrecemos los repuestos que su instalaci\u00f3n necesite. <\/div>\r\n        <\/div>\r\n    <\/div>\r\n<\/div>\t\t\t\t<\/div>\n\t\t\t\t<\/div>\n\t\t\t\t\t<\/div>\n\t\t<\/div>\n\t\t\t\t\t<\/div>\n\t\t<\/section>\n\t\t\t\t<section class=\"elementor-section elementor-top-section elementor-element elementor-element-b79d69c elementor-section-full_width elementor-section-height-default elementor-section-height-default\" data-id=\"b79d69c\" data-element_type=\"section\" data-e-type=\"section\">\n\t\t\t\t\t\t<div class=\"elementor-container elementor-column-gap-no\">\n\t\t\t\t\t<div class=\"make-column-clickable-elementor elementor-column elementor-col-50 elementor-top-column elementor-element elementor-element-0f7d38d\" style=\"cursor: pointer;\" data-column-clickable=\"http:\/\/servicios\/\" data-column-clickable-blank=\"_self\" data-id=\"0f7d38d\" data-element_type=\"column\" data-e-type=\"column\">\n\t\t\t<div class=\"elementor-widget-wrap elementor-element-populated\">\n\t\t\t\t\t\t<div class=\"elementor-element elementor-element-7812d83 elementor-widget elementor-widget-cms_fancy_box\" data-id=\"7812d83\" data-element_type=\"widget\" data-e-type=\"widget\" data-widget_type=\"cms_fancy_box.default\">\n\t\t\t\t<div class=\"elementor-widget-container\">\n\t\t\t\t\t<div class=\"cms-fancy-box cms-fancy-box-layout3 style3 \">\r\n            <div class=\"item--image-bg bg-image\" style=\"background-image: url(https:\/\/www.aguasyprocesos.com.ar\/wp-content\/uploads\/2021\/07\/IMG_4179-e1626446013263.jpg);\"><\/div>\r\n        <div class=\"item--holder\">\r\n        <div class=\"item--meta\">\r\n                                        <div class=\"item--icon\">\r\n                    <img decoding=\"async\" width=\"53\" height=\"48\" src=\"https:\/\/www.aguasyprocesos.com.ar\/wp-content\/uploads\/2020\/03\/servicios-1.png\" class=\"attachment-full\" alt=\"\" \/>                <\/div>\r\n                        <h3 class=\"item--title\">\r\n                SERVICIOS            <\/h3>\r\n            <div class=\"item--description\">Nuestro equipo de profesionales le brindar\u00e1 entre otros aspectos: asistencia en planta, entrenamiento de su personal, monitoreo de sus instalaciones, an\u00e1lisis de nuestro laboratorio certificado. Adem\u00e1s contamos con servicios complementarios de ensayos no destructivos, capacitaci\u00f3n de personal y control de calderas y equipos de presi\u00f3n.<br> \n<br><\/div>\r\n        <\/div>\r\n    <\/div>\r\n<\/div>\t\t\t\t<\/div>\n\t\t\t\t<\/div>\n\t\t\t\t\t<\/div>\n\t\t<\/div>\n\t\t\t\t<div class=\"make-column-clickable-elementor elementor-column elementor-col-50 elementor-top-column elementor-element elementor-element-0a9427f\" style=\"cursor: pointer;\" data-column-clickable=\"http:\/\/mercados-y-aplicaciones\/tratamientos-quimicos\/\" data-column-clickable-blank=\"_self\" data-id=\"0a9427f\" data-element_type=\"column\" data-e-type=\"column\">\n\t\t\t<div class=\"elementor-widget-wrap elementor-element-populated\">\n\t\t\t\t\t\t<div class=\"elementor-element elementor-element-9e0b110 elementor-widget elementor-widget-cms_fancy_box\" data-id=\"9e0b110\" data-element_type=\"widget\" data-e-type=\"widget\" data-widget_type=\"cms_fancy_box.default\">\n\t\t\t\t<div class=\"elementor-widget-container\">\n\t\t\t\t\t<div class=\"cms-fancy-box cms-fancy-box-layout3 style3 \">\r\n            <div class=\"item--image-bg bg-image\" style=\"background-image: url(https:\/\/www.aguasyprocesos.com.ar\/wp-content\/uploads\/2020\/12\/trat-2.jpg);\"><\/div>\r\n        <div class=\"item--holder\">\r\n        <div class=\"item--meta\">\r\n                                        <div class=\"item--icon\">\r\n                    <img loading=\"lazy\" decoding=\"async\" width=\"34\" height=\"48\" src=\"https:\/\/www.aguasyprocesos.com.ar\/wp-content\/uploads\/2020\/10\/quimicos.png\" class=\"attachment-full\" alt=\"\" \/>                <\/div>\r\n                        <h3 class=\"item--title\">\r\n                TRATAMIENTOS QU\u00cdMICOS            <\/h3>\r\n            <div class=\"item--description\">Nuestros programas espec\u00edficos para acondicionamiento incluyen un amplio rango de operaciones de producci\u00f3n que permiten mejorar la calidad del producto, aumentar la productividad, proteger los equipos, reducir gastos de mantenimiento y explotaci\u00f3n. Respetando el Medio Ambiente, y cumpliendo los Objetivos de Higiene y Seguridad Industrial.<\/div>\r\n        <\/div>\r\n    <\/div>\r\n<\/div>\t\t\t\t<\/div>\n\t\t\t\t<\/div>\n\t\t\t\t\t<\/div>\n\t\t<\/div>\n\t\t\t\t\t<\/div>\n\t\t<\/section>\n\t\t\t\t<section class=\"elementor-section elementor-top-section elementor-element elementor-element-484f331 elementor-section-boxed elementor-section-height-default elementor-section-height-default\" data-id=\"484f331\" data-element_type=\"section\" data-e-type=\"section\">\n\t\t\t\t\t\t<div class=\"elementor-container elementor-column-gap-default\">\n\t\t\t\t\t<div class=\"elementor-column elementor-col-100 elementor-top-column elementor-element elementor-element-1b47234\" data-id=\"1b47234\" data-element_type=\"column\" data-e-type=\"column\">\n\t\t\t<div class=\"elementor-widget-wrap elementor-element-populated\">\n\t\t\t\t\t\t<div class=\"elementor-element elementor-element-657cec9 elementor-widget elementor-widget-cms_heading\" data-id=\"657cec9\" data-element_type=\"widget\" data-e-type=\"widget\" data-widget_type=\"cms_heading.default\">\n\t\t\t\t<div class=\"elementor-widget-container\">\n\t\t\t\t\t<div class=\"cms-heading-wrapper cms-heading-layout1 \">\r\n            <div class=\"custom-subheading\">envianos tu cv<\/div>\r\n    \r\n            <h6 class=\"custom-heading \">\r\n            <span >\u00bfquer\u00e9s trabajar en a&amp;p?<\/span>\r\n        <\/h6>\r\n        \r\n            <div class=\"custom-heading-description\">Ofrecemos amplias posibilidades de desarrollo profesional y personal. Envianos tus datos y te tendremos en cuenta al momento de seleccionar personal que se ajuste con tu perfil.<\/div>\r\n        \r\n            <div class=\"heading-divider\">\r\n            <span class=\"heading-line1\"><\/span>\r\n            <span class=\"heading-line2\"><\/span>\r\n        <\/div>\r\n    <\/div>\t\t\t\t<\/div>\n\t\t\t\t<\/div>\n\t\t\t\t<div class=\"elementor-element elementor-element-5ed5acd elementor-widget__width-inherit elementor-widget elementor-widget-cms_button\" data-id=\"5ed5acd\" data-element_type=\"widget\" data-e-type=\"widget\" data-widget_type=\"cms_button.default\">\n\t\t\t\t<div class=\"elementor-widget-container\">\n\t\t\t\t\t<div class=\"cms-button-wrapper cms-button-layout1 \">\r\n    <a href=\"https:\/\/www.aguasyprocesos.com.ar\/curriculum\/\" class=\"btn hover-white\">\r\n                            <span class=\"cms-button-icon cms-align-icon-\">\r\n                            <\/span>\r\n                <span class=\"cms-button-text\">Complet\u00e1 el formulario<\/span>\r\n    <\/a>\r\n<\/div>\t\t\t\t<\/div>\n\t\t\t\t<\/div>\n\t\t\t\t<div class=\"elementor-element elementor-element-ae7d7e3 elementor-widget elementor-widget-spacer\" data-id=\"ae7d7e3\" data-element_type=\"widget\" data-e-type=\"widget\" data-widget_type=\"spacer.default\">\n\t\t\t\t<div class=\"elementor-widget-container\">\n\t\t\t\t\t\t\t<div class=\"elementor-spacer\">\n\t\t\t<div class=\"elementor-spacer-inner\"><\/div>\n\t\t<\/div>\n\t\t\t\t\t\t<\/div>\n\t\t\t\t<\/div>\n\t\t\t\t\t<\/div>\n\t\t<\/div>\n\t\t\t\t\t<\/div>\n\t\t<\/section>\n\t\t\t\t<\/div>\n\t\t","protected":false},"excerpt":{"rendered":"<p>Desde 1980, dedicados a la INGENIER\u00cdA EN AGUAS Y PROCESOS INDUSTRIALES Clasificada como una de las m\u00e1s importantes empresas del rubro radicadas en el pa\u00eds, conformada con capitales netamente nacionales y con un fuerte compromiso con el mejoramiento continuo, constituye una de las empresas de mayor solidez en el mercado.\u00a0Somos una comunidad de Conocimiento en [&hellip;]<\/p>\n","protected":false},"author":1,"featured_media":0,"parent":0,"menu_order":0,"comment_status":"closed","ping_status":"closed","template":"","meta":{"footnotes":""},"class_list":["post-11","page","type-page","status-publish","hentry"],"_links":{"self":[{"href":"https:\/\/www.aguasyprocesos.com.ar\/pt\/wp-json\/wp\/v2\/pages\/11","targetHints":{"allow":["GET"]}}],"collection":[{"href":"https:\/\/www.aguasyprocesos.com.ar\/pt\/wp-json\/wp\/v2\/pages"}],"about":[{"href":"https:\/\/www.aguasyprocesos.com.ar\/pt\/wp-json\/wp\/v2\/types\/page"}],"author":[{"embeddable":true,"href":"https:\/\/www.aguasyprocesos.com.ar\/pt\/wp-json\/wp\/v2\/users\/1"}],"replies":[{"embeddable":true,"href":"https:\/\/www.aguasyprocesos.com.ar\/pt\/wp-json\/wp\/v2\/comments?post=11"}],"version-history":[{"count":360,"href":"https:\/\/www.aguasyprocesos.com.ar\/pt\/wp-json\/wp\/v2\/pages\/11\/revisions"}],"predecessor-version":[{"id":10721,"href":"https:\/\/www.aguasyprocesos.com.ar\/pt\/wp-json\/wp\/v2\/pages\/11\/revisions\/10721"}],"wp:attachment":[{"href":"https:\/\/www.aguasyprocesos.com.ar\/pt\/wp-json\/wp\/v2\/media?parent=11"}],"curies":[{"name":"wp","href":"https:\/\/api.w.org\/{rel}","templated":true}]}}