{"id":2039,"date":"2020-07-31T09:50:50","date_gmt":"2020-07-31T12:50:50","guid":{"rendered":"http:\/\/newsite2020.aguasyprocesos.com.ar\/?page_id=2039"},"modified":"2026-03-31T18:17:31","modified_gmt":"2026-03-31T21:17:31","slug":"informacion-util","status":"publish","type":"page","link":"https:\/\/www.aguasyprocesos.com.ar\/pt\/informacion-util\/","title":{"rendered":"Informa\u00e7\u00e3o \u00fatil"},"content":{"rendered":"<div data-elementor-type=\"wp-page\" data-elementor-id=\"2039\" class=\"elementor elementor-2039\">\n\t\t\t\t\t\t<section class=\"elementor-section elementor-top-section elementor-element elementor-element-b3b6efb elementor-section-stretched elementor-section-content-middle elementor-section-boxed elementor-section-height-default elementor-section-height-default\" data-id=\"b3b6efb\" data-element_type=\"section\" data-e-type=\"section\" data-settings=\"{&quot;stretch_section&quot;:&quot;section-stretched&quot;,&quot;background_background&quot;:&quot;classic&quot;}\">\n\t\t\t\t\t\t\t<div class=\"elementor-background-overlay\"><\/div>\n\t\t\t\t\t\t\t<div class=\"elementor-container elementor-column-gap-extended\">\n\t\t\t\t\t<div class=\"elementor-column elementor-col-50 elementor-top-column elementor-element elementor-element-922acfc\" data-id=\"922acfc\" data-element_type=\"column\" data-e-type=\"column\">\n\t\t\t<div class=\"elementor-widget-wrap elementor-element-populated\">\n\t\t\t\t\t\t<div class=\"elementor-element elementor-element-393f321 elementor-widget__width-initial elementor-absolute elementor-widget elementor-widget-text-editor\" data-id=\"393f321\" data-element_type=\"widget\" data-e-type=\"widget\" data-settings=\"{&quot;_position&quot;:&quot;absolute&quot;}\" data-widget_type=\"text-editor.default\">\n\t\t\t\t<div class=\"elementor-widget-container\">\n\t\t\t\t\t\t\t\t\t<h2 style=\"text-align: left;\"><span style=\"color: #ffffff;\">INFORMA\u00c7\u00c3O \u00daTIL<\/span><\/h2>\t\t\t\t\t\t\t\t<\/div>\n\t\t\t\t<\/div>\n\t\t\t\t<div class=\"elementor-element elementor-element-3291ab0 elementor-widget elementor-widget-spacer\" data-id=\"3291ab0\" data-element_type=\"widget\" data-e-type=\"widget\" data-widget_type=\"spacer.default\">\n\t\t\t\t<div class=\"elementor-widget-container\">\n\t\t\t\t\t\t\t<div class=\"elementor-spacer\">\n\t\t\t<div class=\"elementor-spacer-inner\"><\/div>\n\t\t<\/div>\n\t\t\t\t\t\t<\/div>\n\t\t\t\t<\/div>\n\t\t\t\t<div class=\"elementor-element elementor-element-583cdaf elementor-absolute elementor-widget elementor-widget-cms_heading\" data-id=\"583cdaf\" data-element_type=\"widget\" data-e-type=\"widget\" data-settings=\"{&quot;_position&quot;:&quot;absolute&quot;}\" data-widget_type=\"cms_heading.default\">\n\t\t\t\t<div class=\"elementor-widget-container\">\n\t\t\t\t\t<div class=\"cms-heading-wrapper cms-heading-layout1\">\r\n    \r\n        \r\n            <div class=\"custom-heading-description\"><p>Trazemos para voc\u00ea diversos elementos e documentos de uso di\u00e1rio como tabelas de convers\u00e3o, tabelas qu\u00edmicas e uma ampla gama de links que ser\u00e3o de grande utilidade, al\u00e9m de fatos e dados pouco conhecidos sobre a \u00e1gua.  \n<\/p>\n<\/div>\r\n        \r\n    <\/div>\t\t\t\t<\/div>\n\t\t\t\t<\/div>\n\t\t\t\t\t<\/div>\n\t\t<\/div>\n\t\t\t\t<div class=\"elementor-column elementor-col-50 elementor-top-column elementor-element elementor-element-426d9e8\" data-id=\"426d9e8\" data-element_type=\"column\" data-e-type=\"column\">\n\t\t\t<div class=\"elementor-widget-wrap\">\n\t\t\t\t\t\t\t<\/div>\n\t\t<\/div>\n\t\t\t\t\t<\/div>\n\t\t<\/section>\n\t\t\t\t<section class=\"elementor-section elementor-top-section elementor-element elementor-element-9c582ce elementor-section-boxed elementor-section-height-default elementor-section-height-default\" data-id=\"9c582ce\" data-element_type=\"section\" data-e-type=\"section\">\n\t\t\t\t\t\t<div class=\"elementor-container elementor-column-gap-default\">\n\t\t\t\t\t<div class=\"elementor-column elementor-col-100 elementor-top-column elementor-element elementor-element-380a42b\" data-id=\"380a42b\" data-element_type=\"column\" data-e-type=\"column\">\n\t\t\t<div class=\"elementor-widget-wrap elementor-element-populated\">\n\t\t\t\t\t\t\t<\/div>\n\t\t<\/div>\n\t\t\t\t\t<\/div>\n\t\t<\/section>\n\t\t\t\t<section class=\"elementor-section elementor-top-section elementor-element elementor-element-c04b1b9 elementor-section-boxed elementor-section-height-default elementor-section-height-default\" data-id=\"c04b1b9\" data-element_type=\"section\" data-e-type=\"section\">\n\t\t\t\t\t\t<div class=\"elementor-container elementor-column-gap-default\">\n\t\t\t\t\t<div class=\"elementor-column elementor-col-100 elementor-top-column elementor-element elementor-element-3b4bc44\" data-id=\"3b4bc44\" data-element_type=\"column\" data-e-type=\"column\">\n\t\t\t<div class=\"elementor-widget-wrap elementor-element-populated\">\n\t\t\t\t\t\t<div class=\"elementor-element elementor-element-760c809 elementor-widget elementor-widget-spacer\" data-id=\"760c809\" data-element_type=\"widget\" data-e-type=\"widget\" data-widget_type=\"spacer.default\">\n\t\t\t\t<div class=\"elementor-widget-container\">\n\t\t\t\t\t\t\t<div class=\"elementor-spacer\">\n\t\t\t<div class=\"elementor-spacer-inner\"><\/div>\n\t\t<\/div>\n\t\t\t\t\t\t<\/div>\n\t\t\t\t<\/div>\n\t\t\t\t\t<\/div>\n\t\t<\/div>\n\t\t\t\t\t<\/div>\n\t\t<\/section>\n\t\t\t\t<section class=\"elementor-section elementor-top-section elementor-element elementor-element-4cb8900 elementor-section-boxed elementor-section-height-default elementor-section-height-default\" data-id=\"4cb8900\" data-element_type=\"section\" data-e-type=\"section\">\n\t\t\t\t\t\t<div class=\"elementor-container elementor-column-gap-default\">\n\t\t\t\t\t<div class=\"elementor-column elementor-col-100 elementor-top-column elementor-element elementor-element-0469566\" data-id=\"0469566\" data-element_type=\"column\" data-e-type=\"column\">\n\t\t\t<div class=\"elementor-widget-wrap\">\n\t\t\t\t\t\t\t<\/div>\n\t\t<\/div>\n\t\t\t\t\t<\/div>\n\t\t<\/section>\n\t\t\t\t<section class=\"elementor-section elementor-top-section elementor-element elementor-element-2280c7c elementor-section-boxed elementor-section-height-default elementor-section-height-default\" data-id=\"2280c7c\" data-element_type=\"section\" data-e-type=\"section\">\n\t\t\t\t\t\t<div class=\"elementor-container elementor-column-gap-default\">\n\t\t\t\t\t<div class=\"elementor-column elementor-col-50 elementor-top-column elementor-element elementor-element-d0198c9\" data-id=\"d0198c9\" data-element_type=\"column\" data-e-type=\"column\">\n\t\t\t<div class=\"elementor-widget-wrap elementor-element-populated\">\n\t\t\t\t\t\t<div class=\"elementor-element elementor-element-573be54 elementor-tabs-view-horizontal elementor-widget elementor-widget-tabs\" data-id=\"573be54\" data-element_type=\"widget\" data-e-type=\"widget\" data-widget_type=\"tabs.default\">\n\t\t\t\t<div class=\"elementor-widget-container\">\n\t\t\t\t\t\t\t<div class=\"elementor-tabs\">\n\t\t\t<div class=\"elementor-tabs-wrapper\" role=\"tablist\" >\n\t\t\t\t\t\t\t\t\t<div id=\"elementor-tab-title-9141\" class=\"elementor-tab-title elementor-tab-desktop-title\" aria-selected=\"true\" data-tab=\"1\" role=\"tab\" tabindex=\"0\" aria-controls=\"elementor-tab-content-9141\" aria-expanded=\"false\">Brochuras<\/div>\n\t\t\t\t\t\t\t\t\t<div id=\"elementor-tab-title-9142\" class=\"elementor-tab-title elementor-tab-desktop-title\" aria-selected=\"false\" data-tab=\"2\" role=\"tab\" tabindex=\"-1\" aria-controls=\"elementor-tab-content-9142\" aria-expanded=\"false\">EQUIVAL\u00caNCIAS<\/div>\n\t\t\t\t\t\t\t\t\t<div id=\"elementor-tab-title-9143\" class=\"elementor-tab-title elementor-tab-desktop-title\" aria-selected=\"false\" data-tab=\"3\" role=\"tab\" tabindex=\"-1\" aria-controls=\"elementor-tab-content-9143\" aria-expanded=\"false\">CURIOSIDADES<\/div>\n\t\t\t\t\t\t\t\t\t<div id=\"elementor-tab-title-9144\" class=\"elementor-tab-title elementor-tab-desktop-title\" aria-selected=\"false\" data-tab=\"4\" role=\"tab\" tabindex=\"-1\" aria-controls=\"elementor-tab-content-9144\" aria-expanded=\"false\">LINKS<\/div>\n\t\t\t\t\t\t\t<\/div>\n\t\t\t<div class=\"elementor-tabs-content-wrapper\" role=\"tablist\" aria-orientation=\"vertical\">\n\t\t\t\t\t\t\t\t\t<div class=\"elementor-tab-title elementor-tab-mobile-title\" aria-selected=\"true\" data-tab=\"1\" role=\"tab\" tabindex=\"0\" aria-controls=\"elementor-tab-content-9141\" aria-expanded=\"false\">Brochuras<\/div>\n\t\t\t\t\t<div id=\"elementor-tab-content-9141\" class=\"elementor-tab-content elementor-clearfix\" data-tab=\"1\" role=\"tabpanel\" aria-labelledby=\"elementor-tab-title-9141\" tabindex=\"0\" hidden=\"false\"><p><a href=\"https:\/\/www.aguasyprocesos.com.ar\/wp-content\/uploads\/2020\/05\/OSMOSIS-FliaAPL.pdf\" target=\"_blank\" class=\"buttons btn_white\"><span class=\"left\">&#8220;OSMOSIS &#8211; FAMILIA APL&#8221; . Aguas y Procesos S.A.<\/span><\/a><br><a href=\"https:\/\/www.aguasyprocesos.com.ar\/wp-content\/uploads\/2020\/05\/OSMOSIS-APRO12521.pdf\" target=\"_blank\" class=\"buttons btn_white\"><span class=\"left\">&#8220;OSMOSIS &#8211; AP RO 12521&#8221; . Aguas y Procesos S.A.<\/span><\/a><br><a href=\"https:\/\/www.aguasyprocesos.com.ar\/wp-content\/uploads\/2020\/05\/Folleto2015Dairy.pdf\" target=\"_blank\" class=\"buttons btn_white\"><span class=\"left\">&#8220;DAIRY 2015&#8221; . Aguas y Procesos S.A.<\/span><\/a><br><br><\/p><\/div>\n\t\t\t\t\t\t\t\t\t<div class=\"elementor-tab-title elementor-tab-mobile-title\" aria-selected=\"false\" data-tab=\"2\" role=\"tab\" tabindex=\"-1\" aria-controls=\"elementor-tab-content-9142\" aria-expanded=\"false\">EQUIVAL\u00caNCIAS<\/div>\n\t\t\t\t\t<div id=\"elementor-tab-content-9142\" class=\"elementor-tab-content elementor-clearfix\" data-tab=\"2\" role=\"tabpanel\" aria-labelledby=\"elementor-tab-title-9142\" tabindex=\"0\" hidden=\"hidden\"><p><a href=\"http:\/\/www.aguasyprocesos.com.ar\/wp-content\/uploads\/2020\/06\/Tabla_Equivalencias_Quimicas.pdf\" target=\"_blank\" class=\"buttons btn_white\"><span class=\"left\">Tabela de Equival\u00eancias Qu\u00edmicas<\/span><\/a><br \/><a href=\"http:\/\/www.aguasyprocesos.com.ar\/wp-content\/uploads\/2020\/06\/Tabla_Conversiones_Quimicas.pdf\" target=\"_blank\" class=\"buttons btn_white\"><span class=\"left\">Tabela de Convers\u00f5es Qu\u00edmicas<\/span><\/a><\/p><\/div>\n\t\t\t\t\t\t\t\t\t<div class=\"elementor-tab-title elementor-tab-mobile-title\" aria-selected=\"false\" data-tab=\"3\" role=\"tab\" tabindex=\"-1\" aria-controls=\"elementor-tab-content-9143\" aria-expanded=\"false\">CURIOSIDADES<\/div>\n\t\t\t\t\t<div id=\"elementor-tab-content-9143\" class=\"elementor-tab-content elementor-clearfix\" data-tab=\"3\" role=\"tabpanel\" aria-labelledby=\"elementor-tab-title-9143\" tabindex=\"0\" hidden=\"hidden\"><p>1) Como se forma o jato de uma baleia? As baleias possuem um complexo aparato bucal com o qual filtram a \u00c1GUA, formada por v\u00e1rias hastes chamadas de barbatanas, dispostas lado a lado, como as barras de uma cerca. O jato que eles lan\u00e7am e que os traem na frente dos ca\u00e7adores, eles o lan\u00e7am pelas narinas que est\u00e3o localizadas na parte superior da cabe\u00e7a. Na verdade o jato n\u00e3o \u00e9 \u00c1GUA no estado l\u00edquido, mas vapor e \u00e9 formado pela diferen\u00e7a de temperatura entre o animal e o ambiente. Esses jatos atingem uma altura de at\u00e9 7 metros.<\/p>\n<p class=\"salto\">2) Thales de Mileto (o primeiro fil\u00f3sofo reconhecido pela hist\u00f3ria), realizou pesquisas cient\u00edficas que o levaram a especular que todos os fen\u00f4menos naturais s\u00e3o formas diferentes, mas com uma subst\u00e2ncia fundamental: a \u00c1GUA.<\/p>\n<p class=\"salto\">3) Ao n\u00edvel do mar, a \u00c1GUA ferve a 100 \u00b0 C. Se aplicarmos 970,3 BTUs de calor a ele, uma libra (0,454 litros) de \u00c1GUA se transformar\u00e1 em uma libra de vapor. Se eu aplicar press\u00e3o sobre isso (218 atmosferas), a \u00c1GUA vai ferver a 374 \u00b0 C.<\/p>\n<p class=\"salto\">4) A densidade da \u00c1GUA \u00e9: 5,5268 vezes a densidade da terra.<\/p>\n<p class=\"salto\">5) Icebergs atingem alturas entre 90 e 150 metros. Portanto, quando virmos a \"ponta do iceberg\", veremos apenas 10% de seu tamanho. Uma propriedade importante da \u00c1GUA no congelamento \u00e9 que ela se transforma em um estado s\u00f3lido (gelo). A 0 \u00b0 C, a \u00c1GUA no estado s\u00f3lido tem um peso espec\u00edfico de 0,9168, que em compara\u00e7\u00e3o com o peso espec\u00edfico da \u00c1GUA no estado l\u00edquido na mesma temperatura \u00e9 0,9998. Como resultado, o gelo flutua na \u00c1GUA.<\/p>\n<p class=\"salto\">6) Os oceanos do mundo cobrem 71% da superf\u00edcie da Terra, ou cerca de 361 milh\u00f5es de quil\u00f4metros c\u00fabicos. Sua profundidade m\u00e9dia \u00e9 de 5.000 metros e seu volume total \u00e9 de cerca de 1.347.000.000 de quil\u00f4metros c\u00fabicos de \u00c1GUA.<\/p>\n<p class=\"salto\">7) A temperatura da superf\u00edcie do oceano varia de 26 \u00b0 C (79 \u00b0 F) em \u00e1guas tropicais, a -1,4 \u00b0 C (29,5 \u00b0 F), que \u00e9 o ponto de congelamento da \u00c1GUA do mar, em as regi\u00f5es polares.<\/p>\n<p class=\"salto\">8) Os top\u00f3grafos estabeleceram que o local mais alto acima do n\u00edvel do mar \u00e9 de 8.848 metros. no topo do Monte Everest (Nepal), e a profundidade mais baixa \u00e9 de 11.003 metros, est\u00e1 localizado abaixo do Oceano Pac\u00edfico, no fundo da Fossa Mariana. A altitude mais baixa nos continentes \u00e9 de 408 metros. do n\u00edvel do mar, no Mar Morto, entre Israel e Jord\u00e2nia.<\/p>\n<p class=\"salto\">9) A urina remove cerca de 110 litros de l\u00edquido aquoso do sangue por dia. Um adulto saud\u00e1vel pode produzir entre 0,5 e 2 litros de urina por dia. 96% do volume da urina \u00e9 \u00c1GUA.<\/p>\n<p class=\"salto\">10) A circula\u00e7\u00e3o da \u00c1GUA pelo sangue e pelo sistema linf\u00e1tico transporta oxig\u00eanio e nutrientes para as c\u00e9lulas e remove os excessos pela urina.<\/p>\n<p class=\"salto\">11) A \u00c1GUA tem sido usada como um s\u00edmbolo de purifica\u00e7\u00e3o em muitas religi\u00f5es. No mundo antigo, as \u00c1GUAS do Ganges na \u00cdndia, o Eufrates na Babil\u00f4nia e o Nilo no Egito eram usadas para banhos sagrados.<\/p>\n<p class=\"salto\">12) Icebergs no Atl\u00e2ntico Norte podem viajar at\u00e9 3.200 km. de onde eles se originam.<\/p>\n<p class=\"salto\">13) Todos os dias, cerca de 1.200 km3 de \u00e1gua evapora do oceano, da terra, das camadas de gelo, etc. Enquanto uma quantidade semelhante de chuva cai na terra.<\/p>\n<p class=\"salto\">14) O Mar Morto \u00e9 o lago mais profundo do mundo, com 408 metros. abaixo do n\u00edvel do mar. O C\u00e1spio mais longo, cobre uma \u00e1rea de 370.998 km3. O Lago Baikal \u00e9 o mais profundo dos lagos de \u00c1GUA doce do mundo, com profundidade m\u00e1xima de 1.637 metros.<\/p>\n<p class=\"salto\">15) Medindo 6.400 km., Da nascente at\u00e9 a foz, o rio Amazonas \u00e9 o segundo maior rio do mundo. Desagua em um territ\u00f3rio de mais de 6 milh\u00f5es de km2. Estima-se que ele despeje entre 34 milh\u00f5es e 121 milh\u00f5es de litros de \u00e1gua por segundo e deposite uma m\u00e9dia di\u00e1ria de 3 milh\u00f5es de toneladas de sedimentos perto de sua foz. Esses sedimentos s\u00e3o suficientes para alterar a cor do oceano Atl\u00e2ntico a uma dist\u00e2ncia de 320 km. da foz do rio.<\/p>\n<p class=\"salto\">16) A luz solar desaparece na \u00c1GUA da seguinte maneira: Vermelha aos 3 metros, Verde aos 6 metros e Azul aos 9 metros. \u00c9 por isso que peixes dourados v\u00edvidos s\u00e3o encontrados nesta faixa de superf\u00edcie.<\/p>\n<p class=\"salto\">17) Para produzir 1 tonelada de trigo, s\u00e3o necess\u00e1rias 1000 toneladas de \u00c1GUA.<\/p>\n<p class=\"salto\">18) A cerveja comum \u00e9 composta por 91,3% de \u00c1GUA, 4,2% de carboidratos, 0,3% de prote\u00ednas, 0,2% de minerais, 0,5% de di\u00f3xido de carbono e 3,5% de \u00e1lcool.<\/p>\n<p class=\"salto\">19) Em uma casa de fam\u00edlia, o maior consumo de \u00c1GUA \u00e9 nos vasos sanit\u00e1rios (sanit\u00e1rios), com 40% da necessidade di\u00e1ria.<\/p>\n<p class=\"salto\">20) O uso dom\u00e9stico de \u00c1GUA no mundo, representa apenas 7% da extra\u00e7\u00e3o total.<\/p>\n<p class=\"salto\">21) SE a \u00c1GUA estiver fria, as bolhas demoram mais para chegar \u00e0 superf\u00edcie.<\/p>\n<p class=\"salto\">22) Se voc\u00ea regar seu jardim com frequ\u00eancia, seu crescimento aumentar\u00e1 entre 100% e 400%.<\/p>\n<p class=\"salto\">23) O homem moderno usa 20 vezes mais \u00c1GUA do que seus predecessores.<\/p>\n<p class=\"salto\">24) Para obter 1 litro de gasolina do \u00f3leo, s\u00e3o necess\u00e1rios 10 litros de \u00c1GUA.<\/p>\n<p class=\"salto\">25) Se voc\u00ea \u00e9 uma pessoa normal, com um padr\u00e3o de vida m\u00e9dio e uma longevidade m\u00e9dia, ent\u00e3o ao longo de sua vida consumir\u00e1 64.000 litros de \u00c1GUA.<\/p>\n<p class=\"salto\">26) O corpo humano \u00e9 aproximadamente 75% \u00c1GUA.<\/p>\n<p class=\"salto\">27) Se voc\u00ea usar \u00c1GUA para beber refrigerante, usar\u00e1 60% menos sab\u00e3o.<\/p>\n<p class=\"salto\">28) \u00c1GUA a 100 \u00b0 C no estado l\u00edquido, para se transformar em vapor na mesma temperatura, consome at\u00e9 6,5 vezes mais energia do que aquec\u00ea-la de 0 \u00b0 C a 100 \u00b0 C.<\/p>\n<p class=\"salto\">29) A chamada dureza da \u00c1GUA \u00e9 causada principalmente pelo C\u00e1lcio e Magn\u00e9sio dissolvidos na \u00e1gua. Esta dureza \u00e9 medida em partes por milh\u00e3o (ppm) de carbonato de c\u00e1lcio, o que significa exatamente isso: uma parte de carbonato de c\u00e1lcio salgado por milh\u00e3o de partes de \u00c1GUA. \u00c9 considerada \u00c1GUA mole quando cont\u00e9m menos de 50 ppm de Dureza.<\/p>\n<p class=\"salto\">30) Em um litro de \u00c1GUA do mar, \u00e9 poss\u00edvel encontrar 25 a 30 gramas de sal.<\/p>\n<p class=\"salto\">31) A escala que mede o potencial de Hidrog\u00eanio (pH) em \u00c1GUA \u00e9 exponencial, ou seja, cada casa decimal indica 10 vezes mais acidez \/ alcalinidade, ou seja, \u00c1GUA em pH 5,0 \u00e9 10 vezes mais \u00e1cida do que aquele de um pH de 6,0. Mas a \u00c1GUA em um pH de 2,0 \u00e9 100.000 vezes mais \u00e1cida do que a \u00c1GUA neutra (pH 7,0).<\/p>\n<p class=\"salto\">32) A \u00c1GUA \u00e9 conhecida como \u201cSolvente Universal\u201d, pois pode dissolver mais subst\u00e2ncias do que qualquer outro l\u00edquido conhecido.<\/p>\n<p class=\"salto\">33) A \u00c1GUA \u00e9 a \u00fanica subst\u00e2ncia na Terra que se encontra nos 3 estados b\u00e1sicos da natureza (l\u00edquido, s\u00f3lido e gasoso), em temperatura ambiente.<\/p>\n<p class=\"salto\">34) Nosso c\u00e9rebro tem cerca de 90% de \u00e1gua, m\u00fasculos 75%, sangue 85%, f\u00edgado 69% e at\u00e9 mesmo ossos t\u00eam 22% de conte\u00fado de \u00c1GUA.<\/p>\n<p class=\"salto\">35) 5.400 gal\u00f5es de \u00c1GUA s\u00e3o usados \u200b\u200bpara produzir os gr\u00e3os que uma vaca leiteira consome durante o dia. Esta mesma vaca beber\u00e1 25 gal\u00f5es de \u00c1GUA por semana. Ou seja, para uma vaca produzir 250 ml. de leite, s\u00e3o necess\u00e1rios 58 litros de \u00c1GUA.<\/p>\n<p class=\"salto\">Se voc\u00ea conhece alguma CURIOSIDADE que envolve \u00c1GUA e que deseja compartilhar, entre em contato conosco, descreva e cite a fonte. OBRIGADO!<\/p><\/div>\n\t\t\t\t\t\t\t\t\t<div class=\"elementor-tab-title elementor-tab-mobile-title\" aria-selected=\"false\" data-tab=\"4\" role=\"tab\" tabindex=\"-1\" aria-controls=\"elementor-tab-content-9144\" aria-expanded=\"false\">LINKS<\/div>\n\t\t\t\t\t<div id=\"elementor-tab-content-9144\" class=\"elementor-tab-content elementor-clearfix\" data-tab=\"4\" role=\"tabpanel\" aria-labelledby=\"elementor-tab-title-9144\" tabindex=\"0\" hidden=\"hidden\"><p><a href=\"http:\/\/www.inti.gov.ar\/\" target=\"_blank\" class=\"buttons btn_white\"><span class=\"left\">Instituto Nacional de Tecnolog\u00eda Industrial<\/span><\/a><\/p><p><a href=\"https:\/\/www.coolingtechnology.org\/\" target=\"_blank\" class=\"buttons btn_white left\"><span class=\"left\">Cooling Tower Institute<\/span><\/a><\/p><p><a href=\"http:\/\/www.iram.org.ar\/\" target=\"_blank\" class=\"buttons btn_white left\"><span class=\"left\">Instituto de Racionalizaci\u00f3n Argentina de Materiales<\/span><\/a><\/p><p><a href=\"http:\/\/www.water.ca.gov\/\" target=\"_blank\" class=\"buttons btn_white left\"><span class=\"left\">Department of Water Resources<\/span><\/a><\/p><p><a href=\"https:\/\/www.argentina.gob.ar\/anmat\" target=\"_blank\" class=\"buttons btn_white left\"><span class=\"left\">Administraci\u00f3n Nacional de Medicamentos, Alimentos y Tecnolog\u00eda M\u00e9dica<\/span><\/a><\/p><p><a href=\"https:\/\/www.powerengineers.com\/\" target=\"_blank\" class=\"buttons btn_white left\"><span class=\"left\">National Association of Power Engineers<\/span><\/a><\/p><p><a href=\"http:\/\/www.oaa.org.ar\/\" target=\"_blank\" class=\"buttons btn_white left\"><span class=\"left\">Organismo Argentino de Acreditaci\u00f3n<\/span><\/a><\/p><p><a href=\"http:\/\/www.wqa.org\/\" target=\"_blank\" class=\"buttons btn_white\"><span class=\"left\">Water Quality Association<\/span><\/a><\/p><p><a href=\"https:\/\/www.ansi.org\/\" target=\"_blank\" class=\"buttons btn_white left\"><span class=\"left\">American National Standards Institute<\/span><\/a><\/p><p><a href=\"https:\/\/www.fda.gov\/\" target=\"_blank\" class=\"buttons btn_white left\"><span class=\"left\">Food and Drug Administration<\/span><\/a><\/p><p><a href=\"https:\/\/www.astm.org\/america_latina\/sp\/index.html\" target=\"_blank\" class=\"buttons btn_white left\"><span class=\"left\">American Society for Testing and Materials<\/span><\/a><\/p><p><a href=\"https:\/\/www.din.de\/de\" target=\"_blank\" class=\"buttons btn_white left\"><span class=\"left\">Deutsches Institut f\u00fcr Normung<\/span><\/a><\/p><p><a href=\"http:\/\/www.fao.org\/home\/en\/\" target=\"_blank\" class=\"buttons btn_white left\"><span class=\"left\">Food and Agriculture Organizations of the United Nations<\/span><\/a><\/p><p><a href=\"https:\/\/www.nace.org\/nace\/index.asp\" target=\"_blank\" class=\"buttons btn_white left\"><span class=\"left\">National Association of Corrossion Engineers<\/span><\/a><\/p><p><a href=\"http:\/\/che.utexas.edu\/\" target=\"_blank\" class=\"buttons btn_white left\"><span class=\"left\">North American Membrane Society<\/span><\/a><\/p><p><a href=\"http:\/\/www.awwa.org\/\" target=\"_blank\" class=\"buttons btn_white left\"><span class=\"left\">American Water Works Association<\/span><\/a><\/p><\/div>\n\t\t\t\t\t\t\t<\/div>\n\t\t<\/div>\n\t\t\t\t\t\t<\/div>\n\t\t\t\t<\/div>\n\t\t\t\t\t<\/div>\n\t\t<\/div>\n\t\t\t\t<div class=\"elementor-column elementor-col-50 elementor-top-column elementor-element elementor-element-3cba8f7\" data-id=\"3cba8f7\" data-element_type=\"column\" data-e-type=\"column\">\n\t\t\t<div class=\"elementor-widget-wrap elementor-element-populated\">\n\t\t\t\t\t\t<div class=\"elementor-element elementor-element-3ac600a elementor-widget elementor-widget-spacer\" data-id=\"3ac600a\" data-element_type=\"widget\" data-e-type=\"widget\" data-widget_type=\"spacer.default\">\n\t\t\t\t<div class=\"elementor-widget-container\">\n\t\t\t\t\t\t\t<div class=\"elementor-spacer\">\n\t\t\t<div class=\"elementor-spacer-inner\"><\/div>\n\t\t<\/div>\n\t\t\t\t\t\t<\/div>\n\t\t\t\t<\/div>\n\t\t\t\t<div class=\"elementor-element elementor-element-ea168fd elementor-widget elementor-widget-text-editor\" data-id=\"ea168fd\" data-element_type=\"widget\" data-e-type=\"widget\" data-widget_type=\"text-editor.default\">\n\t\t\t\t<div class=\"elementor-widget-container\">\n\t\t\t\t\t\t\t\t\t<h6 title=\"ENTERATE AQU\u00cd DE NUESTRAS \u00daLTIMAS NOVEDADES.\">CASOS DE SUCESSO:<\/h6><p><a href=\"http:\/\/www.aguasyprocesos.com.ar\/pt\/proyectos\/reuso-de-agua\/\" target=\"_blank\" class=\"buttons btn_white left\"><span class=\"left\">\u201cRECUPERA\u00c7\u00c3O DE \u00c1GUAS \u00c1CIDAS\u201d. Aguas y Procesos S.A.<\/span><\/a><\/p><p><a href=\"http:\/\/www.aguasyprocesos.com.ar\/wp-content\/uploads\/2020\/05\/MEMBRANAS-DESALACION1.pdf\" target=\"_blank\" class=\"buttons btn_white left\"><span class=\"left\">\u201cMEMBRANAS - DESALINA\u00c7\u00c3O 1440 M3 \/ H\u201d. Aguas y Procesos S.A.<\/span><\/a><\/p><p><a href=\"http:\/\/www.aguasyprocesos.com.ar\/wp-content\/uploads\/2020\/05\/MEMBRANAS-DESALACION.pdf\" target=\"_blank\" class=\"buttons btn_white left\"><span class=\"left\">\u201cMEMBRANAS - DESALINA\u00c7\u00c3O 400 M3 \/ H\u201d. Aguas y Procesos S.A.<\/span><\/a><\/p><p><a href=\"http:\/\/www.aguasyprocesos.com.ar\/pt\/proyectos\/reuso-de-efluentes-industriales\/\" target=\"_blank\" class=\"buttons btn_white left\"><span class=\"left\">&#8220;REUSO DE EFLUENTES INDUSTRIALES&#8221; . Aguas y Procesos S.A.<\/span><\/a><\/p>\t\t\t\t\t\t\t\t<\/div>\n\t\t\t\t<\/div>\n\t\t\t\t\t<\/div>\n\t\t<\/div>\n\t\t\t\t\t<\/div>\n\t\t<\/section>\n\t\t\t\t<\/div>","protected":false},"excerpt":{"rendered":"<p>INFORMACI\u00d3N \u00daTIL Les acercamos varios elementos y documentos de uso diario como ser tablas de conversiones, tablas qu\u00edmicas y una amplia gama de links que les ser\u00e1n de mucha utilidad, adem\u00e1s de hechos y datos poco conocidos sobre el agua. FOLLETOS EQUIVALENCIAS CURIOSIDADES LINKS FOLLETOS \u201cOSMOSIS \u2013 FAMILIA APL\u201d . Aguas y Procesos S.A. \u201cOSMOSIS [&hellip;]<\/p>\n","protected":false},"author":1,"featured_media":0,"parent":0,"menu_order":0,"comment_status":"closed","ping_status":"closed","template":"","meta":{"footnotes":""},"class_list":["post-2039","page","type-page","status-publish","hentry"],"_links":{"self":[{"href":"https:\/\/www.aguasyprocesos.com.ar\/pt\/wp-json\/wp\/v2\/pages\/2039","targetHints":{"allow":["GET"]}}],"collection":[{"href":"https:\/\/www.aguasyprocesos.com.ar\/pt\/wp-json\/wp\/v2\/pages"}],"about":[{"href":"https:\/\/www.aguasyprocesos.com.ar\/pt\/wp-json\/wp\/v2\/types\/page"}],"author":[{"embeddable":true,"href":"https:\/\/www.aguasyprocesos.com.ar\/pt\/wp-json\/wp\/v2\/users\/1"}],"replies":[{"embeddable":true,"href":"https:\/\/www.aguasyprocesos.com.ar\/pt\/wp-json\/wp\/v2\/comments?post=2039"}],"version-history":[{"count":62,"href":"https:\/\/www.aguasyprocesos.com.ar\/pt\/wp-json\/wp\/v2\/pages\/2039\/revisions"}],"predecessor-version":[{"id":14370,"href":"https:\/\/www.aguasyprocesos.com.ar\/pt\/wp-json\/wp\/v2\/pages\/2039\/revisions\/14370"}],"wp:attachment":[{"href":"https:\/\/www.aguasyprocesos.com.ar\/pt\/wp-json\/wp\/v2\/media?parent=2039"}],"curies":[{"name":"wp","href":"https:\/\/api.w.org\/{rel}","templated":true}]}}