{"id":2235,"date":"2020-10-08T19:52:30","date_gmt":"2020-10-08T22:52:30","guid":{"rendered":"http:\/\/newsite2020.aguasyprocesos.com.ar\/?page_id=2235"},"modified":"2026-03-31T18:16:08","modified_gmt":"2026-03-31T21:16:08","slug":"reuso","status":"publish","type":"page","link":"https:\/\/www.aguasyprocesos.com.ar\/pt\/mercados-y-aplicaciones\/reuso\/","title":{"rendered":"Reuso"},"content":{"rendered":"<div data-elementor-type=\"wp-page\" data-elementor-id=\"2235\" class=\"elementor elementor-2235\">\n\t\t\t\t\t\t<section class=\"elementor-section elementor-top-section elementor-element elementor-element-b3b6efb elementor-section-stretched elementor-section-content-middle elementor-section-boxed elementor-section-height-default elementor-section-height-default\" data-id=\"b3b6efb\" data-element_type=\"section\" data-e-type=\"section\" data-settings=\"{&quot;stretch_section&quot;:&quot;section-stretched&quot;,&quot;background_background&quot;:&quot;classic&quot;}\">\n\t\t\t\t\t\t\t<div class=\"elementor-background-overlay\"><\/div>\n\t\t\t\t\t\t\t<div class=\"elementor-container elementor-column-gap-extended\">\n\t\t\t\t\t<div class=\"elementor-column elementor-col-50 elementor-top-column elementor-element elementor-element-922acfc\" data-id=\"922acfc\" data-element_type=\"column\" data-e-type=\"column\">\n\t\t\t<div class=\"elementor-widget-wrap elementor-element-populated\">\n\t\t\t\t\t\t<div class=\"elementor-element elementor-element-393f321 elementor-widget__width-initial elementor-absolute elementor-widget elementor-widget-text-editor\" data-id=\"393f321\" data-element_type=\"widget\" data-e-type=\"widget\" data-settings=\"{&quot;_position&quot;:&quot;absolute&quot;}\" data-widget_type=\"text-editor.default\">\n\t\t\t\t<div class=\"elementor-widget-container\">\n\t\t\t\t\t\t\t\t\t<h2 style=\"text-align: left;\"><span style=\"color: #ffffff;\">REUSO<\/span><\/h5>\t\t\t\t\t\t\t\t<\/div>\n\t\t\t\t<\/div>\n\t\t\t\t<div class=\"elementor-element elementor-element-3291ab0 elementor-widget elementor-widget-spacer\" data-id=\"3291ab0\" data-element_type=\"widget\" data-e-type=\"widget\" data-widget_type=\"spacer.default\">\n\t\t\t\t<div class=\"elementor-widget-container\">\n\t\t\t\t\t\t\t<div class=\"elementor-spacer\">\n\t\t\t<div class=\"elementor-spacer-inner\"><\/div>\n\t\t<\/div>\n\t\t\t\t\t\t<\/div>\n\t\t\t\t<\/div>\n\t\t\t\t<div class=\"elementor-element elementor-element-583cdaf elementor-absolute elementor-widget elementor-widget-cms_heading\" data-id=\"583cdaf\" data-element_type=\"widget\" data-e-type=\"widget\" data-settings=\"{&quot;_position&quot;:&quot;absolute&quot;}\" data-widget_type=\"cms_heading.default\">\n\t\t\t\t<div class=\"elementor-widget-container\">\n\t\t\t\t\t<div class=\"cms-heading-wrapper cms-heading-layout1\">\r\n    \r\n        \r\n            <div class=\"custom-heading-description\"><p class=\"salto\">Atuamos no desenvolvimento de solu\u00e7\u00f5es e produtos para reaproveitamento de Efluentes gerados por diferentes ind\u00fastrias. Tamb\u00e9m constru\u00edmos e operamos sistemas de tratamento de res\u00edduos l\u00edquidos industriais ou municipais.\n<\/p>\n<\/div>\r\n        \r\n    <\/div>\t\t\t\t<\/div>\n\t\t\t\t<\/div>\n\t\t\t\t\t<\/div>\n\t\t<\/div>\n\t\t\t\t<div class=\"elementor-column elementor-col-50 elementor-top-column elementor-element elementor-element-426d9e8\" data-id=\"426d9e8\" data-element_type=\"column\" data-e-type=\"column\">\n\t\t\t<div class=\"elementor-widget-wrap\">\n\t\t\t\t\t\t\t<\/div>\n\t\t<\/div>\n\t\t\t\t\t<\/div>\n\t\t<\/section>\n\t\t\t\t<section class=\"elementor-section elementor-top-section elementor-element elementor-element-9c582ce elementor-section-boxed elementor-section-height-default elementor-section-height-default\" data-id=\"9c582ce\" data-element_type=\"section\" data-e-type=\"section\">\n\t\t\t\t\t\t<div class=\"elementor-container elementor-column-gap-default\">\n\t\t\t\t\t<div class=\"elementor-column elementor-col-100 elementor-top-column elementor-element elementor-element-380a42b\" data-id=\"380a42b\" data-element_type=\"column\" data-e-type=\"column\">\n\t\t\t<div class=\"elementor-widget-wrap elementor-element-populated\">\n\t\t\t\t\t\t\t<\/div>\n\t\t<\/div>\n\t\t\t\t\t<\/div>\n\t\t<\/section>\n\t\t\t\t<section class=\"elementor-section elementor-top-section elementor-element elementor-element-c04b1b9 elementor-section-boxed elementor-section-height-default elementor-section-height-default\" data-id=\"c04b1b9\" data-element_type=\"section\" data-e-type=\"section\">\n\t\t\t\t\t\t<div class=\"elementor-container elementor-column-gap-default\">\n\t\t\t\t\t<div class=\"elementor-column elementor-col-100 elementor-top-column elementor-element elementor-element-3b4bc44\" data-id=\"3b4bc44\" data-element_type=\"column\" data-e-type=\"column\">\n\t\t\t<div class=\"elementor-widget-wrap elementor-element-populated\">\n\t\t\t\t\t\t<div class=\"elementor-element elementor-element-760c809 elementor-widget elementor-widget-spacer\" data-id=\"760c809\" data-element_type=\"widget\" data-e-type=\"widget\" data-widget_type=\"spacer.default\">\n\t\t\t\t<div class=\"elementor-widget-container\">\n\t\t\t\t\t\t\t<div class=\"elementor-spacer\">\n\t\t\t<div class=\"elementor-spacer-inner\"><\/div>\n\t\t<\/div>\n\t\t\t\t\t\t<\/div>\n\t\t\t\t<\/div>\n\t\t\t\t<div class=\"elementor-element elementor-element-a54884e elementor-widget elementor-widget-spacer\" data-id=\"a54884e\" data-element_type=\"widget\" data-e-type=\"widget\" data-widget_type=\"spacer.default\">\n\t\t\t\t<div class=\"elementor-widget-container\">\n\t\t\t\t\t\t\t<div class=\"elementor-spacer\">\n\t\t\t<div class=\"elementor-spacer-inner\"><\/div>\n\t\t<\/div>\n\t\t\t\t\t\t<\/div>\n\t\t\t\t<\/div>\n\t\t\t\t\t<\/div>\n\t\t<\/div>\n\t\t\t\t\t<\/div>\n\t\t<\/section>\n\t\t\t\t<section class=\"elementor-section elementor-top-section elementor-element elementor-element-230f11a elementor-section-boxed elementor-section-height-default elementor-section-height-default\" data-id=\"230f11a\" data-element_type=\"section\" data-e-type=\"section\">\n\t\t\t\t\t\t<div class=\"elementor-container elementor-column-gap-default\">\n\t\t\t\t\t<div class=\"elementor-column elementor-col-100 elementor-top-column elementor-element elementor-element-93bbf04\" data-id=\"93bbf04\" data-element_type=\"column\" data-e-type=\"column\">\n\t\t\t<div class=\"elementor-widget-wrap elementor-element-populated\">\n\t\t\t\t\t\t<div class=\"elementor-element elementor-element-86a1b7a elementor-widget elementor-widget-cms_heading\" data-id=\"86a1b7a\" data-element_type=\"widget\" data-e-type=\"widget\" data-widget_type=\"cms_heading.default\">\n\t\t\t\t<div class=\"elementor-widget-container\">\n\t\t\t\t\t<div class=\"cms-heading-wrapper cms-heading-layout1\">\r\n    \r\n        \r\n            <div class=\"custom-heading-description\"><p style=\"text-align: justify\">Desenhamos e desenvolvemos tecnologia para o Tratamento de Efluentes L\u00edquidos gerados por diferentes ind\u00fastrias. Obtendo por diferentes processos \u00e1gua adequada para re\u00faso e reduzindo volumes de descarte.\n  \nEm nossa pol\u00edtica integrada, a consci\u00eancia ambiental desempenha um papel fundamental. Realizamos uma prote\u00e7\u00e3o integral do mesmo, que tende a minimizar e \/ ou evitar o desperd\u00edcio e a eliminar os desperd\u00edcios decorrentes de diferentes processos, de forma ambientalmente adequada.\nTrabalhamos na recupera\u00e7\u00e3o sustent\u00e1vel da \u00e1gua, atrav\u00e9s de uma alian\u00e7a estrat\u00e9gica entre AQUABIO e A&amp;P. <br><br>\n<span style=\"font-weight: 700\">Somos Aguas &amp; Procesos, uma empresa Argentina com mais de 40 anos de experi\u00eancia, dedicada \u00e0 Engenharia em Tratamento de \u00c1guas e Processos Industriais.<\/span>\n<\/p><\/div>\r\n        \r\n            <div class=\"heading-divider\">\r\n            <span class=\"heading-line1\"><\/span>\r\n            <span class=\"heading-line2\"><\/span>\r\n        <\/div>\r\n    <\/div>\t\t\t\t<\/div>\n\t\t\t\t<\/div>\n\t\t\t\t<div class=\"elementor-element elementor-element-135d077 gallery-spacing-custom elementor-widget elementor-widget-image-gallery\" data-id=\"135d077\" data-element_type=\"widget\" data-e-type=\"widget\" data-widget_type=\"image-gallery.default\">\n\t\t\t\t<div class=\"elementor-widget-container\">\n\t\t\t\t\t\t\t<div class=\"elementor-image-gallery\">\n\t\t\t<div id='gallery-1' class='gallery galleryid-2235 gallery-columns-4 gallery-size-1536x1536'><figure class='gallery-item'>\n\t\t\t<div class='gallery-icon landscape'>\n\t\t\t\t<a data-elementor-open-lightbox=\"yes\" data-elementor-lightbox-slideshow=\"135d077\" data-elementor-lightbox-title=\"Reuso 01\" data-e-action-hash=\"#elementor-action%3Aaction%3Dlightbox%26settings%3DeyJpZCI6MjM1MCwidXJsIjoiaHR0cHM6XC9cL3d3dy5hZ3Vhc3lwcm9jZXNvcy5jb20uYXJcL3dwLWNvbnRlbnRcL3VwbG9hZHNcLzIwMjBcLzEwXC9SZXVzbzAxLmpwZyIsInNsaWRlc2hvdyI6IjEzNWQwNzcifQ%3D%3D\" href='https:\/\/www.aguasyprocesos.com.ar\/wp-content\/uploads\/2020\/10\/Reuso01.jpg'><img fetchpriority=\"high\" decoding=\"async\" width=\"1536\" height=\"986\" src=\"https:\/\/www.aguasyprocesos.com.ar\/wp-content\/uploads\/2020\/10\/Reuso01-1536x986.jpg\" class=\"attachment-1536x1536 size-1536x1536\" alt=\"\" srcset=\"https:\/\/www.aguasyprocesos.com.ar\/wp-content\/uploads\/2020\/10\/Reuso01-1536x986.jpg 1536w, https:\/\/www.aguasyprocesos.com.ar\/wp-content\/uploads\/2020\/10\/Reuso01-300x193.jpg 300w, https:\/\/www.aguasyprocesos.com.ar\/wp-content\/uploads\/2020\/10\/Reuso01-1024x657.jpg 1024w, https:\/\/www.aguasyprocesos.com.ar\/wp-content\/uploads\/2020\/10\/Reuso01-768x493.jpg 768w, https:\/\/www.aguasyprocesos.com.ar\/wp-content\/uploads\/2020\/10\/Reuso01-2048x1315.jpg 2048w\" sizes=\"(max-width: 1536px) 100vw, 1536px\" \/><\/a>\n\t\t\t<\/div><\/figure><figure class='gallery-item'>\n\t\t\t<div class='gallery-icon landscape'>\n\t\t\t\t<a data-elementor-open-lightbox=\"yes\" data-elementor-lightbox-slideshow=\"135d077\" data-elementor-lightbox-title=\"Reuso 02\" data-e-action-hash=\"#elementor-action%3Aaction%3Dlightbox%26settings%3DeyJpZCI6MjM1MSwidXJsIjoiaHR0cHM6XC9cL3d3dy5hZ3Vhc3lwcm9jZXNvcy5jb20uYXJcL3dwLWNvbnRlbnRcL3VwbG9hZHNcLzIwMjBcLzEwXC9SZXVzbzAyLmpwZyIsInNsaWRlc2hvdyI6IjEzNWQwNzcifQ%3D%3D\" href='https:\/\/www.aguasyprocesos.com.ar\/wp-content\/uploads\/2020\/10\/Reuso02.jpg'><img decoding=\"async\" width=\"1536\" height=\"986\" src=\"https:\/\/www.aguasyprocesos.com.ar\/wp-content\/uploads\/2020\/10\/Reuso02-1536x986.jpg\" class=\"attachment-1536x1536 size-1536x1536\" alt=\"\" srcset=\"https:\/\/www.aguasyprocesos.com.ar\/wp-content\/uploads\/2020\/10\/Reuso02-1536x986.jpg 1536w, https:\/\/www.aguasyprocesos.com.ar\/wp-content\/uploads\/2020\/10\/Reuso02-300x193.jpg 300w, https:\/\/www.aguasyprocesos.com.ar\/wp-content\/uploads\/2020\/10\/Reuso02-1024x657.jpg 1024w, https:\/\/www.aguasyprocesos.com.ar\/wp-content\/uploads\/2020\/10\/Reuso02-768x493.jpg 768w, https:\/\/www.aguasyprocesos.com.ar\/wp-content\/uploads\/2020\/10\/Reuso02-2048x1315.jpg 2048w\" sizes=\"(max-width: 1536px) 100vw, 1536px\" \/><\/a>\n\t\t\t<\/div><\/figure><figure class='gallery-item'>\n\t\t\t<div class='gallery-icon landscape'>\n\t\t\t\t<a data-elementor-open-lightbox=\"yes\" data-elementor-lightbox-slideshow=\"135d077\" data-elementor-lightbox-title=\"Reuso 03\" data-e-action-hash=\"#elementor-action%3Aaction%3Dlightbox%26settings%3DeyJpZCI6MjM1MiwidXJsIjoiaHR0cHM6XC9cL3d3dy5hZ3Vhc3lwcm9jZXNvcy5jb20uYXJcL3dwLWNvbnRlbnRcL3VwbG9hZHNcLzIwMjBcLzEwXC9SZXVzbzAzLmpwZyIsInNsaWRlc2hvdyI6IjEzNWQwNzcifQ%3D%3D\" href='https:\/\/www.aguasyprocesos.com.ar\/wp-content\/uploads\/2020\/10\/Reuso03.jpg'><img decoding=\"async\" width=\"1536\" height=\"986\" src=\"https:\/\/www.aguasyprocesos.com.ar\/wp-content\/uploads\/2020\/10\/Reuso03-1536x986.jpg\" class=\"attachment-1536x1536 size-1536x1536\" alt=\"\" srcset=\"https:\/\/www.aguasyprocesos.com.ar\/wp-content\/uploads\/2020\/10\/Reuso03-1536x986.jpg 1536w, https:\/\/www.aguasyprocesos.com.ar\/wp-content\/uploads\/2020\/10\/Reuso03-300x193.jpg 300w, https:\/\/www.aguasyprocesos.com.ar\/wp-content\/uploads\/2020\/10\/Reuso03-1024x657.jpg 1024w, https:\/\/www.aguasyprocesos.com.ar\/wp-content\/uploads\/2020\/10\/Reuso03-768x493.jpg 768w, https:\/\/www.aguasyprocesos.com.ar\/wp-content\/uploads\/2020\/10\/Reuso03-2048x1315.jpg 2048w\" sizes=\"(max-width: 1536px) 100vw, 1536px\" \/><\/a>\n\t\t\t<\/div><\/figure><figure class='gallery-item'>\n\t\t\t<div class='gallery-icon landscape'>\n\t\t\t\t<a data-elementor-open-lightbox=\"yes\" data-elementor-lightbox-slideshow=\"135d077\" data-elementor-lightbox-title=\"Reuso 04\" data-e-action-hash=\"#elementor-action%3Aaction%3Dlightbox%26settings%3DeyJpZCI6MjM1MywidXJsIjoiaHR0cHM6XC9cL3d3dy5hZ3Vhc3lwcm9jZXNvcy5jb20uYXJcL3dwLWNvbnRlbnRcL3VwbG9hZHNcLzIwMjBcLzEwXC9SZXVzbzA0LmpwZyIsInNsaWRlc2hvdyI6IjEzNWQwNzcifQ%3D%3D\" href='https:\/\/www.aguasyprocesos.com.ar\/wp-content\/uploads\/2020\/10\/Reuso04.jpg'><img loading=\"lazy\" decoding=\"async\" width=\"1536\" height=\"986\" src=\"https:\/\/www.aguasyprocesos.com.ar\/wp-content\/uploads\/2020\/10\/Reuso04-1536x986.jpg\" class=\"attachment-1536x1536 size-1536x1536\" alt=\"\" srcset=\"https:\/\/www.aguasyprocesos.com.ar\/wp-content\/uploads\/2020\/10\/Reuso04-1536x986.jpg 1536w, https:\/\/www.aguasyprocesos.com.ar\/wp-content\/uploads\/2020\/10\/Reuso04-300x193.jpg 300w, https:\/\/www.aguasyprocesos.com.ar\/wp-content\/uploads\/2020\/10\/Reuso04-1024x657.jpg 1024w, https:\/\/www.aguasyprocesos.com.ar\/wp-content\/uploads\/2020\/10\/Reuso04-768x493.jpg 768w, https:\/\/www.aguasyprocesos.com.ar\/wp-content\/uploads\/2020\/10\/Reuso04-2048x1315.jpg 2048w\" sizes=\"(max-width: 1536px) 100vw, 1536px\" \/><\/a>\n\t\t\t<\/div><\/figure>\n\t\t<\/div>\n\t\t<\/div>\n\t\t\t\t\t\t<\/div>\n\t\t\t\t<\/div>\n\t\t\t\t<div class=\"elementor-element elementor-element-152d583 elementor-widget elementor-widget-spacer\" data-id=\"152d583\" data-element_type=\"widget\" data-e-type=\"widget\" data-widget_type=\"spacer.default\">\n\t\t\t\t<div class=\"elementor-widget-container\">\n\t\t\t\t\t\t\t<div class=\"elementor-spacer\">\n\t\t\t<div class=\"elementor-spacer-inner\"><\/div>\n\t\t<\/div>\n\t\t\t\t\t\t<\/div>\n\t\t\t\t<\/div>\n\t\t\t\t\t<\/div>\n\t\t<\/div>\n\t\t\t\t\t<\/div>\n\t\t<\/section>\n\t\t\t\t<section class=\"elementor-section elementor-top-section elementor-element elementor-element-c717e0d elementor-section-boxed elementor-section-height-default elementor-section-height-default\" data-id=\"c717e0d\" data-element_type=\"section\" data-e-type=\"section\">\n\t\t\t\t\t\t<div class=\"elementor-container elementor-column-gap-default\">\n\t\t\t\t\t<div class=\"elementor-column elementor-col-100 elementor-top-column elementor-element elementor-element-2ffc83d\" data-id=\"2ffc83d\" data-element_type=\"column\" data-e-type=\"column\" data-settings=\"{&quot;background_background&quot;:&quot;classic&quot;}\">\n\t\t\t<div class=\"elementor-widget-wrap elementor-element-populated\">\n\t\t\t\t\t\t<div class=\"elementor-element elementor-element-ac8baba elementor-widget elementor-widget-heading\" data-id=\"ac8baba\" data-element_type=\"widget\" data-e-type=\"widget\" data-widget_type=\"heading.default\">\n\t\t\t\t<div class=\"elementor-widget-container\">\n\t\t\t\t\t<h3 class=\"elementor-heading-title elementor-size-default\"><b>CONOZCA NUESTROS PROYECTOS<\/b><\/h3>\t\t\t\t<\/div>\n\t\t\t\t<\/div>\n\t\t\t\t\t<\/div>\n\t\t<\/div>\n\t\t\t\t\t<\/div>\n\t\t<\/section>\n\t\t\t\t<section class=\"elementor-section elementor-top-section elementor-element elementor-element-6341838 elementor-section-boxed elementor-section-height-default elementor-section-height-default\" data-id=\"6341838\" data-element_type=\"section\" data-e-type=\"section\">\n\t\t\t\t\t\t<div class=\"elementor-container elementor-column-gap-default\">\n\t\t\t\t\t<div class=\"elementor-column elementor-col-100 elementor-top-column elementor-element elementor-element-cb8fc76\" data-id=\"cb8fc76\" data-element_type=\"column\" data-e-type=\"column\">\n\t\t\t<div class=\"elementor-widget-wrap elementor-element-populated\">\n\t\t\t\t\t\t<section class=\"elementor-section elementor-inner-section elementor-element elementor-element-86f12e5 elementor-section-boxed elementor-section-height-default elementor-section-height-default\" data-id=\"86f12e5\" data-element_type=\"section\" data-e-type=\"section\">\n\t\t\t\t\t\t<div class=\"elementor-container elementor-column-gap-default\">\n\t\t\t\t\t<div class=\"elementor-column elementor-col-50 elementor-inner-column elementor-element elementor-element-29270cc\" data-id=\"29270cc\" data-element_type=\"column\" data-e-type=\"column\">\n\t\t\t<div class=\"elementor-widget-wrap elementor-element-populated\">\n\t\t\t\t\t\t<div class=\"elementor-element elementor-element-acfba25 elementor-widget elementor-widget-image\" data-id=\"acfba25\" data-element_type=\"widget\" data-e-type=\"widget\" data-widget_type=\"image.default\">\n\t\t\t\t<div class=\"elementor-widget-container\">\n\t\t\t\t\t\t\t\t\t\t\t\t\t\t\t\t<a href=\"https:\/\/www.aguasyprocesos.com.ar\/pt\/proyectos\/malteria\/\">\n\t\t\t\t\t\t\t<img decoding=\"async\" src=\"https:\/\/www.aguasyprocesos.com.ar\/wp-content\/uploads\/2021\/10\/Banner-Caso-de-exito-web-Malteria.2.png\" title=\"Banner Caso De Exito Web Malteria.2\" alt=\"Banner Caso De Exito Web Malteria.2\" loading=\"lazy\" \/>\t\t\t\t\t\t\t\t<\/a>\n\t\t\t\t\t\t\t\t\t\t\t\t\t\t\t<\/div>\n\t\t\t\t<\/div>\n\t\t\t\t\t<\/div>\n\t\t<\/div>\n\t\t\t\t<div class=\"elementor-column elementor-col-50 elementor-inner-column elementor-element elementor-element-ac8ab40\" data-id=\"ac8ab40\" data-element_type=\"column\" data-e-type=\"column\">\n\t\t\t<div class=\"elementor-widget-wrap elementor-element-populated\">\n\t\t\t\t\t\t<div class=\"elementor-element elementor-element-e129766 elementor-widget elementor-widget-image\" data-id=\"e129766\" data-element_type=\"widget\" data-e-type=\"widget\" data-widget_type=\"image.default\">\n\t\t\t\t<div class=\"elementor-widget-container\">\n\t\t\t\t\t\t\t\t\t\t\t\t\t\t\t\t<a href=\"https:\/\/www.aguasyprocesos.com.ar\/pt\/proyectos\/reuso-de-efluentes-industriales\/\">\n\t\t\t\t\t\t\t<img loading=\"lazy\" decoding=\"async\" width=\"530\" height=\"225\" src=\"https:\/\/www.aguasyprocesos.com.ar\/wp-content\/uploads\/2021\/10\/Banner-Caso-de-exito-web-Lacteas.2.png\" class=\"attachment-large size-large wp-image-4460\" alt=\"\" srcset=\"https:\/\/www.aguasyprocesos.com.ar\/wp-content\/uploads\/2021\/10\/Banner-Caso-de-exito-web-Lacteas.2.png 530w, https:\/\/www.aguasyprocesos.com.ar\/wp-content\/uploads\/2021\/10\/Banner-Caso-de-exito-web-Lacteas.2-300x127.png 300w\" sizes=\"(max-width: 530px) 100vw, 530px\" \/>\t\t\t\t\t\t\t\t<\/a>\n\t\t\t\t\t\t\t\t\t\t\t\t\t\t\t<\/div>\n\t\t\t\t<\/div>\n\t\t\t\t\t<\/div>\n\t\t<\/div>\n\t\t\t\t\t<\/div>\n\t\t<\/section>\n\t\t\t\t\t<\/div>\n\t\t<\/div>\n\t\t\t\t\t<\/div>\n\t\t<\/section>\n\t\t\t\t<section class=\"elementor-section elementor-top-section elementor-element elementor-element-c2b458b elementor-section-boxed elementor-section-height-default elementor-section-height-default\" data-id=\"c2b458b\" data-element_type=\"section\" data-e-type=\"section\">\n\t\t\t\t\t\t<div class=\"elementor-container elementor-column-gap-default\">\n\t\t\t\t\t<div class=\"elementor-column elementor-col-50 elementor-top-column elementor-element elementor-element-ed348e2\" data-id=\"ed348e2\" data-element_type=\"column\" data-e-type=\"column\">\n\t\t\t<div class=\"elementor-widget-wrap elementor-element-populated\">\n\t\t\t\t\t\t<div class=\"elementor-element elementor-element-5bb9781 elementor-widget elementor-widget-image\" data-id=\"5bb9781\" data-element_type=\"widget\" data-e-type=\"widget\" data-widget_type=\"image.default\">\n\t\t\t\t<div class=\"elementor-widget-container\">\n\t\t\t\t\t\t\t\t\t\t\t\t\t\t\t\t<a href=\"https:\/\/www.aguasyprocesos.com.ar\/pt\/proyectos\/destileria\/\">\n\t\t\t\t\t\t\t<img loading=\"lazy\" decoding=\"async\" width=\"530\" height=\"225\" src=\"https:\/\/www.aguasyprocesos.com.ar\/wp-content\/uploads\/2021\/10\/Banner-Caso-de-exito-web-Destileria.2.png\" class=\"attachment-large size-large wp-image-4461\" alt=\"\" srcset=\"https:\/\/www.aguasyprocesos.com.ar\/wp-content\/uploads\/2021\/10\/Banner-Caso-de-exito-web-Destileria.2.png 530w, https:\/\/www.aguasyprocesos.com.ar\/wp-content\/uploads\/2021\/10\/Banner-Caso-de-exito-web-Destileria.2-300x127.png 300w\" sizes=\"(max-width: 530px) 100vw, 530px\" \/>\t\t\t\t\t\t\t\t<\/a>\n\t\t\t\t\t\t\t\t\t\t\t\t\t\t\t<\/div>\n\t\t\t\t<\/div>\n\t\t\t\t\t<\/div>\n\t\t<\/div>\n\t\t\t\t<div class=\"elementor-column elementor-col-50 elementor-top-column elementor-element elementor-element-bc6ba12\" data-id=\"bc6ba12\" data-element_type=\"column\" data-e-type=\"column\">\n\t\t\t<div class=\"elementor-widget-wrap elementor-element-populated\">\n\t\t\t\t\t\t<div class=\"elementor-element elementor-element-206b6c1 elementor-widget elementor-widget-image\" data-id=\"206b6c1\" data-element_type=\"widget\" data-e-type=\"widget\" data-widget_type=\"image.default\">\n\t\t\t\t<div class=\"elementor-widget-container\">\n\t\t\t\t\t\t\t\t\t\t\t\t\t\t\t\t<a href=\"https:\/\/www.aguasyprocesos.com.ar\/pt\/proyectos\/alimenticia\/\">\n\t\t\t\t\t\t\t<img loading=\"lazy\" decoding=\"async\" width=\"530\" height=\"225\" src=\"https:\/\/www.aguasyprocesos.com.ar\/wp-content\/uploads\/2022\/01\/index6.jpg\" class=\"attachment-large size-large wp-image-4721\" alt=\"\" srcset=\"https:\/\/www.aguasyprocesos.com.ar\/wp-content\/uploads\/2022\/01\/index6.jpg 530w, https:\/\/www.aguasyprocesos.com.ar\/wp-content\/uploads\/2022\/01\/index6-300x127.jpg 300w\" sizes=\"(max-width: 530px) 100vw, 530px\" \/>\t\t\t\t\t\t\t\t<\/a>\n\t\t\t\t\t\t\t\t\t\t\t\t\t\t\t<\/div>\n\t\t\t\t<\/div>\n\t\t\t\t\t<\/div>\n\t\t<\/div>\n\t\t\t\t\t<\/div>\n\t\t<\/section>\n\t\t\t\t<section class=\"elementor-section elementor-top-section elementor-element elementor-element-ff65059 elementor-section-boxed elementor-section-height-default elementor-section-height-default\" data-id=\"ff65059\" data-element_type=\"section\" data-e-type=\"section\">\n\t\t\t\t\t\t<div class=\"elementor-container elementor-column-gap-default\">\n\t\t\t\t\t<div class=\"elementor-column elementor-col-100 elementor-top-column elementor-element elementor-element-a57cb0e\" data-id=\"a57cb0e\" data-element_type=\"column\" data-e-type=\"column\" data-settings=\"{&quot;background_background&quot;:&quot;classic&quot;}\">\n\t\t\t<div class=\"elementor-widget-wrap\">\n\t\t\t\t\t\t\t<\/div>\n\t\t<\/div>\n\t\t\t\t\t<\/div>\n\t\t<\/section>\n\t\t\t\t<\/div>","protected":false},"excerpt":{"rendered":"<p>REUSO Trabajamos en el desarrollo de soluciones y productos para el re\u00faso de Efluentes generados por diferentes industrias. Adem\u00e1s construimos y operamos sistemas de Tratamiento de Residuos L\u00edquidos Industriales o Municipales. Dise\u00f1amos y desarrollamos tecnolog\u00eda para el Tratamiento de Efluentes L\u00edquidos generados por las distintas industrias. Consiguiendo a trav\u00e9s de diferentes procesos, agua apta para [&hellip;]<\/p>\n","protected":false},"author":2,"featured_media":0,"parent":1874,"menu_order":0,"comment_status":"closed","ping_status":"closed","template":"","meta":{"footnotes":""},"class_list":["post-2235","page","type-page","status-publish","hentry"],"_links":{"self":[{"href":"https:\/\/www.aguasyprocesos.com.ar\/pt\/wp-json\/wp\/v2\/pages\/2235","targetHints":{"allow":["GET"]}}],"collection":[{"href":"https:\/\/www.aguasyprocesos.com.ar\/pt\/wp-json\/wp\/v2\/pages"}],"about":[{"href":"https:\/\/www.aguasyprocesos.com.ar\/pt\/wp-json\/wp\/v2\/types\/page"}],"author":[{"embeddable":true,"href":"https:\/\/www.aguasyprocesos.com.ar\/pt\/wp-json\/wp\/v2\/users\/2"}],"replies":[{"embeddable":true,"href":"https:\/\/www.aguasyprocesos.com.ar\/pt\/wp-json\/wp\/v2\/comments?post=2235"}],"version-history":[{"count":37,"href":"https:\/\/www.aguasyprocesos.com.ar\/pt\/wp-json\/wp\/v2\/pages\/2235\/revisions"}],"predecessor-version":[{"id":14366,"href":"https:\/\/www.aguasyprocesos.com.ar\/pt\/wp-json\/wp\/v2\/pages\/2235\/revisions\/14366"}],"up":[{"embeddable":true,"href":"https:\/\/www.aguasyprocesos.com.ar\/pt\/wp-json\/wp\/v2\/pages\/1874"}],"wp:attachment":[{"href":"https:\/\/www.aguasyprocesos.com.ar\/pt\/wp-json\/wp\/v2\/media?parent=2235"}],"curies":[{"name":"wp","href":"https:\/\/api.w.org\/{rel}","templated":true}]}}